{"id":47526,"date":"2021-02-21T17:17:19","date_gmt":"2021-02-21T17:17:19","guid":{"rendered":"https:\/\/www.autonvaraosahaku.fi\/?product=trw-gdb1847-jarrupalat"},"modified":"2021-02-21T17:17:21","modified_gmt":"2021-02-21T17:17:21","slug":"trw-gdb1847-jarrupalat","status":"publish","type":"product","link":"https:\/\/www.autonvaraosahaku.fi\/?product=trw-gdb1847-jarrupalat","title":{"rendered":"TRW GDB1847 Jarrupalat"},"content":{"rendered":"<p>Valmistaja rajaus: BOSCH; Pituus (mm): 148,0; Korkeus (mm): 61,2; Paksuus [mm]: 19,0; Lis\u00e4tarvike\/lis\u00e4tieto: Tarvikkeilla; Kulumisenilmaisimen liitos: akustisella kulumavaroittimella; Tarkistuskilpi: E9 90R &#8211; 01107\/2805; M\u00e4\u00e4r\u00e4yksikk\u00f6: Akselisarja; Tuotelinja: COTEC; Asennuspuoli: Vorderachse; CHEVROLET: ORLANDO J309,CRUZE J300,CRUZE Station Wagon J308,CRUZE Schr\u00e4gheck J305,TRAX,VOLT; DAIHATSU: CHARADE; OPEL: ASTRA J Sports Tourer,ASTRA J,ZAFIRA TOURER C P12,MOKKA,ASTRA GTC J,ASTRA J Stufenheck,AMPERA; CADILLAC: ATS; VAUXHALL: ZAFIRA Mk III P12,ASTRA Mk VI J CC,ASTRA Mk VI J,AMPERA,ASTRA Mk VI J Sedan,ASTRA Mk VI J Estate,MOKKA,ASTRAVAN Mk V H; 13301234, 1605135, 22799077, 13301234, 13412810, 1605135, 1605178, 22737859, 22799077, 542115, 9005020, 13301234, 13412810, 1605135, 1605178, 1605263, 22737859, 22799077, 542115, 9005020, 95516193, 13301234, 13412810, 1605135, 1605178, 1605263, 22799077, 542115, 95516193; Jarrupalasarja,Jarrupala, Levyjarru<\/p>\n","protected":false},"excerpt":{"rendered":"<p>TRW Jarrupalat GDB1847 Jarrupalasarja,Jarrupala, Levyjarru CHEVROLET,DAIHATSU,OPEL,ORLANDO J309,CRUZE J300,CRUZE Station Wagon J308<\/p>\n","protected":false},"featured_media":0,"template":"","meta":{"site-sidebar-layout":"default","site-content-layout":"default","ast-global-header-display":"","ast-main-header-display":"","ast-hfb-above-header-display":"","ast-hfb-below-header-display":"","ast-hfb-mobile-header-display":"","site-post-title":"","ast-breadcrumbs-content":"","ast-featured-img":"","footer-sml-layout":"","theme-transparent-header-meta":"","adv-header-id-meta":"","stick-header-meta":"","header-above-stick-meta":"","header-main-stick-meta":"","header-below-stick-meta":""},"pwb-brand":[332],"product_cat":[100],"product_tag":[],"class_list":{"0":"post-47526","1":"product","2":"type-product","3":"status-publish","5":"pwb-brand-trw","6":"product_cat-jarrupalat","7":"desktop-align-left","8":"tablet-align-left","9":"mobile-align-left","11":"first","12":"instock","13":"product-type-external"},"brands":[{"id":332,"name":"TRW","slug":"trw"}],"_links":{"self":[{"href":"https:\/\/www.autonvaraosahaku.fi\/index.php?rest_route=\/wp\/v2\/product\/47526","targetHints":{"allow":["GET"]}}],"collection":[{"href":"https:\/\/www.autonvaraosahaku.fi\/index.php?rest_route=\/wp\/v2\/product"}],"about":[{"href":"https:\/\/www.autonvaraosahaku.fi\/index.php?rest_route=\/wp\/v2\/types\/product"}],"wp:attachment":[{"href":"https:\/\/www.autonvaraosahaku.fi\/index.php?rest_route=%2Fwp%2Fv2%2Fmedia&parent=47526"}],"wp:term":[{"taxonomy":"pwb-brand","embeddable":true,"href":"https:\/\/www.autonvaraosahaku.fi\/index.php?rest_route=%2Fwp%2Fv2%2Fpwb-brand&post=47526"},{"taxonomy":"product_cat","embeddable":true,"href":"https:\/\/www.autonvaraosahaku.fi\/index.php?rest_route=%2Fwp%2Fv2%2Fproduct_cat&post=47526"},{"taxonomy":"product_tag","embeddable":true,"href":"https:\/\/www.autonvaraosahaku.fi\/index.php?rest_route=%2Fwp%2Fv2%2Fproduct_tag&post=47526"}],"curies":[{"name":"wp","href":"https:\/\/api.w.org\/{rel}","templated":true}]}}