{"id":47542,"date":"2021-02-21T17:17:24","date_gmt":"2021-02-21T17:17:24","guid":{"rendered":"https:\/\/www.autonvaraosahaku.fi\/?product=vaico-v60-0286-moottorioljy"},"modified":"2021-02-21T17:17:25","modified_gmt":"2021-02-21T17:17:25","slug":"vaico-v60-0286-moottorioljy","status":"publish","type":"product","link":"https:\/\/www.autonvaraosahaku.fi\/?product=vaico-v60-0286-moottorioljy","title":{"rendered":"VAICO V60-0286 Moottori\u00f6ljy"},"content":{"rendered":"<p>Tilavuus (litra): 5; Pakkaustyyppi: Kanisteri; Erittely: API SN, ILSAC GF-5, ACEA A3, ACEA B3, ACEA B4; Valmistajan hyv\u00e4ksym\u00e4: dexos1; \u00d6ljy: Synteettinen \u00f6ljy; Viskositeettiluokka SAE: 0W-20; MAZDA: CX-5 KE, GH,3 BM,3 Stufenheck BM; NISSAN: MICRA IV K13; SUZUKI: SX4 S-Cross,IGNIS MF,SWIFT V AZ,BALENO FW, EW; MERCEDES-BENZ: S-CLASS W222, V222, X222,C-CLASS T-Model S205,C-CLASS W205,E-CLASS W213,VITO Tourer W447,GLC X253,E-CLASS T-Model S213,C-CLASS Coupe C205,VITO Mixto W447,GLC Coupe C253,C-CLASS Cabriolet A205,E-CLASS Coupe C238,E-CLASS Cabriolet A238,CLS C257,E-CLASS All-Terrain S213; KIA: CEE&#8217;D SW ED,CEE&#8217;D Schr\u00e4gheck ED,PRO CEE&#8217;D ED; LAND ROVER: RANGE ROVER EVOQUE LV,DISCOVERY IV LA,RANGE ROVER SPORT LW,RANGE ROVER IV LG,DISCOVERY SPORT LC,RANGE ROVER EVOQUE Cabriolet LV_,RANGE ROVER VELAR L560,DISCOVERY V LR_; LEXUS: IS II GSE2_, ALE2_, USE2_,RX GYL1_, GGL15, AGL10,CT ZWA1_,IS III GSE3_, AVE3_,LS UVF4_, USF4_,GS GRL1_, GWL1_,IS C GSE2_,LX URJ201,GX URJ15_,NX ZGZ1_, AGZ1_, AYZ1_,RX _L2_,RC GSC1_, USC1_,LS VXFA5_,LC; SUBARU: FORESTER SH,FORESTER SJ,XV,LEGACY V Station Wagon BM, BR,OUTBACK BM, BR,BRZ,LEGACY V BM, BR,IMPREZA Schr\u00e4gheck GP,IMPREZA Stufenheck GJ,OUTBACK BS,LEVORG,IMPREZA Schr\u00e4gheck GT_; JAGUAR: XF _J05_, CC9,XF SPORTBRAKE CC9,XK Coupe QQ6_, _J43_,XK Cabriolet _J43_,XJ X35_, _J12_, _J24_,F-TYPE Cabriolet,XE X760,F-TYPE Coupe,XF X260,F-PACE X761_,XF SPORTBRAKE X260,E-PACE X540; TOYOTA: AYGO WNB1_, KGB1_,AVENSIS Station Wagon ZRT27, ADT27,VERSO _AUR2_, _ZGR2_,YARIS NHP13_, NSP13_, NCP13_, KSP13_, NLP13_,AURIS NZE18_, ZRE18_,AURIS TOURING SPORTS ADE18_, ZWE18_, ZRE18_,IQ KPJ1_, NGJ1_, KGJ1_, NUJ1_,PRIUS ZVW3_,GT 86 Coupe ZN6_,AVENSIS Stufenheck ZRT27, ADT27,RAV 4 IV ZSA4_, ALA4_,PRIUS PLUS ZVW4_,LAND CRUISER 150 KDJ15_, GRJ15_,LAND CRUISER VDJ20_, UZJ20_,COROLLA Stufenheck NRE18_, ZRE17_, ZRE18_, NDE18_,AYGO PAB4_, KGB4_,C-HR _X1_,PRIUS _W5_,PRIUS PHV _W52_; dexos1<\/p>\n","protected":false},"excerpt":{"rendered":"<p>VAICO Moottori\u00f6ljy V60-0286<\/p>\n","protected":false},"featured_media":0,"template":"","meta":{"site-sidebar-layout":"default","site-content-layout":"default","ast-global-header-display":"","ast-main-header-display":"","ast-hfb-above-header-display":"","ast-hfb-below-header-display":"","ast-hfb-mobile-header-display":"","site-post-title":"","ast-breadcrumbs-content":"","ast-featured-img":"","footer-sml-layout":"","theme-transparent-header-meta":"","adv-header-id-meta":"","stick-header-meta":"","header-above-stick-meta":"","header-main-stick-meta":"","header-below-stick-meta":""},"pwb-brand":[330],"product_cat":[129],"product_tag":[],"class_list":{"0":"post-47542","1":"product","2":"type-product","3":"status-publish","5":"pwb-brand-vaico","6":"product_cat-moottorioljy","7":"desktop-align-left","8":"tablet-align-left","9":"mobile-align-left","11":"first","12":"instock","13":"product-type-external"},"brands":[{"id":330,"name":"VAICO","slug":"vaico"}],"_links":{"self":[{"href":"https:\/\/www.autonvaraosahaku.fi\/index.php?rest_route=\/wp\/v2\/product\/47542","targetHints":{"allow":["GET"]}}],"collection":[{"href":"https:\/\/www.autonvaraosahaku.fi\/index.php?rest_route=\/wp\/v2\/product"}],"about":[{"href":"https:\/\/www.autonvaraosahaku.fi\/index.php?rest_route=\/wp\/v2\/types\/product"}],"wp:attachment":[{"href":"https:\/\/www.autonvaraosahaku.fi\/index.php?rest_route=%2Fwp%2Fv2%2Fmedia&parent=47542"}],"wp:term":[{"taxonomy":"pwb-brand","embeddable":true,"href":"https:\/\/www.autonvaraosahaku.fi\/index.php?rest_route=%2Fwp%2Fv2%2Fpwb-brand&post=47542"},{"taxonomy":"product_cat","embeddable":true,"href":"https:\/\/www.autonvaraosahaku.fi\/index.php?rest_route=%2Fwp%2Fv2%2Fproduct_cat&post=47542"},{"taxonomy":"product_tag","embeddable":true,"href":"https:\/\/www.autonvaraosahaku.fi\/index.php?rest_route=%2Fwp%2Fv2%2Fproduct_tag&post=47542"}],"curies":[{"name":"wp","href":"https:\/\/api.w.org\/{rel}","templated":true}]}}