{"id":47553,"date":"2021-02-21T17:17:24","date_gmt":"2021-02-21T17:17:24","guid":{"rendered":"https:\/\/www.autonvaraosahaku.fi\/?product=era-330273-lampokytkin-jaahdyttimen-puhallin"},"modified":"2021-02-21T17:17:28","modified_gmt":"2021-02-21T17:17:28","slug":"era-330273-lampokytkin-jaahdyttimen-puhallin","status":"publish","type":"product","link":"https:\/\/www.autonvaraosahaku.fi\/?product=era-330273-lampokytkin-jaahdyttimen-puhallin","title":{"rendered":"ERA 330273 L\u00e4mp\u00f6kytkin j\u00e4\u00e4hdyttimen puhallin"},"content":{"rendered":"<p>Liitinkierre: M22 x 1,5; Avainv\u00e4li: 29; Liittimi\u00e4: 2; K\u00e4ytt\u00f6l\u00e4mp\u00f6tila alkaen [\u00b0]: 92; Ty\u00f6l\u00e4mp\u00f6tila korkeintaan [\u00b0]: 87; SEAT: MARBELLA 28,IBIZA I 021A; IVECO: DAILY III Pritsche\/Fahrgestell,DAILY III Kasten\/Kombi; LANCIA: Y 840A,LYBRA SW 839BX,DELTA I 831AB0,LYBRA 839AX,THEMA 834,DELTA II 836,DEDRA 835,Y10 156,DEDRA SW 835,THEMA SW 834,PRISMA 831AB0; FIAT: DUCATO Pritsche\/Fahrgestell 230,DUCATO Bus 230,PUNTO 176,DUCATO Kasten 290,DUCATO Pritsche\/Fahrgestell 290,DUCATO Kasten 230L,DUCATO Kasten 280,DUCATO Pritsche\/Fahrgestell 280,CINQUECENTO 170,PANDA 141A_,COUPE FA\/175,STRADA Pick-up 178E,DUCATO Panorama 280,BRAVO I 182,BRAVA 182,PUNTO Cabriolet 176C,MAREA Weekend 185,UNO 146A\/E,DUCATO Panorama 290,PALIO Weekend 178DX,FIORINO Kasten 146,TIPO 160,CROMA 154,PANDA Van 141_,MAREA 185,TALENTO Pritsche\/Fahrgestell 290,TEMPRA 159,RITMO I 138A,PUNTO Van 176L,TEMPRA S.W. 159,FIORINO Pick up 146,TALENTO Bus 290,FIORINO 147,TALENTO Kasten 290,REGATA 138,RITMO Cabriolet,PALIO 178BX,FIORINO 127,SIENA 178_,FIORINO Pick up 147,REGATA Weekend 138,DUNA 146 B,DUNA Weekend 146 B; ALFA ROMEO: 156 Sportwagon 932,156 932,166 936,145 930,155 167,146 930,33 907A,33 905,33 Sportwagon 907B,33 Sportwagon 905A; PEUGEOT: BOXER Kasten 230L,BOXER Bus 230P,BOXER Pritsche\/Fahrgestell ZCT_; AUTOBIANCHI: Y10; INNOCENTI: ELBA 146; 50000969, 500349643, 5992746, 60585603, 60808223, 7728057, 7748867, 82436410, 82465533, 82477919, 126432<\/p>\n","protected":false},"excerpt":{"rendered":"<p>ERA L\u00e4mp\u00f6kytkin J\u00e4\u00e4hdyttimen Puhallin OEM 330273  SEAT,IVECO,LANCIA,MARBELLA 28,IBIZA I 021A,DAILY III Pritsche\/Fahrgestell,DAILY III Kasten\/Kombi<\/p>\n","protected":false},"featured_media":0,"template":"","meta":{"site-sidebar-layout":"default","site-content-layout":"default","ast-global-header-display":"","ast-main-header-display":"","ast-hfb-above-header-display":"","ast-hfb-below-header-display":"","ast-hfb-mobile-header-display":"","site-post-title":"","ast-breadcrumbs-content":"","ast-featured-img":"","footer-sml-layout":"","theme-transparent-header-meta":"","adv-header-id-meta":"","stick-header-meta":"","header-above-stick-meta":"","header-main-stick-meta":"","header-below-stick-meta":""},"pwb-brand":[64],"product_cat":[290],"product_tag":[],"class_list":{"0":"post-47553","1":"product","2":"type-product","3":"status-publish","5":"pwb-brand-era","6":"product_cat-lampokytkin-jaahdyttimen-puhallin","7":"desktop-align-left","8":"tablet-align-left","9":"mobile-align-left","11":"first","12":"instock","13":"product-type-external"},"brands":[{"id":64,"name":"ERA","slug":"era"}],"_links":{"self":[{"href":"https:\/\/www.autonvaraosahaku.fi\/index.php?rest_route=\/wp\/v2\/product\/47553","targetHints":{"allow":["GET"]}}],"collection":[{"href":"https:\/\/www.autonvaraosahaku.fi\/index.php?rest_route=\/wp\/v2\/product"}],"about":[{"href":"https:\/\/www.autonvaraosahaku.fi\/index.php?rest_route=\/wp\/v2\/types\/product"}],"wp:attachment":[{"href":"https:\/\/www.autonvaraosahaku.fi\/index.php?rest_route=%2Fwp%2Fv2%2Fmedia&parent=47553"}],"wp:term":[{"taxonomy":"pwb-brand","embeddable":true,"href":"https:\/\/www.autonvaraosahaku.fi\/index.php?rest_route=%2Fwp%2Fv2%2Fpwb-brand&post=47553"},{"taxonomy":"product_cat","embeddable":true,"href":"https:\/\/www.autonvaraosahaku.fi\/index.php?rest_route=%2Fwp%2Fv2%2Fproduct_cat&post=47553"},{"taxonomy":"product_tag","embeddable":true,"href":"https:\/\/www.autonvaraosahaku.fi\/index.php?rest_route=%2Fwp%2Fv2%2Fproduct_tag&post=47553"}],"curies":[{"name":"wp","href":"https:\/\/api.w.org\/{rel}","templated":true}]}}