{"id":47556,"date":"2021-02-21T17:17:24","date_gmt":"2021-02-21T17:17:24","guid":{"rendered":"https:\/\/www.autonvaraosahaku.fi\/?product=vaico-v24-0379-pakoputken-asennussarja"},"modified":"2021-02-21T17:17:28","modified_gmt":"2021-02-21T17:17:28","slug":"vaico-v24-0379-pakoputken-asennussarja","status":"publish","type":"product","link":"https:\/\/www.autonvaraosahaku.fi\/?product=vaico-v24-0379-pakoputken-asennussarja","title":{"rendered":"VAICO V24-0379 Pakoputken asennussarja"},"content":{"rendered":"<p>Sis\u00e4l\u00e4pimitta [mm]: 14,5, 9; Ulkol\u00e4pimitta [mm]: 65; Leveys (mm): 29; Paino [kg]: 0,068; Pakkausleveys [cm]: 6,4; Pakkauskorkeus [mm]: 3,65; Pakkaussyvyys [cm]: 6,4; lis\u00e4tieto: CST99; Asennuspuoli: Endschalld\u00e4mpfer; LANCIA: PHEDRA 179,ZETA 220; FIAT: ULYSSE 179AX,ULYSSE 220,SCUDO Kasten 220L,SCUDO Combinato 220P; CITRO\u00cbN: C8 EA_, EB_,XANTIA X1,EVASION 22, U6,JUMPY U6U,JUMPY Kasten BS_, BT_, BY_, BZ_; PEUGEOT: 206 Schr\u00e4gheck 2A\/C,206 CC 2D,206 SW 2E\/K,807 E,206+ T3E,607 9D, 9U,406 Break 8E\/F,406 Coupe 8C,406 8B,806 221,EXPERT Kasten 222,EXPERT 224,EXPERT Pritsche\/Fahrgestell 223; RENAULT: ESPACE III JE0_; 175562, 1474690080, 1474690080, 175562<\/p>\n","protected":false},"excerpt":{"rendered":"<p>VAICO Kiinnitin, \u00c4\u00e4nenvaimentaja V24-0379  LANCIA,FIAT,CITRO\u00cbN,PHEDRA 179,ZETA 220,ULYSSE 179AX,ULYSSE 220,SCUDO Kasten 220L,SCUDO Combinato 220P<\/p>\n","protected":false},"featured_media":0,"template":"","meta":{"site-sidebar-layout":"default","site-content-layout":"default","ast-global-header-display":"","ast-main-header-display":"","ast-hfb-above-header-display":"","ast-hfb-below-header-display":"","ast-hfb-mobile-header-display":"","site-post-title":"","ast-breadcrumbs-content":"","ast-featured-img":"","footer-sml-layout":"","theme-transparent-header-meta":"","adv-header-id-meta":"","stick-header-meta":"","header-above-stick-meta":"","header-main-stick-meta":"","header-below-stick-meta":""},"pwb-brand":[330],"product_cat":[101],"product_tag":[],"class_list":{"0":"post-47556","1":"product","2":"type-product","3":"status-publish","5":"pwb-brand-vaico","6":"product_cat-pakoputken-asennussarja","7":"desktop-align-left","8":"tablet-align-left","9":"mobile-align-left","11":"first","12":"instock","13":"product-type-external"},"brands":[{"id":330,"name":"VAICO","slug":"vaico"}],"_links":{"self":[{"href":"https:\/\/www.autonvaraosahaku.fi\/index.php?rest_route=\/wp\/v2\/product\/47556","targetHints":{"allow":["GET"]}}],"collection":[{"href":"https:\/\/www.autonvaraosahaku.fi\/index.php?rest_route=\/wp\/v2\/product"}],"about":[{"href":"https:\/\/www.autonvaraosahaku.fi\/index.php?rest_route=\/wp\/v2\/types\/product"}],"wp:attachment":[{"href":"https:\/\/www.autonvaraosahaku.fi\/index.php?rest_route=%2Fwp%2Fv2%2Fmedia&parent=47556"}],"wp:term":[{"taxonomy":"pwb-brand","embeddable":true,"href":"https:\/\/www.autonvaraosahaku.fi\/index.php?rest_route=%2Fwp%2Fv2%2Fpwb-brand&post=47556"},{"taxonomy":"product_cat","embeddable":true,"href":"https:\/\/www.autonvaraosahaku.fi\/index.php?rest_route=%2Fwp%2Fv2%2Fproduct_cat&post=47556"},{"taxonomy":"product_tag","embeddable":true,"href":"https:\/\/www.autonvaraosahaku.fi\/index.php?rest_route=%2Fwp%2Fv2%2Fproduct_tag&post=47556"}],"curies":[{"name":"wp","href":"https:\/\/api.w.org\/{rel}","templated":true}]}}