{"id":47575,"date":"2021-02-21T17:17:30","date_gmt":"2021-02-21T17:17:30","guid":{"rendered":"https:\/\/www.autonvaraosahaku.fi\/?product=valeo-786033-kytkinpaketti"},"modified":"2021-02-21T17:17:34","modified_gmt":"2021-02-21T17:17:34","slug":"valeo-786033-kytkinpaketti","status":"publish","type":"product","link":"https:\/\/www.autonvaraosahaku.fi\/?product=valeo-786033-kytkinpaketti","title":{"rendered":"VALEO 786033 Kytkinpaketti"},"content":{"rendered":"<p>Uusi osa: ; Lis\u00e4tarvike\/lis\u00e4tieto: Painelevyll\u00e4; Ulkol\u00e4pimitta [mm]: 182; Versio: CPO; Ty\u00f6nt\u00f6voima [N]: 3300; Korvaava tuote\/korvaava tiedote 2: Kytkinlevyll\u00e4, irroitinlaakerilla; Ulkol\u00e4pimitta 1 [mm]: 182; Hammasluku: 26; K\u00e4ytt\u00f6tapa: Painekytkin; Paino [kg]: 3,45; Tuotelinja: CLASSIC KIT3P; Moottorinumero: C1C.7.00; RENAULT: CLIO I B\/C57_, 5\/357_,19 II B\/C53_,SUPER 5 B\/C40_,RAPID Kasten F40_, G40_,19 I B\/C53_,9 L42_,19 II Chamade L53_,11 B\/C37_,21 Stufenheck L48_,19 I Chamade L53_,CLIO I Kasten S57_,11 Kasten S37_,21 B48_,19 II Kasten S53_,19 I Kasten S53_,EXPRESS Pick-up,SUPER 5 Kasten S40_; 7701349884, 7701349909, 7701465179, 7711130002, 7711134044; Kytkinsarja<\/p>\n","protected":false},"excerpt":{"rendered":"<p>VALEO Kytkinpaketti 786033 Kytkinsarja RENAULT,CLIO I B\/C57_, 5\/357_,19 II B\/C53_,SUPER 5 B\/C40_,RAPID Kasten F40_, G40_,19 I B\/C53_,9 L42_<\/p>\n","protected":false},"featured_media":0,"template":"","meta":{"site-sidebar-layout":"default","site-content-layout":"default","ast-global-header-display":"","ast-main-header-display":"","ast-hfb-above-header-display":"","ast-hfb-below-header-display":"","ast-hfb-mobile-header-display":"","site-post-title":"","ast-breadcrumbs-content":"","ast-featured-img":"","footer-sml-layout":"","theme-transparent-header-meta":"","adv-header-id-meta":"","stick-header-meta":"","header-above-stick-meta":"","header-main-stick-meta":"","header-below-stick-meta":""},"pwb-brand":[28],"product_cat":[21],"product_tag":[],"class_list":{"0":"post-47575","1":"product","2":"type-product","3":"status-publish","5":"pwb-brand-valeo","6":"product_cat-kytkinpaketti","7":"desktop-align-left","8":"tablet-align-left","9":"mobile-align-left","11":"first","12":"instock","13":"product-type-external"},"brands":[{"id":28,"name":"VALEO","slug":"valeo"}],"_links":{"self":[{"href":"https:\/\/www.autonvaraosahaku.fi\/index.php?rest_route=\/wp\/v2\/product\/47575","targetHints":{"allow":["GET"]}}],"collection":[{"href":"https:\/\/www.autonvaraosahaku.fi\/index.php?rest_route=\/wp\/v2\/product"}],"about":[{"href":"https:\/\/www.autonvaraosahaku.fi\/index.php?rest_route=\/wp\/v2\/types\/product"}],"wp:attachment":[{"href":"https:\/\/www.autonvaraosahaku.fi\/index.php?rest_route=%2Fwp%2Fv2%2Fmedia&parent=47575"}],"wp:term":[{"taxonomy":"pwb-brand","embeddable":true,"href":"https:\/\/www.autonvaraosahaku.fi\/index.php?rest_route=%2Fwp%2Fv2%2Fpwb-brand&post=47575"},{"taxonomy":"product_cat","embeddable":true,"href":"https:\/\/www.autonvaraosahaku.fi\/index.php?rest_route=%2Fwp%2Fv2%2Fproduct_cat&post=47575"},{"taxonomy":"product_tag","embeddable":true,"href":"https:\/\/www.autonvaraosahaku.fi\/index.php?rest_route=%2Fwp%2Fv2%2Fproduct_tag&post=47575"}],"curies":[{"name":"wp","href":"https:\/\/api.w.org\/{rel}","templated":true}]}}