{"id":47581,"date":"2021-02-21T17:17:35","date_gmt":"2021-02-21T17:17:35","guid":{"rendered":"https:\/\/www.autonvaraosahaku.fi\/?product=autofren-seinsa-d025279-jarrusatula-korjaussarja"},"modified":"2021-02-21T17:17:36","modified_gmt":"2021-02-21T17:17:36","slug":"autofren-seinsa-d025279-jarrusatula-korjaussarja","status":"publish","type":"product","link":"https:\/\/www.autonvaraosahaku.fi\/?product=autofren-seinsa-d025279-jarrusatula-korjaussarja","title":{"rendered":"AUTOFREN SEINSA D025279 Jarrusatula korjaussarja"},"content":{"rendered":"<p>L\u00e4pimitta [mm]: 43; Korkeus (mm): 48; Jarruj\u00e4rjestelm\u00e4: TOK; Materiaali: Ter\u00e4s; Asennuspuoli: Vorderachse; AUDI: A3 8P1; MAZDA: CX-7 ER,B-SERIE UN,BT-50 CD, UN,CX-9 TB,BT-50 Pritsche\/Fahrgestell CD, UN; NISSAN: PICK UP D22,PICK UP D21,MAXIMA QX A33,TERRANO I WD21,NP300,VANETTE Bus C22,NAVARA Pritsche\/Fahrgestell D22,VANETTE Kasten C22,URVAN Bus E24,URVAN Kasten E24,PATHFINDER,MAXIMA Station Wagon; LEXUS: IS II GSE2_, ALE2_, USE2_,IS C GSE2_; SUBARU: FORESTER SG,FORESTER SH,IMPREZA Stufenheck GD,LEGACY IV Station Wagon BL, BP, B13_,IMPREZA Schr\u00e4gheck GR, GH, G3,FORESTER SJ,OUTBACK BL, BP,IMPREZA Station Wagon GG,XV,LEGACY IV BL, BP,LEGACY V Station Wagon BM, BR,OUTBACK BM, BR,TRIBECA B9,IMPREZA Stufenheck GR,LEGACY V BM, BR,IMPREZA Schr\u00e4gheck GP,WRX Stufenheck GJ,IMPREZA Stufenheck GJ,OUTBACK BS,LEVORG; TOYOTA: PRIUS PLUS ZVW4_; FORD: RANGER ES, ET,RANGER ER, EQ; MITSUBISHI: L 200 K7_T, K6_T; 4112157G00, 26236PA010; M\u00e4nt\u00e4, Jarrusatula<\/p>\n","protected":false},"excerpt":{"rendered":"<p>AUTOFREN SEINSA Jarrusatulan M\u00e4nt\u00e4 D025279 M\u00e4nt\u00e4, Jarrusatula AUDI,MAZDA,NISSAN,A3 8P1,CX-7 ER,B-SERIE UN,BT-50 CD, UN,CX-9 TB<\/p>\n","protected":false},"featured_media":0,"template":"","meta":{"site-sidebar-layout":"default","site-content-layout":"default","ast-global-header-display":"","ast-main-header-display":"","ast-hfb-above-header-display":"","ast-hfb-below-header-display":"","ast-hfb-mobile-header-display":"","site-post-title":"","ast-breadcrumbs-content":"","ast-featured-img":"","footer-sml-layout":"","theme-transparent-header-meta":"","adv-header-id-meta":"","stick-header-meta":"","header-above-stick-meta":"","header-main-stick-meta":"","header-below-stick-meta":""},"pwb-brand":[243],"product_cat":[57],"product_tag":[],"class_list":{"0":"post-47581","1":"product","2":"type-product","3":"status-publish","5":"pwb-brand-autofren-seinsa","6":"product_cat-jarrusatula-korjaussarja","7":"desktop-align-left","8":"tablet-align-left","9":"mobile-align-left","11":"first","12":"instock","13":"product-type-external"},"brands":[{"id":243,"name":"AUTOFREN SEINSA","slug":"autofren-seinsa"}],"_links":{"self":[{"href":"https:\/\/www.autonvaraosahaku.fi\/index.php?rest_route=\/wp\/v2\/product\/47581","targetHints":{"allow":["GET"]}}],"collection":[{"href":"https:\/\/www.autonvaraosahaku.fi\/index.php?rest_route=\/wp\/v2\/product"}],"about":[{"href":"https:\/\/www.autonvaraosahaku.fi\/index.php?rest_route=\/wp\/v2\/types\/product"}],"wp:attachment":[{"href":"https:\/\/www.autonvaraosahaku.fi\/index.php?rest_route=%2Fwp%2Fv2%2Fmedia&parent=47581"}],"wp:term":[{"taxonomy":"pwb-brand","embeddable":true,"href":"https:\/\/www.autonvaraosahaku.fi\/index.php?rest_route=%2Fwp%2Fv2%2Fpwb-brand&post=47581"},{"taxonomy":"product_cat","embeddable":true,"href":"https:\/\/www.autonvaraosahaku.fi\/index.php?rest_route=%2Fwp%2Fv2%2Fproduct_cat&post=47581"},{"taxonomy":"product_tag","embeddable":true,"href":"https:\/\/www.autonvaraosahaku.fi\/index.php?rest_route=%2Fwp%2Fv2%2Fproduct_tag&post=47581"}],"curies":[{"name":"wp","href":"https:\/\/api.w.org\/{rel}","templated":true}]}}