{"id":47592,"date":"2021-02-21T17:17:35","date_gmt":"2021-02-21T17:17:35","guid":{"rendered":"https:\/\/www.autonvaraosahaku.fi\/?product=ridex-70b0100-jarrukengat"},"modified":"2021-02-21T17:17:38","modified_gmt":"2021-02-21T17:17:38","slug":"ridex-70b0100-jarrukengat","status":"publish","type":"product","link":"https:\/\/www.autonvaraosahaku.fi\/?product=ridex-70b0100-jarrukengat","title":{"rendered":"RIDEX 70B0100 Jarrukeng\u00e4t"},"content":{"rendered":"<p>Asennuspuoli: Taka-akseli; L\u00e4pimitta [mm]: 180; Leveys (mm): 32; Jarruj\u00e4rjestelm\u00e4: Bosch; Lis\u00e4tarvike\/lis\u00e4tieto: Vivulla; Paino [kg]: 1,125; Valmistaja rajaus: BOSCH; PEUGEOT: 206 Schr\u00e4gheck 2A\/C,206 SW 2E\/K,206+ T3E,206 Stufenheck,206 Van; 4241K5, 4241N1; Jarrukenk\u00e4sarja<\/p>\n","protected":false},"excerpt":{"rendered":"<p>RIDEX Jarrukeng\u00e4t 70B0100 Jarrukenk\u00e4sarja PEUGEOT,206 Schr\u00e4gheck 2A\/C,206 SW 2E\/K,206+ T3E,206 Stufenheck,206 Van<\/p>\n","protected":false},"featured_media":0,"template":"","meta":{"site-sidebar-layout":"default","site-content-layout":"default","ast-global-header-display":"","ast-main-header-display":"","ast-hfb-above-header-display":"","ast-hfb-below-header-display":"","ast-hfb-mobile-header-display":"","site-post-title":"","ast-breadcrumbs-content":"","ast-featured-img":"","footer-sml-layout":"","theme-transparent-header-meta":"","adv-header-id-meta":"","stick-header-meta":"","header-above-stick-meta":"","header-main-stick-meta":"","header-below-stick-meta":""},"pwb-brand":[157],"product_cat":[176],"product_tag":[],"class_list":{"0":"post-47592","1":"product","2":"type-product","3":"status-publish","5":"pwb-brand-ridex","6":"product_cat-jarrukengat","7":"desktop-align-left","8":"tablet-align-left","9":"mobile-align-left","11":"first","12":"instock","13":"product-type-external"},"brands":[{"id":157,"name":"RIDEX","slug":"ridex"}],"_links":{"self":[{"href":"https:\/\/www.autonvaraosahaku.fi\/index.php?rest_route=\/wp\/v2\/product\/47592","targetHints":{"allow":["GET"]}}],"collection":[{"href":"https:\/\/www.autonvaraosahaku.fi\/index.php?rest_route=\/wp\/v2\/product"}],"about":[{"href":"https:\/\/www.autonvaraosahaku.fi\/index.php?rest_route=\/wp\/v2\/types\/product"}],"wp:attachment":[{"href":"https:\/\/www.autonvaraosahaku.fi\/index.php?rest_route=%2Fwp%2Fv2%2Fmedia&parent=47592"}],"wp:term":[{"taxonomy":"pwb-brand","embeddable":true,"href":"https:\/\/www.autonvaraosahaku.fi\/index.php?rest_route=%2Fwp%2Fv2%2Fpwb-brand&post=47592"},{"taxonomy":"product_cat","embeddable":true,"href":"https:\/\/www.autonvaraosahaku.fi\/index.php?rest_route=%2Fwp%2Fv2%2Fproduct_cat&post=47592"},{"taxonomy":"product_tag","embeddable":true,"href":"https:\/\/www.autonvaraosahaku.fi\/index.php?rest_route=%2Fwp%2Fv2%2Fproduct_tag&post=47592"}],"curies":[{"name":"wp","href":"https:\/\/api.w.org\/{rel}","templated":true}]}}