{"id":47594,"date":"2021-02-21T17:17:35","date_gmt":"2021-02-21T17:17:35","guid":{"rendered":"https:\/\/www.autonvaraosahaku.fi\/?product=ridex-1502a0005-muut-luokat"},"modified":"2021-02-21T17:17:39","modified_gmt":"2021-02-21T17:17:39","slug":"ridex-1502a0005-muut-luokat","status":"publish","type":"product","link":"https:\/\/www.autonvaraosahaku.fi\/?product=ridex-1502a0005-muut-luokat","title":{"rendered":"RIDEX 1502A0005 Muut luokat"},"content":{"rendered":"<p>Jarruj\u00e4rjestelm\u00e4: ATE; Rumpul\u00e4pimitta: 230X32; Asennuspuoli: Hinterachse; VW: PASSAT Variant 3A5, 35I,PASSAT 3A2, 35I,CADDY II Kasten 9K9A,BEETLE 5C1,JETTA IV 162, 163,CADDY II Kombi 9K9B,CADDY II Pick-up 9U7; AUDI: 80 8C, B4,100 4A, C4,80 Avant 8C, B4,100 44, 44Q, C3,100 Avant 4A, C4,100 Avant 44, 44Q, C3,100 43, C2,100 Avant 43, C2; SKODA: OCTAVIA Combi 1U5,ROOMSTER 5J,OCTAVIA 1U2,ROOMSTER Praktik 5J; SEAT: INCA 6K9; Tarvikesarja K\u00e4sijarru<\/p>\n","protected":false},"excerpt":{"rendered":"<p>RIDEX Tarvikesarja Jarrukeng\u00e4t 1502A0005 Tarvikesarja K\u00e4sijarru VW,AUDI,SKODA,PASSAT Variant 3A5, 35I,PASSAT 3A2, 35I,CADDY II Kasten 9K9A,BEETLE 5C1<\/p>\n","protected":false},"featured_media":0,"template":"","meta":{"site-sidebar-layout":"default","site-content-layout":"default","ast-global-header-display":"","ast-main-header-display":"","ast-hfb-above-header-display":"","ast-hfb-below-header-display":"","ast-hfb-mobile-header-display":"","site-post-title":"","ast-breadcrumbs-content":"","ast-featured-img":"","footer-sml-layout":"","theme-transparent-header-meta":"","adv-header-id-meta":"","stick-header-meta":"","header-above-stick-meta":"","header-main-stick-meta":"","header-below-stick-meta":""},"pwb-brand":[157],"product_cat":[37],"product_tag":[],"class_list":{"0":"post-47594","1":"product","2":"type-product","3":"status-publish","5":"pwb-brand-ridex","6":"product_cat-muut-luokat","7":"desktop-align-left","8":"tablet-align-left","9":"mobile-align-left","11":"first","12":"instock","13":"product-type-external"},"brands":[{"id":157,"name":"RIDEX","slug":"ridex"}],"_links":{"self":[{"href":"https:\/\/www.autonvaraosahaku.fi\/index.php?rest_route=\/wp\/v2\/product\/47594","targetHints":{"allow":["GET"]}}],"collection":[{"href":"https:\/\/www.autonvaraosahaku.fi\/index.php?rest_route=\/wp\/v2\/product"}],"about":[{"href":"https:\/\/www.autonvaraosahaku.fi\/index.php?rest_route=\/wp\/v2\/types\/product"}],"wp:attachment":[{"href":"https:\/\/www.autonvaraosahaku.fi\/index.php?rest_route=%2Fwp%2Fv2%2Fmedia&parent=47594"}],"wp:term":[{"taxonomy":"pwb-brand","embeddable":true,"href":"https:\/\/www.autonvaraosahaku.fi\/index.php?rest_route=%2Fwp%2Fv2%2Fpwb-brand&post=47594"},{"taxonomy":"product_cat","embeddable":true,"href":"https:\/\/www.autonvaraosahaku.fi\/index.php?rest_route=%2Fwp%2Fv2%2Fproduct_cat&post=47594"},{"taxonomy":"product_tag","embeddable":true,"href":"https:\/\/www.autonvaraosahaku.fi\/index.php?rest_route=%2Fwp%2Fv2%2Fproduct_tag&post=47594"}],"curies":[{"name":"wp","href":"https:\/\/api.w.org\/{rel}","templated":true}]}}