{"id":47613,"date":"2021-02-21T17:17:41","date_gmt":"2021-02-21T17:17:41","guid":{"rendered":"https:\/\/www.autonvaraosahaku.fi\/?product=ridex-402b0117-jarrupalat"},"modified":"2021-02-21T17:17:44","modified_gmt":"2021-02-21T17:17:44","slug":"ridex-402b0117-jarrupalat","status":"publish","type":"product","link":"https:\/\/www.autonvaraosahaku.fi\/?product=ridex-402b0117-jarrupalat","title":{"rendered":"RIDEX 402B0117 Jarrupalat"},"content":{"rendered":"<p>Leveys 1 (mm): 104,5; Korkeus 1 (mm): 67; Paksuus 1 [mm]: 17,0; Jarruj\u00e4rjestelm\u00e4: LUCAS\/TRW; Kulumisenilmaisimen liitos: Kulumisenilmaisemelle; Paino [kg]: 1,08; M\u00e4\u00e4r\u00e4yksikk\u00f6: Akselisarja; Asennuspuoli: Etuakseli, Vorderachse; LANCIA: Y 840A,DELTA I 831AB0,THEMA 834,DELTA II 836,DEDRA 835,Y10 156,DEDRA SW 835,PRISMA 831AB0; FIAT: SEICENTO 187,BARCHETTA 183,PUNTO 176,PANDA 141A_,PUNTO Cabriolet 176C,UNO 146A\/E,SEICENTO Van 187,TIPO 160,PANDA Van 141_,TEMPRA 159,RITMO I 138A,PUNTO Van 176L,TEMPRA S.W. 159,REGATA 138,ARGENTA 132A,RITMO Cabriolet,PALIO 178BX,REGATA Weekend 138; ALFA ROMEO: SPIDER 916S_,145 930,155 167,146 930; AUTOBIANCHI: Y10; 0060810239, 5889089, 5892730, 5892733, 5892735, 60777600, 60810239, 60810329, 71752994, 71770948, 71772524, 793184, 793460, 794962, 793355, 793470, 4434879, 5888147, 5889089, 5892481, 5892549, 5892608, 5892727, 5892728, 5892732, 5892733, 5892734, 5892735, 5892738, 5951681, 5983918, 71748385, 71770948, 71772524, 77362268, 791449, 791939, 792486, 792487, 792489, 792588, 793220, 793323, 793330, 793357, 793382, 793385, 793470, 794091, 794858, 794870, 794963, 795121, 793470, 0000792698, 0005892601, 0005892608, 0005983950, 5889089, 5892608, 5892728, 5892732, 5892733, 5892734, 5892735, 5951681, 5983913, 5983919, 71748385, 739271, 77362309, 792488, 793211, 793271, 7933271, 793355, 793470, 794091, 794858, 9947482; Jarrupalasarja,Jarrupala, Levyjarru<\/p>\n","protected":false},"excerpt":{"rendered":"<p>RIDEX Jarrupalat 402B0117 Jarrupalasarja,Jarrupala, Levyjarru LANCIA,FIAT,ALFA ROMEO,Y 840A,DELTA I 831AB0,THEMA 834,DELTA II 836,DEDRA 835,Y10 156<\/p>\n","protected":false},"featured_media":0,"template":"","meta":{"site-sidebar-layout":"default","site-content-layout":"default","ast-global-header-display":"","ast-main-header-display":"","ast-hfb-above-header-display":"","ast-hfb-below-header-display":"","ast-hfb-mobile-header-display":"","site-post-title":"","ast-breadcrumbs-content":"","ast-featured-img":"","footer-sml-layout":"","theme-transparent-header-meta":"","adv-header-id-meta":"","stick-header-meta":"","header-above-stick-meta":"","header-main-stick-meta":"","header-below-stick-meta":""},"pwb-brand":[157],"product_cat":[100],"product_tag":[],"class_list":{"0":"post-47613","1":"product","2":"type-product","3":"status-publish","5":"pwb-brand-ridex","6":"product_cat-jarrupalat","7":"desktop-align-left","8":"tablet-align-left","9":"mobile-align-left","11":"first","12":"instock","13":"product-type-external"},"brands":[{"id":157,"name":"RIDEX","slug":"ridex"}],"_links":{"self":[{"href":"https:\/\/www.autonvaraosahaku.fi\/index.php?rest_route=\/wp\/v2\/product\/47613","targetHints":{"allow":["GET"]}}],"collection":[{"href":"https:\/\/www.autonvaraosahaku.fi\/index.php?rest_route=\/wp\/v2\/product"}],"about":[{"href":"https:\/\/www.autonvaraosahaku.fi\/index.php?rest_route=\/wp\/v2\/types\/product"}],"wp:attachment":[{"href":"https:\/\/www.autonvaraosahaku.fi\/index.php?rest_route=%2Fwp%2Fv2%2Fmedia&parent=47613"}],"wp:term":[{"taxonomy":"pwb-brand","embeddable":true,"href":"https:\/\/www.autonvaraosahaku.fi\/index.php?rest_route=%2Fwp%2Fv2%2Fpwb-brand&post=47613"},{"taxonomy":"product_cat","embeddable":true,"href":"https:\/\/www.autonvaraosahaku.fi\/index.php?rest_route=%2Fwp%2Fv2%2Fproduct_cat&post=47613"},{"taxonomy":"product_tag","embeddable":true,"href":"https:\/\/www.autonvaraosahaku.fi\/index.php?rest_route=%2Fwp%2Fv2%2Fproduct_tag&post=47613"}],"curies":[{"name":"wp","href":"https:\/\/api.w.org\/{rel}","templated":true}]}}