{"id":47614,"date":"2021-02-21T17:17:41","date_gmt":"2021-02-21T17:17:41","guid":{"rendered":"https:\/\/www.autonvaraosahaku.fi\/?product=ridex-514g0043-konepellin-kaasujousi"},"modified":"2021-02-21T17:17:44","modified_gmt":"2021-02-21T17:17:44","slug":"ridex-514g0043-konepellin-kaasujousi","status":"publish","type":"product","link":"https:\/\/www.autonvaraosahaku.fi\/?product=ridex-514g0043-konepellin-kaasujousi","title":{"rendered":"RIDEX 514G0043 Konepellin kaasujousi"},"content":{"rendered":"<p>M\u00e4\u00e4r\u00e4: 1; Pituus (mm): 333; Kotelon pituus [mm]: 170,5; Kiinnityspisteiden l\u00e4pimitta [mm]: 16,5; Kopan l\u00e4pimitta (mm): 19; M\u00e4nn\u00e4nvarren l\u00e4pimitta [mm]: 8; Ty\u00f6nt\u00f6voima [N]: 680; Asennuspuoli: Molemminpuolin; Isku (mm): 100; Paino [kg]: 0,198; Valmistusvuoteen: 09\/1998; BMW: 5 E39,5 Touring E39; 51238174866; Kaasujousi, Konepelti<\/p>\n","protected":false},"excerpt":{"rendered":"<p>RIDEX Konepellin Kaasujousi 514G0043 Kaasujousi, Konepelti BMW,5 E39,5 Touring E39<\/p>\n","protected":false},"featured_media":0,"template":"","meta":{"site-sidebar-layout":"default","site-content-layout":"default","ast-global-header-display":"","ast-main-header-display":"","ast-hfb-above-header-display":"","ast-hfb-below-header-display":"","ast-hfb-mobile-header-display":"","site-post-title":"","ast-breadcrumbs-content":"","ast-featured-img":"","footer-sml-layout":"","theme-transparent-header-meta":"","adv-header-id-meta":"","stick-header-meta":"","header-above-stick-meta":"","header-main-stick-meta":"","header-below-stick-meta":""},"pwb-brand":[157],"product_cat":[194],"product_tag":[],"class_list":{"0":"post-47614","1":"product","2":"type-product","3":"status-publish","5":"pwb-brand-ridex","6":"product_cat-konepellin-kaasujousi","7":"desktop-align-left","8":"tablet-align-left","9":"mobile-align-left","11":"first","12":"instock","13":"product-type-external"},"brands":[{"id":157,"name":"RIDEX","slug":"ridex"}],"_links":{"self":[{"href":"https:\/\/www.autonvaraosahaku.fi\/index.php?rest_route=\/wp\/v2\/product\/47614","targetHints":{"allow":["GET"]}}],"collection":[{"href":"https:\/\/www.autonvaraosahaku.fi\/index.php?rest_route=\/wp\/v2\/product"}],"about":[{"href":"https:\/\/www.autonvaraosahaku.fi\/index.php?rest_route=\/wp\/v2\/types\/product"}],"wp:attachment":[{"href":"https:\/\/www.autonvaraosahaku.fi\/index.php?rest_route=%2Fwp%2Fv2%2Fmedia&parent=47614"}],"wp:term":[{"taxonomy":"pwb-brand","embeddable":true,"href":"https:\/\/www.autonvaraosahaku.fi\/index.php?rest_route=%2Fwp%2Fv2%2Fpwb-brand&post=47614"},{"taxonomy":"product_cat","embeddable":true,"href":"https:\/\/www.autonvaraosahaku.fi\/index.php?rest_route=%2Fwp%2Fv2%2Fproduct_cat&post=47614"},{"taxonomy":"product_tag","embeddable":true,"href":"https:\/\/www.autonvaraosahaku.fi\/index.php?rest_route=%2Fwp%2Fv2%2Fproduct_tag&post=47614"}],"curies":[{"name":"wp","href":"https:\/\/api.w.org\/{rel}","templated":true}]}}