{"id":47615,"date":"2021-02-21T17:17:41","date_gmt":"2021-02-21T17:17:41","guid":{"rendered":"https:\/\/www.autonvaraosahaku.fi\/?product=ridex-402b0320-jarrupalat"},"modified":"2021-02-21T17:17:45","modified_gmt":"2021-02-21T17:17:45","slug":"ridex-402b0320-jarrupalat","status":"publish","type":"product","link":"https:\/\/www.autonvaraosahaku.fi\/?product=ridex-402b0320-jarrupalat","title":{"rendered":"RIDEX 402B0320 Jarrupalat"},"content":{"rendered":"<p>Leveys 1 (mm): 171,1; Leveys 2 (mm): 170,1; Korkeus (mm): 76,8; Paksuus [mm]: 19,7; Kulumisenilmaisimen liitos: Kulumisenilmaisemelle; Jarruj\u00e4rjestelm\u00e4: Teves; WVA-numero: 24170; M\u00e4\u00e4r\u00e4yksikk\u00f6: Akselisarja; Korvaava tuote\/korvaava tiedote 2: M\u00e4nn\u00e4n lukoilla; Asennuspuoli: Etuakseli, Vorderachse; BMW: X5 E70,X6 E71, E72,X5 F15, F85,X4 F26,X6 F16, F86; 34114074370, 34116778403, 34116779293, 34116852253, 34116857096, 34116877653, 4074370, 6778403, 6779293, 6852253; Jarrupalasarja,Jarrupala, Levyjarru<\/p>\n","protected":false},"excerpt":{"rendered":"<p>RIDEX Jarrupalat 402B0320 Jarrupalasarja,Jarrupala, Levyjarru BMW,X5 E70,X6 E71, E72,X5 F15, F85,X4 F26,X6 F16, F86<\/p>\n","protected":false},"featured_media":0,"template":"","meta":{"site-sidebar-layout":"default","site-content-layout":"default","ast-global-header-display":"","ast-main-header-display":"","ast-hfb-above-header-display":"","ast-hfb-below-header-display":"","ast-hfb-mobile-header-display":"","site-post-title":"","ast-breadcrumbs-content":"","ast-featured-img":"","footer-sml-layout":"","theme-transparent-header-meta":"","adv-header-id-meta":"","stick-header-meta":"","header-above-stick-meta":"","header-main-stick-meta":"","header-below-stick-meta":""},"pwb-brand":[157],"product_cat":[100],"product_tag":[],"class_list":{"0":"post-47615","1":"product","2":"type-product","3":"status-publish","5":"pwb-brand-ridex","6":"product_cat-jarrupalat","7":"desktop-align-left","8":"tablet-align-left","9":"mobile-align-left","11":"first","12":"instock","13":"product-type-external"},"brands":[{"id":157,"name":"RIDEX","slug":"ridex"}],"_links":{"self":[{"href":"https:\/\/www.autonvaraosahaku.fi\/index.php?rest_route=\/wp\/v2\/product\/47615","targetHints":{"allow":["GET"]}}],"collection":[{"href":"https:\/\/www.autonvaraosahaku.fi\/index.php?rest_route=\/wp\/v2\/product"}],"about":[{"href":"https:\/\/www.autonvaraosahaku.fi\/index.php?rest_route=\/wp\/v2\/types\/product"}],"wp:attachment":[{"href":"https:\/\/www.autonvaraosahaku.fi\/index.php?rest_route=%2Fwp%2Fv2%2Fmedia&parent=47615"}],"wp:term":[{"taxonomy":"pwb-brand","embeddable":true,"href":"https:\/\/www.autonvaraosahaku.fi\/index.php?rest_route=%2Fwp%2Fv2%2Fpwb-brand&post=47615"},{"taxonomy":"product_cat","embeddable":true,"href":"https:\/\/www.autonvaraosahaku.fi\/index.php?rest_route=%2Fwp%2Fv2%2Fproduct_cat&post=47615"},{"taxonomy":"product_tag","embeddable":true,"href":"https:\/\/www.autonvaraosahaku.fi\/index.php?rest_route=%2Fwp%2Fv2%2Fproduct_tag&post=47615"}],"curies":[{"name":"wp","href":"https:\/\/api.w.org\/{rel}","templated":true}]}}