{"id":47628,"date":"2021-02-21T17:17:46","date_gmt":"2021-02-21T17:17:46","guid":{"rendered":"https:\/\/www.autonvaraosahaku.fi\/?product=topran-208-549-oljytikku"},"modified":"2021-02-21T17:17:49","modified_gmt":"2021-02-21T17:17:49","slug":"topran-208-549-oljytikku","status":"publish","type":"product","link":"https:\/\/www.autonvaraosahaku.fi\/?product=topran-208-549-oljytikku","title":{"rendered":"TOPRAN 208 549 \u00d6ljytikku"},"content":{"rendered":"<p>V\u00e4ri: Keltainen; Materiaali: Muovi; Lis\u00e4tarvike\/lis\u00e4tieto: Tiivisteill\u00e4; TECDOC-moottorinumero: 24737; OPEL: MOVANO Kasten F9,MOVANO Combi J9,MOVANO Pritsche\/Fahrgestell U9, E9; RENAULT: MASTER II Kasten FD,MASTER II Pritsche\/Fahrgestell ED\/HD\/UD,MASTER II Bus JD; VAUXHALL: MOVANO Mk I A Van FD,MOVANO Mk I A Combi JD; 4417447, 8200457625, 93190580; \u00d6ljyn Mittatikku<\/p>\n","protected":false},"excerpt":{"rendered":"<p>TOPRAN \u00d6ljytikku 208 549 \u00d6ljyn Mittatikku OPEL,RENAULT,VAUXHALL,MOVANO Kasten F9,MOVANO Combi J9,MOVANO Pritsche\/Fahrgestell U9, E9<\/p>\n","protected":false},"featured_media":0,"template":"","meta":{"site-sidebar-layout":"default","site-content-layout":"default","ast-global-header-display":"","ast-main-header-display":"","ast-hfb-above-header-display":"","ast-hfb-below-header-display":"","ast-hfb-mobile-header-display":"","site-post-title":"","ast-breadcrumbs-content":"","ast-featured-img":"","footer-sml-layout":"","theme-transparent-header-meta":"","adv-header-id-meta":"","stick-header-meta":"","header-above-stick-meta":"","header-main-stick-meta":"","header-below-stick-meta":""},"pwb-brand":[18],"product_cat":[71],"product_tag":[],"class_list":{"0":"post-47628","1":"product","2":"type-product","3":"status-publish","5":"pwb-brand-topran","6":"product_cat-oljytikku","7":"desktop-align-left","8":"tablet-align-left","9":"mobile-align-left","11":"first","12":"instock","13":"product-type-external"},"brands":[{"id":18,"name":"TOPRAN","slug":"topran"}],"_links":{"self":[{"href":"https:\/\/www.autonvaraosahaku.fi\/index.php?rest_route=\/wp\/v2\/product\/47628","targetHints":{"allow":["GET"]}}],"collection":[{"href":"https:\/\/www.autonvaraosahaku.fi\/index.php?rest_route=\/wp\/v2\/product"}],"about":[{"href":"https:\/\/www.autonvaraosahaku.fi\/index.php?rest_route=\/wp\/v2\/types\/product"}],"wp:attachment":[{"href":"https:\/\/www.autonvaraosahaku.fi\/index.php?rest_route=%2Fwp%2Fv2%2Fmedia&parent=47628"}],"wp:term":[{"taxonomy":"pwb-brand","embeddable":true,"href":"https:\/\/www.autonvaraosahaku.fi\/index.php?rest_route=%2Fwp%2Fv2%2Fpwb-brand&post=47628"},{"taxonomy":"product_cat","embeddable":true,"href":"https:\/\/www.autonvaraosahaku.fi\/index.php?rest_route=%2Fwp%2Fv2%2Fproduct_cat&post=47628"},{"taxonomy":"product_tag","embeddable":true,"href":"https:\/\/www.autonvaraosahaku.fi\/index.php?rest_route=%2Fwp%2Fv2%2Fproduct_tag&post=47628"}],"curies":[{"name":"wp","href":"https:\/\/api.w.org\/{rel}","templated":true}]}}