{"id":47635,"date":"2021-02-21T17:17:46","date_gmt":"2021-02-21T17:17:46","guid":{"rendered":"https:\/\/www.autonvaraosahaku.fi\/?product=corteco-12014824b-tiivisteet"},"modified":"2021-02-21T17:17:50","modified_gmt":"2021-02-21T17:17:50","slug":"corteco-12014824b-tiivisteet","status":"publish","type":"product","link":"https:\/\/www.autonvaraosahaku.fi\/?product=corteco-12014824b-tiivisteet","title":{"rendered":"CORTECO 12014824B Tiivisteet"},"content":{"rendered":"<p>Sis\u00e4l\u00e4pimitta 1 [mm]: 29,8; Ulkol\u00e4pimitta 1 [mm]: 52; Korkeus 1 (mm): 10; Korkeus 2 (mm): 13,5; Materiaali: ACM (polyakryyli-kautsu); Rihlamalli: Vasen kierre; Suojavaippa: Suojakumilla; Asennuspuoli: Ausgang; SEAT: RONDA 022A; LANCIA: YPSILON 843,MUSA 350,LYBRA SW 839BX,DELTA I 831AB0,LYBRA 839AX,THEMA 834,DELTA II 836,DEDRA 835,DEDRA SW 835,PRISMA 831AB0; FIAT: GRANDE PUNTO 199,PUNTO 188,STILO 192,BARCHETTA 183,DOBLO Cargo 223,PUNTO 176,STILO Multi Wagon 192,DOBLO 119,IDEA,COUPE FA\/175,STRADA Pick-up 178E,MULTIPLA 186,BRAVO I 182,BRAVA 182,MAREA Weekend 185,UNO 146A\/E,LINEA 323,TIPO 160,CROMA 154,MAREA 185,TEMPRA 159,TEMPRA S.W. 159,REGATA 138; ALFA ROMEO: 147 937,156 Sportwagon 932,MITO 955,156 932,GT 937,SPIDER 916S_,GTV 916C_,145 930,155 167,146 930; 40004830, 60806372, 60809138, 40003050, 40004830, 40003050, 40004830, 82361208, 40003050, 40004830<\/p>\n","protected":false},"excerpt":{"rendered":"<p>CORTECO Akselitiiviste, Tasauspy\u00f6r\u00e4st\u00f6 12014824B  SEAT,LANCIA,FIAT,RONDA 022A,YPSILON 843,MUSA 350,LYBRA SW 839BX,DELTA I 831AB0,LYBRA 839AX,THEMA 834<\/p>\n","protected":false},"featured_media":0,"template":"","meta":{"site-sidebar-layout":"default","site-content-layout":"default","ast-global-header-display":"","ast-main-header-display":"","ast-hfb-above-header-display":"","ast-hfb-below-header-display":"","ast-hfb-mobile-header-display":"","site-post-title":"","ast-breadcrumbs-content":"","ast-featured-img":"","footer-sml-layout":"","theme-transparent-header-meta":"","adv-header-id-meta":"","stick-header-meta":"","header-above-stick-meta":"","header-main-stick-meta":"","header-below-stick-meta":""},"pwb-brand":[53],"product_cat":[27],"product_tag":[],"class_list":{"0":"post-47635","1":"product","2":"type-product","3":"status-publish","5":"pwb-brand-corteco","6":"product_cat-tiivisteet","7":"desktop-align-left","8":"tablet-align-left","9":"mobile-align-left","11":"first","12":"instock","13":"product-type-external"},"brands":[{"id":53,"name":"CORTECO","slug":"corteco"}],"_links":{"self":[{"href":"https:\/\/www.autonvaraosahaku.fi\/index.php?rest_route=\/wp\/v2\/product\/47635","targetHints":{"allow":["GET"]}}],"collection":[{"href":"https:\/\/www.autonvaraosahaku.fi\/index.php?rest_route=\/wp\/v2\/product"}],"about":[{"href":"https:\/\/www.autonvaraosahaku.fi\/index.php?rest_route=\/wp\/v2\/types\/product"}],"wp:attachment":[{"href":"https:\/\/www.autonvaraosahaku.fi\/index.php?rest_route=%2Fwp%2Fv2%2Fmedia&parent=47635"}],"wp:term":[{"taxonomy":"pwb-brand","embeddable":true,"href":"https:\/\/www.autonvaraosahaku.fi\/index.php?rest_route=%2Fwp%2Fv2%2Fpwb-brand&post=47635"},{"taxonomy":"product_cat","embeddable":true,"href":"https:\/\/www.autonvaraosahaku.fi\/index.php?rest_route=%2Fwp%2Fv2%2Fproduct_cat&post=47635"},{"taxonomy":"product_tag","embeddable":true,"href":"https:\/\/www.autonvaraosahaku.fi\/index.php?rest_route=%2Fwp%2Fv2%2Fproduct_tag&post=47635"}],"curies":[{"name":"wp","href":"https:\/\/api.w.org\/{rel}","templated":true}]}}