{"id":47636,"date":"2021-02-21T17:17:46","date_gmt":"2021-02-21T17:17:46","guid":{"rendered":"https:\/\/www.autonvaraosahaku.fi\/?product=mahle-original-ox-1d-oljynsuodatin"},"modified":"2021-02-21T17:17:50","modified_gmt":"2021-02-21T17:17:50","slug":"mahle-original-ox-1d-oljynsuodatin","status":"publish","type":"product","link":"https:\/\/www.autonvaraosahaku.fi\/?product=mahle-original-ox-1d-oljynsuodatin","title":{"rendered":"MAHLE ORIGINAL OX 1D \u00d6ljynsuodatin"},"content":{"rendered":"<p>Suodatintyyppi: Suodatinpanos, Nebenstromfiltration; Korkeus (mm): 110,0; Korkeus 1 (mm): 103,5; L\u00e4pimitta [mm]: 98,0; Ulkol\u00e4pimitta 1 [mm]: 98,0; Sis\u00e4l\u00e4pimitta 1 [mm]: 13,4; L\u00e4pimitta 3 [mm]: 13,4; L\u00e4pimitta 4 [mm]: 13,4; Tiivisteen l\u00e4pimitta [mm]: 13,4; Leveys (tuumaa): 3,94; Pituus (tuumaa): 3,94; MERCEDES-BENZ: T2\/L Kasten\/Kombi,T2\/L Pritsche\/Fahrgestell,O 309; 0003908171, 0003908171, 4398149, 5000678, 5001753, 5004748, 5007123, 5014391, 9N18658A, A700X6744EA, A740X6731KA, A780X6731AA, A800X6731BA, A850X6731BA, EFL67, 5575765, 7984425, 0001800209, 0001848425, 0001848525, A0001800209, A0001848425, A0001848525, 54607827, 0003908171<\/p>\n","protected":false},"excerpt":{"rendered":"<p>MAHLE ORIGINAL \u00d6ljynsuodatin OX 1D  MERCEDES-BENZ,T2\/L Kasten\/Kombi,T2\/L Pritsche\/Fahrgestell,O 309<\/p>\n","protected":false},"featured_media":0,"template":"","meta":{"site-sidebar-layout":"default","site-content-layout":"default","ast-global-header-display":"","ast-main-header-display":"","ast-hfb-above-header-display":"","ast-hfb-below-header-display":"","ast-hfb-mobile-header-display":"","site-post-title":"","ast-breadcrumbs-content":"","ast-featured-img":"","footer-sml-layout":"","theme-transparent-header-meta":"","adv-header-id-meta":"","stick-header-meta":"","header-above-stick-meta":"","header-main-stick-meta":"","header-below-stick-meta":""},"pwb-brand":[153],"product_cat":[30],"product_tag":[],"class_list":{"0":"post-47636","1":"product","2":"type-product","3":"status-publish","5":"pwb-brand-mahle-original","6":"product_cat-oljynsuodatin","7":"desktop-align-left","8":"tablet-align-left","9":"mobile-align-left","11":"first","12":"instock","13":"product-type-external"},"brands":[{"id":153,"name":"MAHLE ORIGINAL","slug":"mahle-original"}],"_links":{"self":[{"href":"https:\/\/www.autonvaraosahaku.fi\/index.php?rest_route=\/wp\/v2\/product\/47636","targetHints":{"allow":["GET"]}}],"collection":[{"href":"https:\/\/www.autonvaraosahaku.fi\/index.php?rest_route=\/wp\/v2\/product"}],"about":[{"href":"https:\/\/www.autonvaraosahaku.fi\/index.php?rest_route=\/wp\/v2\/types\/product"}],"wp:attachment":[{"href":"https:\/\/www.autonvaraosahaku.fi\/index.php?rest_route=%2Fwp%2Fv2%2Fmedia&parent=47636"}],"wp:term":[{"taxonomy":"pwb-brand","embeddable":true,"href":"https:\/\/www.autonvaraosahaku.fi\/index.php?rest_route=%2Fwp%2Fv2%2Fpwb-brand&post=47636"},{"taxonomy":"product_cat","embeddable":true,"href":"https:\/\/www.autonvaraosahaku.fi\/index.php?rest_route=%2Fwp%2Fv2%2Fproduct_cat&post=47636"},{"taxonomy":"product_tag","embeddable":true,"href":"https:\/\/www.autonvaraosahaku.fi\/index.php?rest_route=%2Fwp%2Fv2%2Fproduct_tag&post=47636"}],"curies":[{"name":"wp","href":"https:\/\/api.w.org\/{rel}","templated":true}]}}