{"id":47649,"date":"2021-02-21T17:17:52","date_gmt":"2021-02-21T17:17:52","guid":{"rendered":"https:\/\/www.autonvaraosahaku.fi\/?product=elring-598-993-kampiakselin-tiiviste"},"modified":"2021-02-21T17:17:54","modified_gmt":"2021-02-21T17:17:54","slug":"elring-598-993-kampiakselin-tiiviste","status":"publish","type":"product","link":"https:\/\/www.autonvaraosahaku.fi\/?product=elring-598-993-kampiakselin-tiiviste","title":{"rendered":"ELRING 598.993 Kampiakselin tiiviste"},"content":{"rendered":"<p>Sis\u00e4l\u00e4pimitta [mm]: 30; Ulkol\u00e4pimitta [mm]: 40; Korkeus (mm): 7; Akselitiivisteen malli: ASW; Rihlamalli: Oikea kierre; Materiaali: FPM (fluori-kumi); Suojavaippa: Suojakumilla; V\u00e4ri: Musta; Asennuspuoli: stirnseitig; KIA: CARNIVAL II GQ,CARNIVAL I UP; LAND ROVER: FREELANDER LN,FREELANDER Soft Top; ROVER: 75 RJ,75 Tourer RJ,25 RF,200 RF,45 Stufenheck RT,45 RT,400 RT,CABRIOLET XW,400 Hatchback RT,STREETWISE,800 XS,200 Hatchback XW,200 Coupe XW,800 Hatchback XS,400 Tourer XW,800 Coupe,CITYROVER,100 \/ METRO XP,400 XW,100 Cabriolet XP,COUPE; MERCEDES-BENZ: 190 W201,Stufenheck W124,SL R129,SL R107,S-CLASS W126,KOMBI Kombi S124,E-CLASS W124,G-CLASS W463,COUPE C124,S-CLASS W140,E-CLASS Kombi S124,S-CLASS Coupe C140,CABRIOLET A124,G-CLASS Cabrio W463; MG: MGF RD,MG TF,MG ZR,MG ZT- T,MG ZS,MG ZT,MG ZS Hatchback,MG 6 Schr\u00e4gheck,EXPRESS Kasten,MG 7; PUCH: G-MODELL W 463; CATERHAM: SEVEN CF,21; LOTUS: ELISE; AUSTIN: MAESTRO XC,MONTEGO XE; 0069975347, 0109976147, 0129973547, 0189977947, 7700619461, 7700719273, 7703087189, LUC100290, 8420818; Akselitiiviste, Kampiakseli<\/p>\n","protected":false},"excerpt":{"rendered":"<p>ELRING Kampiakselin Tiiviste 598.993 Akselitiiviste, Kampiakseli KIA,LAND ROVER,ROVER,CARNIVAL II GQ,CARNIVAL I UP,FREELANDER LN,FREELANDER Soft Top<\/p>\n","protected":false},"featured_media":0,"template":"","meta":{"site-sidebar-layout":"default","site-content-layout":"default","ast-global-header-display":"","ast-main-header-display":"","ast-hfb-above-header-display":"","ast-hfb-below-header-display":"","ast-hfb-mobile-header-display":"","site-post-title":"","ast-breadcrumbs-content":"","ast-featured-img":"","footer-sml-layout":"","theme-transparent-header-meta":"","adv-header-id-meta":"","stick-header-meta":"","header-above-stick-meta":"","header-main-stick-meta":"","header-below-stick-meta":""},"pwb-brand":[26],"product_cat":[88],"product_tag":[],"class_list":{"0":"post-47649","1":"product","2":"type-product","3":"status-publish","5":"pwb-brand-elring","6":"product_cat-kampiakselin-tiiviste","7":"desktop-align-left","8":"tablet-align-left","9":"mobile-align-left","11":"first","12":"instock","13":"product-type-external"},"brands":[{"id":26,"name":"ELRING","slug":"elring"}],"_links":{"self":[{"href":"https:\/\/www.autonvaraosahaku.fi\/index.php?rest_route=\/wp\/v2\/product\/47649","targetHints":{"allow":["GET"]}}],"collection":[{"href":"https:\/\/www.autonvaraosahaku.fi\/index.php?rest_route=\/wp\/v2\/product"}],"about":[{"href":"https:\/\/www.autonvaraosahaku.fi\/index.php?rest_route=\/wp\/v2\/types\/product"}],"wp:attachment":[{"href":"https:\/\/www.autonvaraosahaku.fi\/index.php?rest_route=%2Fwp%2Fv2%2Fmedia&parent=47649"}],"wp:term":[{"taxonomy":"pwb-brand","embeddable":true,"href":"https:\/\/www.autonvaraosahaku.fi\/index.php?rest_route=%2Fwp%2Fv2%2Fpwb-brand&post=47649"},{"taxonomy":"product_cat","embeddable":true,"href":"https:\/\/www.autonvaraosahaku.fi\/index.php?rest_route=%2Fwp%2Fv2%2Fproduct_cat&post=47649"},{"taxonomy":"product_tag","embeddable":true,"href":"https:\/\/www.autonvaraosahaku.fi\/index.php?rest_route=%2Fwp%2Fv2%2Fproduct_tag&post=47649"}],"curies":[{"name":"wp","href":"https:\/\/api.w.org\/{rel}","templated":true}]}}