{"id":47656,"date":"2021-02-21T17:17:52","date_gmt":"2021-02-21T17:17:52","guid":{"rendered":"https:\/\/www.autonvaraosahaku.fi\/?product=beru-z3-sytytystulpat"},"modified":"2021-02-21T17:17:56","modified_gmt":"2021-02-21T17:17:56","slug":"beru-z3-sytytystulpat","status":"publish","type":"product","link":"https:\/\/www.autonvaraosahaku.fi\/?product=beru-z3-sytytystulpat","title":{"rendered":"BERU Z3 Sytytystulpat"},"content":{"rendered":"<p>K\u00e4rkiv\u00e4li (mm): 0,7; Liittimet: SAE\/M4; Kierremitta: M14x1,25; Avainv\u00e4li: 21 mm; Sytytystulppa: 1-maaelektroodi, suoralla istukalla; Kierteen pituus (mm): 19; Teknisten tietojen numero: 14-8 LUR; Itsepalvelupakattu, katso osaluettelo: ; Kiristysmomentti > [Nm]: 20; Kiristysmomentti enint\u00e4\u00e4n [Nm]: 30; Tuotelinja: ULTRA; Tarvittava kappalem\u00e4\u00e4r\u00e4: 6; BMW: 3 E30,5 E34,5 E28; RENAULT: 21 Kombi K48_,21 B48_; FIAT: SEICENTO 187,CINQUECENTO 170,PANDA 141A_,SEICENTO Van 187; VOLVO: 940 II Kombi 945,940 Kombi 945,740 Kombi 745,740 744,480 E,440 K 445,460 L 464,940 944,760 704, 764,960 Kombi 965,760 Kombi 704, 765,940 II 944; ALFA ROMEO: 155 167; SUBARU: LEONE II; CHRYSLER: VOYAGER II ES; DAIHATSU: HIJET Pick-up _U60; BERTONE: FREECLIMBER; PIAGGIO: PORTER Pritsche\/Fahrgestell,PORTER Kasten; 12121714751, 12129059869, 12129061383, 12129061869; Tulpat,Sytytystulppa<\/p>\n","protected":false},"excerpt":{"rendered":"<p>BERU Sytytystulpat Z3 Tulpat,Sytytystulppa BMW,RENAULT,FIAT,3 E30,5 E34,5 E28,21 Kombi K48_,21 B48_,SEICENTO 187,CINQUECENTO 170,PANDA 141A_<\/p>\n","protected":false},"featured_media":0,"template":"","meta":{"site-sidebar-layout":"default","site-content-layout":"default","ast-global-header-display":"","ast-main-header-display":"","ast-hfb-above-header-display":"","ast-hfb-below-header-display":"","ast-hfb-mobile-header-display":"","site-post-title":"","ast-breadcrumbs-content":"","ast-featured-img":"","footer-sml-layout":"","theme-transparent-header-meta":"","adv-header-id-meta":"","stick-header-meta":"","header-above-stick-meta":"","header-main-stick-meta":"","header-below-stick-meta":""},"pwb-brand":[327],"product_cat":[165],"product_tag":[],"class_list":{"0":"post-47656","1":"product","2":"type-product","3":"status-publish","5":"pwb-brand-beru","6":"product_cat-sytytystulpat","7":"desktop-align-left","8":"tablet-align-left","9":"mobile-align-left","11":"first","12":"instock","13":"product-type-external"},"brands":[{"id":327,"name":"BERU","slug":"beru"}],"_links":{"self":[{"href":"https:\/\/www.autonvaraosahaku.fi\/index.php?rest_route=\/wp\/v2\/product\/47656","targetHints":{"allow":["GET"]}}],"collection":[{"href":"https:\/\/www.autonvaraosahaku.fi\/index.php?rest_route=\/wp\/v2\/product"}],"about":[{"href":"https:\/\/www.autonvaraosahaku.fi\/index.php?rest_route=\/wp\/v2\/types\/product"}],"wp:attachment":[{"href":"https:\/\/www.autonvaraosahaku.fi\/index.php?rest_route=%2Fwp%2Fv2%2Fmedia&parent=47656"}],"wp:term":[{"taxonomy":"pwb-brand","embeddable":true,"href":"https:\/\/www.autonvaraosahaku.fi\/index.php?rest_route=%2Fwp%2Fv2%2Fpwb-brand&post=47656"},{"taxonomy":"product_cat","embeddable":true,"href":"https:\/\/www.autonvaraosahaku.fi\/index.php?rest_route=%2Fwp%2Fv2%2Fproduct_cat&post=47656"},{"taxonomy":"product_tag","embeddable":true,"href":"https:\/\/www.autonvaraosahaku.fi\/index.php?rest_route=%2Fwp%2Fv2%2Fproduct_tag&post=47656"}],"curies":[{"name":"wp","href":"https:\/\/api.w.org\/{rel}","templated":true}]}}