{"id":47706,"date":"2021-02-21T17:18:09","date_gmt":"2021-02-21T17:18:09","guid":{"rendered":"https:\/\/www.autonvaraosahaku.fi\/?product=swag-50-92-1096-kierretulppa"},"modified":"2021-02-21T17:18:11","modified_gmt":"2021-02-21T17:18:11","slug":"swag-50-92-1096-kierretulppa","status":"publish","type":"product","link":"https:\/\/www.autonvaraosahaku.fi\/?product=swag-50-92-1096-kierretulppa","title":{"rendered":"SWAG 50 92 1096 Kierretulppa"},"content":{"rendered":"<p>Pituus (mm): 34,5; Ulkol\u00e4pimitta [mm]: 28,0; Ulkokierre [mm]: M14 x 1,5; Kierteen pituus (mm): 7; Laatu \/ luokka: 5.8; Avainv\u00e4li: 13; Ruuvikanta\/mutteriprofiili: Kuusioruuvi \/-mutteri; Materiaali: Ter\u00e4s; Pinta: Fosfatoitu; Ruuvin pituus ilman p\u00e4\u00e4t\u00e4: 20; Paino [kg]: 0,031; Huomioi huolto-ohjeet: , ; TECDOC-moottorinumero: 25875; MAZDA: 121 III JASM, JBSM,BT-50 Pick-up B22, B32, UP; FORD USA: EXPLORER U2,EXPLORER UN46; LAND ROVER: RANGE ROVER SPORT LS,RANGE ROVER EVOQUE LV,RANGE ROVER III LM,DISCOVERY III TAA,DISCOVERY IV LA,DEFENDER Cabrio LD,RANGE ROVER SPORT LW,RANGE ROVER IV LG,DISCOVERY V LR_; VOLVO: V50 MW,XC60,V70 III BW,C30,V60,S40 II MS,S80 II AS,S60 II; JAGUAR: XF _J05_, CC9,XJ X350, X358,XF SPORTBRAKE CC9,XK Coupe QQ6_, _J43_,XK Cabriolet _J43_,XJ X35_, _J12_, _J24_,F-TYPE Cabriolet,XE X760,F-TYPE Coupe,XF X260,F-PACE X761_; FORD: FIESTA V JH_, JD_,MONDEO III Kombi BWY,FOCUS II Kombi DA_,FIESTA VI,MONDEO IV Turnier BA7,FOCUS Kombi DNW,FOCUS II DA_,FOCUS DAW, DBW,S-MAX WA6,FOCUS III Turnier,FOCUS C-MAX,FIESTA IV JA_, JB_,GALAXY WA6,FUSION JU_,KA RB_,MONDEO III B5Y,C-MAX DM2,FOCUS III,MAVERICK,TRANSIT MK-7 Kasten,C-MAX II,RANGER TKE,MONDEO IV BA7,MONDEO III Stufenheck B4Y,KUGA II DM2,FIESTA Stufenheck JA8 JR8,GRAND C-MAX,FOCUS Stufenheck DFW,TRANSIT MK-7 Bus,STREET KA RL2,MONDEO II Kombi BNP,TRANSIT Kasten FA_ _,FOCUS II Stufenheck DA_,TRANSIT Bus FD_ _, FB_ _, FS_ _, FZ_ _, FC_ _,FOCUS II Cabriolet,COUGAR EC_,MONDEO II BAP,FIESTA Stufenheck JAS JBS,ECOSPORT,TRANSIT MK-7 Pritsche\/Fahrgestell,PUMA EC_,TRANSIT Pritsche\/Fahrgestell FM_ _, FN_ _,FOCUS III Stufenheck,TRANSIT CUSTOM Kasten,TOURNEO CUSTOM Bus,MONDEO IV Stufenheck BA7,ESCORT VII GAL, AAL, ABL,TRANSIT TOURNEO FB,MONDEO II Stufenheck BFP,TRANSIT CUSTOM Bus,ESCORT VII Kombi GAL, ANL,TOURNEO CONNECT \/ GRAND TOURNEO CONNECT Kombi,FI; CITRO\u00cbN: JUMPER Kasten,JUMPER Bus,JUMPER Pritsche\/Fahrgestell; PEUGEOT: BOXER Kasten,BOXER Bus,BOXER Pritsche\/Fahrgestell; 031132, 31132, 9659107280, 02261879, 02261879S1, 1013938, 2261879S1, 97JM6730BA, MF6TZ6730BA, AJ83017, AJ88461, 1013938, 4594914, 1E0010404, 031132, 31132, 30711617, 30735753, 8694765; \u00d6ljytulppa,Kierretulppa, \u00d6ljypohja<\/p>\n","protected":false},"excerpt":{"rendered":"<p>SWAG Kierretulppa 50 92 1096 \u00d6ljytulppa,Kierretulppa, \u00d6ljypohja MAZDA,FORD USA,LAND ROVER,121 III JASM, JBSM,BT-50 Pick-up B22, B32, UP,EXPLORER U2<\/p>\n","protected":false},"featured_media":0,"template":"","meta":{"site-sidebar-layout":"default","site-content-layout":"default","ast-global-header-display":"","ast-main-header-display":"","ast-hfb-above-header-display":"","ast-hfb-below-header-display":"","ast-hfb-mobile-header-display":"","site-post-title":"","ast-breadcrumbs-content":"","ast-featured-img":"","footer-sml-layout":"","theme-transparent-header-meta":"","adv-header-id-meta":"","stick-header-meta":"","header-above-stick-meta":"","header-main-stick-meta":"","header-below-stick-meta":""},"pwb-brand":[103],"product_cat":[40],"product_tag":[],"class_list":{"0":"post-47706","1":"product","2":"type-product","3":"status-publish","5":"pwb-brand-swag","6":"product_cat-kierretulppa","7":"desktop-align-left","8":"tablet-align-left","9":"mobile-align-left","11":"first","12":"instock","13":"product-type-external"},"brands":[{"id":103,"name":"SWAG","slug":"swag"}],"_links":{"self":[{"href":"https:\/\/www.autonvaraosahaku.fi\/index.php?rest_route=\/wp\/v2\/product\/47706","targetHints":{"allow":["GET"]}}],"collection":[{"href":"https:\/\/www.autonvaraosahaku.fi\/index.php?rest_route=\/wp\/v2\/product"}],"about":[{"href":"https:\/\/www.autonvaraosahaku.fi\/index.php?rest_route=\/wp\/v2\/types\/product"}],"wp:attachment":[{"href":"https:\/\/www.autonvaraosahaku.fi\/index.php?rest_route=%2Fwp%2Fv2%2Fmedia&parent=47706"}],"wp:term":[{"taxonomy":"pwb-brand","embeddable":true,"href":"https:\/\/www.autonvaraosahaku.fi\/index.php?rest_route=%2Fwp%2Fv2%2Fpwb-brand&post=47706"},{"taxonomy":"product_cat","embeddable":true,"href":"https:\/\/www.autonvaraosahaku.fi\/index.php?rest_route=%2Fwp%2Fv2%2Fproduct_cat&post=47706"},{"taxonomy":"product_tag","embeddable":true,"href":"https:\/\/www.autonvaraosahaku.fi\/index.php?rest_route=%2Fwp%2Fv2%2Fproduct_tag&post=47706"}],"curies":[{"name":"wp","href":"https:\/\/api.w.org\/{rel}","templated":true}]}}