{"id":47711,"date":"2021-02-21T17:18:09","date_gmt":"2021-02-21T17:18:09","guid":{"rendered":"https:\/\/www.autonvaraosahaku.fi\/?product=swag-32-90-1664-pyoranpultit"},"modified":"2021-02-21T17:18:12","modified_gmt":"2021-02-21T17:18:12","slug":"swag-32-90-1664-pyoranpultit","status":"publish","type":"product","link":"https:\/\/www.autonvaraosahaku.fi\/?product=swag-32-90-1664-pyoranpultit","title":{"rendered":"SWAG 32 90 1664 Py\u00f6r\u00e4npultit"},"content":{"rendered":"<p>Pituus (mm): 38; Ulkol\u00e4pimitta [mm]: 24,4; Ulkokierre [mm]: M14 x 1,5; Kierteen pituus (mm): 19; Laatu \/ luokka: 10.9; Avainv\u00e4li: 19; Ruuvikanta\/mutteriprofiili: Kuusioruuvi \/-mutteri; Py\u00f6r\u00e4n kiinnitys: Kuula istukka A\/G; Materiaali: Ter\u00e4s; Pinta: Fosfatoitu; Ruuvin pituus ilman p\u00e4\u00e4t\u00e4: 19; Asennuspuoli: Etuakseli, Taka-akseli; Paino [kg]: 0,066; Huomioi huolto-ohjeet: , ; Alustanumerosta: 31-6-000 001; VW: TRANSPORTER III Bus,KAEFER,KAEFER Cabriolet 15,TRANSPORTER III Kasten,TRANSPORTER II Bus,TRANSPORTER III Pritsche\/Fahrgestell,411412,1500,1600 Variant 36,1500,1600 31,TRANSPORTER I Bus 22, 24, 25, 28,1500,1600 Schr\u00e4gheck 31,TRANSPORTER II Kasten,TRANSPORTER I Pritsche\/Fahrgestell 26,TRANSPORTER II Pritsche\/Fahrgestell,TRANSPORTER I Kasten 21, 23; 211601139, 251601139; Py\u00f6r\u00e4nruuvi<\/p>\n","protected":false},"excerpt":{"rendered":"<p>SWAG Py\u00f6r\u00e4npultit 32 90 1664 Py\u00f6r\u00e4nruuvi VW,TRANSPORTER III Bus,KAEFER,KAEFER Cabriolet 15,TRANSPORTER III Kasten,TRANSPORTER II Bus<\/p>\n","protected":false},"featured_media":0,"template":"","meta":{"site-sidebar-layout":"default","site-content-layout":"default","ast-global-header-display":"","ast-main-header-display":"","ast-hfb-above-header-display":"","ast-hfb-below-header-display":"","ast-hfb-mobile-header-display":"","site-post-title":"","ast-breadcrumbs-content":"","ast-featured-img":"","footer-sml-layout":"","theme-transparent-header-meta":"","adv-header-id-meta":"","stick-header-meta":"","header-above-stick-meta":"","header-main-stick-meta":"","header-below-stick-meta":""},"pwb-brand":[103],"product_cat":[51],"product_tag":[],"class_list":{"0":"post-47711","1":"product","2":"type-product","3":"status-publish","5":"pwb-brand-swag","6":"product_cat-pyoranpultit","7":"desktop-align-left","8":"tablet-align-left","9":"mobile-align-left","11":"first","12":"instock","13":"product-type-external"},"brands":[{"id":103,"name":"SWAG","slug":"swag"}],"_links":{"self":[{"href":"https:\/\/www.autonvaraosahaku.fi\/index.php?rest_route=\/wp\/v2\/product\/47711","targetHints":{"allow":["GET"]}}],"collection":[{"href":"https:\/\/www.autonvaraosahaku.fi\/index.php?rest_route=\/wp\/v2\/product"}],"about":[{"href":"https:\/\/www.autonvaraosahaku.fi\/index.php?rest_route=\/wp\/v2\/types\/product"}],"wp:attachment":[{"href":"https:\/\/www.autonvaraosahaku.fi\/index.php?rest_route=%2Fwp%2Fv2%2Fmedia&parent=47711"}],"wp:term":[{"taxonomy":"pwb-brand","embeddable":true,"href":"https:\/\/www.autonvaraosahaku.fi\/index.php?rest_route=%2Fwp%2Fv2%2Fpwb-brand&post=47711"},{"taxonomy":"product_cat","embeddable":true,"href":"https:\/\/www.autonvaraosahaku.fi\/index.php?rest_route=%2Fwp%2Fv2%2Fproduct_cat&post=47711"},{"taxonomy":"product_tag","embeddable":true,"href":"https:\/\/www.autonvaraosahaku.fi\/index.php?rest_route=%2Fwp%2Fv2%2Fproduct_tag&post=47711"}],"curies":[{"name":"wp","href":"https:\/\/api.w.org\/{rel}","templated":true}]}}