{"id":47718,"date":"2021-02-21T17:18:09","date_gmt":"2021-02-21T17:18:09","guid":{"rendered":"https:\/\/www.autonvaraosahaku.fi\/?product=febi-bilstein-05961-kierretulppa"},"modified":"2021-02-21T17:18:13","modified_gmt":"2021-02-21T17:18:13","slug":"febi-bilstein-05961-kierretulppa","status":"publish","type":"product","link":"https:\/\/www.autonvaraosahaku.fi\/?product=febi-bilstein-05961-kierretulppa","title":{"rendered":"FEBI BILSTEIN 05961 Kierretulppa"},"content":{"rendered":"<p>Pituus (mm): 21; Ulkol\u00e4pimitta [mm]: 17,0; Ulkokierre [mm]: M12 x 1,5; Kierteen pituus (mm): 8; Avainv\u00e4li: 13; Ruuvikanta\/mutteriprofiili: Kuusioruuvi \/-mutteri; DIN \/ ISO: 910; Materiaali: Ter\u00e4s; Pinta: rasvattu; Ruuvin pituus ilman p\u00e4\u00e4t\u00e4: 12; Paino [kg]: 0,02, 0,02; Moottorinumero: M102; JEEP: GRAND CHEROKEE II WJ, WG; MERCEDES-BENZ: C-CLASS W203,E-CLASS W211,C-CLASS W204,C-CLASS T-Model S204,C-CLASS T-Model S203,E-CLASS T-Model S211,190 W201,E-CLASS W210,E-CLASS W212,M-CLASS W164,C-CLASS Coupe CL203,Stufenheck W124,E-CLASS T-Model S212,GLK-CLASS X204,E-CLASS Kombi S210,SL R129,CLK C209,SL R107,Stufenheck W123,S-CLASS W126,S-CLASS W221,CLS C219,SL R230,E-CLASS W124,R-CLASS W251, V251,M-CLASS W166,G-CLASS W463,E-CLASS Coupe C207,CLK Cabriolet A209,G-CLASS W460,S-CLASS W140,C-CLASS Coupe C204,COUPE C123,S-CLASS W108, W109,S-CLASS W116,COUPE W111,E-CLASS Cabriolet A207,S-CLASS Coupe C126,CLC-CLASS CL203,GL-CLASS X164,G-CLASS W461,CLS C218,KOMBI Kombi S123,T1 Bus 601,S-CLASS Coupe C216,SL Coupe C107,T1 Pritsche\/Fahrgestell 602,T2\/L Kasten\/Kombi,T1 Kasten 602,T1 Pritsche\/Fahrgestell 601,CLS Shooting Brake X218,HECKFLOSSE W111, W112,T1 Kasten 601,S-CLASS Coupe C140,T2\/L Pritsche\/Fahrgestell,GL-CLASS X166,T1\/TN Pritsche\/Fahrgestell,G-CLASS Cabrio W463,T2\/LN1 Pritsche\/Fahrgestell,T1\/TN Ka,CITARO (O 530),CONECTO (O 345),O 303,O 305,O 307,O 404,O 405,O 407,O 408,OH,UNIMOG; CHRYSLER: PT CRUISER PT_; SETRA: Series 400; 05073890AA, 06104479AA, 5073890AA, K06104479AA, 05073890AA, K05073890AA, 0004380671, 000910012000, 0029973430, 007604012102, 1239970130, 1239970430, 3859970030, A0004380671, A000910012000, A0029973430, A007604012102, A1239970130, A1239970430, A3859970030, N000910012000; \u00d6ljytulppa,Kierretulppa, \u00d6ljypohja<\/p>\n","protected":false},"excerpt":{"rendered":"<p>FEBI BILSTEIN Kierretulppa 05961 \u00d6ljytulppa,Kierretulppa, \u00d6ljypohja JEEP,MERCEDES-BENZ,CHRYSLER,GRAND CHEROKEE II WJ, WG,C-CLASS W203,E-CLASS W211<\/p>\n","protected":false},"featured_media":0,"template":"","meta":{"site-sidebar-layout":"default","site-content-layout":"default","ast-global-header-display":"","ast-main-header-display":"","ast-hfb-above-header-display":"","ast-hfb-below-header-display":"","ast-hfb-mobile-header-display":"","site-post-title":"","ast-breadcrumbs-content":"","ast-featured-img":"","footer-sml-layout":"","theme-transparent-header-meta":"","adv-header-id-meta":"","stick-header-meta":"","header-above-stick-meta":"","header-main-stick-meta":"","header-below-stick-meta":""},"pwb-brand":[50],"product_cat":[40],"product_tag":[],"class_list":{"0":"post-47718","1":"product","2":"type-product","3":"status-publish","5":"pwb-brand-febi-bilstein","6":"product_cat-kierretulppa","7":"desktop-align-left","8":"tablet-align-left","9":"mobile-align-left","11":"first","12":"instock","13":"product-type-external"},"brands":[{"id":50,"name":"FEBI BILSTEIN","slug":"febi-bilstein"}],"_links":{"self":[{"href":"https:\/\/www.autonvaraosahaku.fi\/index.php?rest_route=\/wp\/v2\/product\/47718","targetHints":{"allow":["GET"]}}],"collection":[{"href":"https:\/\/www.autonvaraosahaku.fi\/index.php?rest_route=\/wp\/v2\/product"}],"about":[{"href":"https:\/\/www.autonvaraosahaku.fi\/index.php?rest_route=\/wp\/v2\/types\/product"}],"wp:attachment":[{"href":"https:\/\/www.autonvaraosahaku.fi\/index.php?rest_route=%2Fwp%2Fv2%2Fmedia&parent=47718"}],"wp:term":[{"taxonomy":"pwb-brand","embeddable":true,"href":"https:\/\/www.autonvaraosahaku.fi\/index.php?rest_route=%2Fwp%2Fv2%2Fpwb-brand&post=47718"},{"taxonomy":"product_cat","embeddable":true,"href":"https:\/\/www.autonvaraosahaku.fi\/index.php?rest_route=%2Fwp%2Fv2%2Fproduct_cat&post=47718"},{"taxonomy":"product_tag","embeddable":true,"href":"https:\/\/www.autonvaraosahaku.fi\/index.php?rest_route=%2Fwp%2Fv2%2Fproduct_tag&post=47718"}],"curies":[{"name":"wp","href":"https:\/\/api.w.org\/{rel}","templated":true}]}}