{"id":47721,"date":"2021-02-21T17:18:14","date_gmt":"2021-02-21T17:18:14","guid":{"rendered":"https:\/\/www.autonvaraosahaku.fi\/?product=meyle-300-333-1103-hd-taka-akselin-puslat"},"modified":"2021-02-21T17:18:15","modified_gmt":"2021-02-21T17:18:15","slug":"meyle-300-333-1103-hd-taka-akselin-puslat","status":"publish","type":"product","link":"https:\/\/www.autonvaraosahaku.fi\/?product=meyle-300-333-1103-hd-taka-akselin-puslat","title":{"rendered":"MEYLE 300 333 1103\/HD Taka-akselin puslat"},"content":{"rendered":"<p>Asennuspuoli: Edess\u00e4, Taka-akseli, oikea, Taka-akseli, vasen; Korkeus (mm): 85; Sis\u00e4l\u00e4pimitta [mm]: 15; Ulkol\u00e4pimitta [mm]: 70; Vahvistettu malli: ; lis\u00e4tieto: Quality; BMW: 5 E28,6 E24,7 E23; 31311127533, 31311130488, 33311121041, 33311127533, 33311130487, 33311130488; Apurungon Puslat,Akselinripustus<\/p>\n","protected":false},"excerpt":{"rendered":"<p>MEYLE Taka-akselin Puslat 300 333 1103\/HD Apurungon Puslat,Akselinripustus BMW,5 E28,6 E24,7 E23<\/p>\n","protected":false},"featured_media":0,"template":"","meta":{"site-sidebar-layout":"default","site-content-layout":"default","ast-global-header-display":"","ast-main-header-display":"","ast-hfb-above-header-display":"","ast-hfb-below-header-display":"","ast-hfb-mobile-header-display":"","site-post-title":"","ast-breadcrumbs-content":"","ast-featured-img":"","footer-sml-layout":"","theme-transparent-header-meta":"","adv-header-id-meta":"","stick-header-meta":"","header-above-stick-meta":"","header-main-stick-meta":"","header-below-stick-meta":""},"pwb-brand":[84],"product_cat":[156],"product_tag":[],"class_list":{"0":"post-47721","1":"product","2":"type-product","3":"status-publish","5":"pwb-brand-meyle","6":"product_cat-taka-akselin-puslat","7":"desktop-align-left","8":"tablet-align-left","9":"mobile-align-left","11":"first","12":"instock","13":"product-type-external"},"brands":[{"id":84,"name":"MEYLE","slug":"meyle"}],"_links":{"self":[{"href":"https:\/\/www.autonvaraosahaku.fi\/index.php?rest_route=\/wp\/v2\/product\/47721","targetHints":{"allow":["GET"]}}],"collection":[{"href":"https:\/\/www.autonvaraosahaku.fi\/index.php?rest_route=\/wp\/v2\/product"}],"about":[{"href":"https:\/\/www.autonvaraosahaku.fi\/index.php?rest_route=\/wp\/v2\/types\/product"}],"wp:attachment":[{"href":"https:\/\/www.autonvaraosahaku.fi\/index.php?rest_route=%2Fwp%2Fv2%2Fmedia&parent=47721"}],"wp:term":[{"taxonomy":"pwb-brand","embeddable":true,"href":"https:\/\/www.autonvaraosahaku.fi\/index.php?rest_route=%2Fwp%2Fv2%2Fpwb-brand&post=47721"},{"taxonomy":"product_cat","embeddable":true,"href":"https:\/\/www.autonvaraosahaku.fi\/index.php?rest_route=%2Fwp%2Fv2%2Fproduct_cat&post=47721"},{"taxonomy":"product_tag","embeddable":true,"href":"https:\/\/www.autonvaraosahaku.fi\/index.php?rest_route=%2Fwp%2Fv2%2Fproduct_tag&post=47721"}],"curies":[{"name":"wp","href":"https:\/\/api.w.org\/{rel}","templated":true}]}}