{"id":47735,"date":"2021-02-21T17:18:14","date_gmt":"2021-02-21T17:18:14","guid":{"rendered":"https:\/\/www.autonvaraosahaku.fi\/?product=vaico-v42-80002-jarrulevyt"},"modified":"2021-02-21T17:18:18","modified_gmt":"2021-02-21T17:18:18","slug":"vaico-v42-80002-jarrulevyt","status":"publish","type":"product","link":"https:\/\/www.autonvaraosahaku.fi\/?product=vaico-v42-80002-jarrulevyt","title":{"rendered":"VAICO V42-80002 Jarrulevyt"},"content":{"rendered":"<p>Asennuspuoli: Etuakseli, Etuakseli; Jarrulevyn navan korkeus [mm]: 13,8; Vanne, aukkoja: 4; Korkeus (mm): 34,2; Jarrulevytyyppi: Tuuletettu; Jarrulevyn paksuus (mm): 20,4; V\u00e4himm\u00e4ispaksuus (mm): 18,5; Ulkol\u00e4pimitta [mm]: 247; keskitt\u00e4misl\u00e4pimitta [mm]: 66; Reik\u00e4ympyr\u00e4-\u00d8 [mm]: 108; Pakkausleveys [cm]: 26, 26; Pakkauskorkeus [mm]: 7, 7; Pakkaussyvyys [cm]: 26, 26; Paino [kg]: 4,607; lis\u00e4tieto: CST99; Moottorinumero: TU9M; CITRO\u00cbN: SAXO S0, S1,XSARA N1,XSARA Break N2,XSARA Coupe N0,AX ZA-_,ZX N2,ZX Break N2,XSARA Kasten; PEUGEOT: 206 Schr\u00e4gheck 2A\/C,206 CC 2D,206 SW 2E\/K,106 II 1,206+ T3E,306 Schr\u00e4gheck 7A, 7C, N3, N5,306 Cabriolet 7D, N3, N5,106 I 1A, 1C,205 II 20A\/C,306 Break 7E, N3, N5,306 7B, N3, N5,205 I Cabriolet 741B, 20D,206 Stufenheck,309 II 3C, 3A,205 I 741A\/C,206 Van,106 Van 1_,309 I 10C, 10A,306 Van N_, 7_,205 Kasten,306 Kasten\/Schr\u00e4gheck; 169003, 91517695, 95661747, E169003, 424694, 4246A7, 424996, E169003; Jarrulevy<\/p>\n","protected":false},"excerpt":{"rendered":"<p>VAICO Jarrulevyt V42-80002 Jarrulevy CITRO\u00cbN,PEUGEOT,SAXO S0, S1,XSARA N1,XSARA Break N2,XSARA Coupe N0,AX ZA-_,ZX N2,ZX Break N2,XSARA Kasten<\/p>\n","protected":false},"featured_media":0,"template":"","meta":{"site-sidebar-layout":"default","site-content-layout":"default","ast-global-header-display":"","ast-main-header-display":"","ast-hfb-above-header-display":"","ast-hfb-below-header-display":"","ast-hfb-mobile-header-display":"","site-post-title":"","ast-breadcrumbs-content":"","ast-featured-img":"","footer-sml-layout":"","theme-transparent-header-meta":"","adv-header-id-meta":"","stick-header-meta":"","header-above-stick-meta":"","header-main-stick-meta":"","header-below-stick-meta":""},"pwb-brand":[330],"product_cat":[66],"product_tag":[],"class_list":{"0":"post-47735","1":"product","2":"type-product","3":"status-publish","5":"pwb-brand-vaico","6":"product_cat-jarrulevyt","7":"desktop-align-left","8":"tablet-align-left","9":"mobile-align-left","11":"first","12":"instock","13":"product-type-external"},"brands":[{"id":330,"name":"VAICO","slug":"vaico"}],"_links":{"self":[{"href":"https:\/\/www.autonvaraosahaku.fi\/index.php?rest_route=\/wp\/v2\/product\/47735","targetHints":{"allow":["GET"]}}],"collection":[{"href":"https:\/\/www.autonvaraosahaku.fi\/index.php?rest_route=\/wp\/v2\/product"}],"about":[{"href":"https:\/\/www.autonvaraosahaku.fi\/index.php?rest_route=\/wp\/v2\/types\/product"}],"wp:attachment":[{"href":"https:\/\/www.autonvaraosahaku.fi\/index.php?rest_route=%2Fwp%2Fv2%2Fmedia&parent=47735"}],"wp:term":[{"taxonomy":"pwb-brand","embeddable":true,"href":"https:\/\/www.autonvaraosahaku.fi\/index.php?rest_route=%2Fwp%2Fv2%2Fpwb-brand&post=47735"},{"taxonomy":"product_cat","embeddable":true,"href":"https:\/\/www.autonvaraosahaku.fi\/index.php?rest_route=%2Fwp%2Fv2%2Fproduct_cat&post=47735"},{"taxonomy":"product_tag","embeddable":true,"href":"https:\/\/www.autonvaraosahaku.fi\/index.php?rest_route=%2Fwp%2Fv2%2Fproduct_tag&post=47735"}],"curies":[{"name":"wp","href":"https:\/\/api.w.org\/{rel}","templated":true}]}}