{"id":47738,"date":"2021-02-21T17:18:14","date_gmt":"2021-02-21T17:18:14","guid":{"rendered":"https:\/\/www.autonvaraosahaku.fi\/?product=vaico-v40-80050-jarrulevyt"},"modified":"2021-02-21T17:18:19","modified_gmt":"2021-02-21T17:18:19","slug":"vaico-v40-80050-jarrulevyt","status":"publish","type":"product","link":"https:\/\/www.autonvaraosahaku.fi\/?product=vaico-v40-80050-jarrulevyt","title":{"rendered":"VAICO V40-80050 Jarrulevyt"},"content":{"rendered":"<p>Jarrulevyn navan korkeus [mm]: 21,6; Asennuspuoli: Taka-akseli, Taka-akseli; Vanne, aukkoja: 5; Korkeus (mm): 41,4; Jarrulevytyyppi: Tuuletettu; Jarrulevyn paksuus (mm): 19,9; V\u00e4himm\u00e4ispaksuus (mm): 18; Ulkol\u00e4pimitta [mm]: 292; keskitt\u00e4misl\u00e4pimitta [mm]: 65,5; Reik\u00e4ympyr\u00e4-\u00d8 [mm]: 110; Pakkausleveys [cm]: 26, 26; Pakkauskorkeus [mm]: 10, 10; Pakkaussyvyys [cm]: 26, 26; Reikien m\u00e4\u00e4r\u00e4: 5; Reik\u00e4-\u00d8 2 [mm]: 6,5; Paino [kg]: 5,74; lis\u00e4tieto: CST99; vannekoolle [tuumaa]: 16; SAAB: 9-3 YS3F,9-3 Kombi YS3F,9-3 Cabriolet YS3F,9-3X; OPEL: VECTRA C Caravan,SIGNUM,VECTRA C,VECTRA C GTS; FIAT: CROMA 194; VAUXHALL: VECTRA Mk II C CC,VECTRA Mk II C Estate,VECTRA Mk II C,SIGNUM; 46836490, 00569114, 0569114, 93171778, 95526644, 12762291, 200423, 9191336, 93192627; Jarrulevy<\/p>\n","protected":false},"excerpt":{"rendered":"<p>VAICO Jarrulevyt V40-80050 Jarrulevy SAAB,OPEL,FIAT,9-3 YS3F,9-3 Kombi YS3F,9-3 Cabriolet YS3F,9-3X,VECTRA C Caravan,SIGNUM,VECTRA C,VECTRA C GTS<\/p>\n","protected":false},"featured_media":0,"template":"","meta":{"site-sidebar-layout":"default","site-content-layout":"default","ast-global-header-display":"","ast-main-header-display":"","ast-hfb-above-header-display":"","ast-hfb-below-header-display":"","ast-hfb-mobile-header-display":"","site-post-title":"","ast-breadcrumbs-content":"","ast-featured-img":"","footer-sml-layout":"","theme-transparent-header-meta":"","adv-header-id-meta":"","stick-header-meta":"","header-above-stick-meta":"","header-main-stick-meta":"","header-below-stick-meta":""},"pwb-brand":[330],"product_cat":[66],"product_tag":[],"class_list":{"0":"post-47738","1":"product","2":"type-product","3":"status-publish","5":"pwb-brand-vaico","6":"product_cat-jarrulevyt","7":"desktop-align-left","8":"tablet-align-left","9":"mobile-align-left","11":"first","12":"instock","13":"product-type-external"},"brands":[{"id":330,"name":"VAICO","slug":"vaico"}],"_links":{"self":[{"href":"https:\/\/www.autonvaraosahaku.fi\/index.php?rest_route=\/wp\/v2\/product\/47738","targetHints":{"allow":["GET"]}}],"collection":[{"href":"https:\/\/www.autonvaraosahaku.fi\/index.php?rest_route=\/wp\/v2\/product"}],"about":[{"href":"https:\/\/www.autonvaraosahaku.fi\/index.php?rest_route=\/wp\/v2\/types\/product"}],"wp:attachment":[{"href":"https:\/\/www.autonvaraosahaku.fi\/index.php?rest_route=%2Fwp%2Fv2%2Fmedia&parent=47738"}],"wp:term":[{"taxonomy":"pwb-brand","embeddable":true,"href":"https:\/\/www.autonvaraosahaku.fi\/index.php?rest_route=%2Fwp%2Fv2%2Fpwb-brand&post=47738"},{"taxonomy":"product_cat","embeddable":true,"href":"https:\/\/www.autonvaraosahaku.fi\/index.php?rest_route=%2Fwp%2Fv2%2Fproduct_cat&post=47738"},{"taxonomy":"product_tag","embeddable":true,"href":"https:\/\/www.autonvaraosahaku.fi\/index.php?rest_route=%2Fwp%2Fv2%2Fproduct_tag&post=47738"}],"curies":[{"name":"wp","href":"https:\/\/api.w.org\/{rel}","templated":true}]}}