{"id":47739,"date":"2021-02-21T17:18:20","date_gmt":"2021-02-21T17:18:20","guid":{"rendered":"https:\/\/www.autonvaraosahaku.fi\/?product=trw-gdb327-jarrupalat"},"modified":"2021-02-21T17:18:20","modified_gmt":"2021-02-21T17:18:20","slug":"trw-gdb327-jarrupalat","status":"publish","type":"product","link":"https:\/\/www.autonvaraosahaku.fi\/?product=trw-gdb327-jarrupalat","title":{"rendered":"TRW GDB327 Jarrupalat"},"content":{"rendered":"<p>Valmistaja rajaus: BENDIX; Kulumisenilmaisimen liitos: Sis. kulumisenilmaisimen; Tarkistuskilpi: E1 90R 01024\/004; Korkeus (mm): 54,3; Pituus (mm): 105; Paksuus [mm]: 18; M\u00e4\u00e4r\u00e4yksikk\u00f6: Akselisarja; Tuotelinja: COTEC; Asennuspuoli: Vorderachse; CITRO\u00cbN: SAXO S0, S1,AX ZA-_; PEUGEOT: 106 II 1,106 I 1A, 1C,205 II 20A\/C,205 I Cabriolet 741B, 20D,309 II 3C, 3A,205 I 741A\/C,405 I 15B,405 II 4B,106 Van 1_,309 I 10C, 10A,405 II Break 4E,405 I Break 15E,305 II 581M,305 II Break 581E,305 I 581A,205 Kasten; RENAULT: MEGANE Scenic JA0\/1_,MEGANE I BA0\/1_,CLIO I B\/C57_, 5\/357_,MEGANE I Classic LA0\/1_,MEGANE I Coach DA0\/1_,19 II B\/C53_,SUPER 5 B\/C40_,5 122_,RAPID Kasten F40_, G40_,19 I B\/C53_,9 L42_,19 II Chamade L53_,11 B\/C37_,21 Stufenheck L48_,19 I Chamade L53_,CLIO I Kasten S57_,18 134_,11 Kasten S37_,21 Kombi K48_,18 Variable 135_,FUEGO 136_,21 B48_,20 127_,19 II Kasten S53_,19 I Kasten S53_,21 Kasten S48_,18 Kasten,EXPRESS Pick-up,SUPER 5 Kasten S40_,EXPRESS Kasten\/Kombi; 424862, 425072, 425097, 425127, 425137, 425140, 425147, 425261, 425262, 425273, 425275, 425483, 425499, E172065, E172150, 245050, 425033, 425035, 425036, 425043, 425049, 425050, 425051, 425052, 425057, 425069, 425072, 425075, 425076, 425088, 425097, 425127, 425140, 425141, 425261, 425262, 425264, 425273, 425275, 425483, 425499, E172150, 7701201542, 7701202057, 7701202216, 7701202217, 7701202283, 7701202302, 7701202475, 7701202518, 7701202711, 7701202833, 7701202847, 7701202892, 7701204357, 7701204530, 7701204708, 7701204903, 7701349869, 7701349969, 7711130008, 7711130034, 8671000105, 8671016172, 425075; Jarrupalasarja,Jarrupala, Levyjarru<\/p>\n","protected":false},"excerpt":{"rendered":"<p>TRW Jarrupalat GDB327 Jarrupalasarja,Jarrupala, Levyjarru CITRO\u00cbN,PEUGEOT,RENAULT,SAXO S0, S1,AX ZA-_,106 II 1,106 I 1A, 1C,205 II 20A\/C<\/p>\n","protected":false},"featured_media":0,"template":"","meta":{"site-sidebar-layout":"default","site-content-layout":"default","ast-global-header-display":"","ast-main-header-display":"","ast-hfb-above-header-display":"","ast-hfb-below-header-display":"","ast-hfb-mobile-header-display":"","site-post-title":"","ast-breadcrumbs-content":"","ast-featured-img":"","footer-sml-layout":"","theme-transparent-header-meta":"","adv-header-id-meta":"","stick-header-meta":"","header-above-stick-meta":"","header-main-stick-meta":"","header-below-stick-meta":""},"pwb-brand":[332],"product_cat":[100],"product_tag":[],"class_list":{"0":"post-47739","1":"product","2":"type-product","3":"status-publish","5":"pwb-brand-trw","6":"product_cat-jarrupalat","7":"desktop-align-left","8":"tablet-align-left","9":"mobile-align-left","11":"first","12":"instock","13":"product-type-external"},"brands":[{"id":332,"name":"TRW","slug":"trw"}],"_links":{"self":[{"href":"https:\/\/www.autonvaraosahaku.fi\/index.php?rest_route=\/wp\/v2\/product\/47739","targetHints":{"allow":["GET"]}}],"collection":[{"href":"https:\/\/www.autonvaraosahaku.fi\/index.php?rest_route=\/wp\/v2\/product"}],"about":[{"href":"https:\/\/www.autonvaraosahaku.fi\/index.php?rest_route=\/wp\/v2\/types\/product"}],"wp:attachment":[{"href":"https:\/\/www.autonvaraosahaku.fi\/index.php?rest_route=%2Fwp%2Fv2%2Fmedia&parent=47739"}],"wp:term":[{"taxonomy":"pwb-brand","embeddable":true,"href":"https:\/\/www.autonvaraosahaku.fi\/index.php?rest_route=%2Fwp%2Fv2%2Fpwb-brand&post=47739"},{"taxonomy":"product_cat","embeddable":true,"href":"https:\/\/www.autonvaraosahaku.fi\/index.php?rest_route=%2Fwp%2Fv2%2Fproduct_cat&post=47739"},{"taxonomy":"product_tag","embeddable":true,"href":"https:\/\/www.autonvaraosahaku.fi\/index.php?rest_route=%2Fwp%2Fv2%2Fproduct_tag&post=47739"}],"curies":[{"name":"wp","href":"https:\/\/api.w.org\/{rel}","templated":true}]}}