{"id":47744,"date":"2021-02-21T17:18:20","date_gmt":"2021-02-21T17:18:20","guid":{"rendered":"https:\/\/www.autonvaraosahaku.fi\/?product=trw-jge295t-iskunvaimennin"},"modified":"2021-02-21T17:18:21","modified_gmt":"2021-02-21T17:18:21","slug":"trw-jge295t-iskunvaimennin","status":"publish","type":"product","link":"https:\/\/www.autonvaraosahaku.fi\/?product=trw-jge295t-iskunvaimennin","title":{"rendered":"TRW JGE295T Iskunvaimennin"},"content":{"rendered":"<p>Lukum\u00e4\u00e4r\u00e4 akselille: 1; Asennuspuoli: Taka-akseli; Iskunvaimennin tyyppi: Kaasupaine; Iskunvaimennin malli: Teleskooppi-iskunvaimentaja; Iskunvaimennusj\u00e4rjestelm\u00e4: Kaksiputki; Iskunvaimennin asennustapa: Tappi ylh\u00e4\u00e4ll\u00e4, Silmukka alhaalla; L\u00e4pimitta [mm]: 49; Pituus 1 (mm): 459; Pituus 2 (mm): 291; Jousijalan l\u00e4pimitta [mm]: 14; Huomioi tekniset tiedot: ; Tuotelinja: TWIN; Alustarakenne: f\u00fcr Fahrzeuge ohne Sportfahrwerk; VOLVO: V70 III BW,V60,XC70 CROSS COUNTRY,S80 II AS,S60 II; FORD: MONDEO IV Turnier BA7,S-MAX WA6,GALAXY WA6,MONDEO IV BA7,MONDEO IV Stufenheck BA7; 1376860, 1376862, 1376864, 1405320, 1465863, 1470943, 1473830, 1474236, 1474243, 1476613, 1487145, 1539852, 1539854, 1539855, 1539856, 1682461, 1720986, 1721245, 1746169, 1746172, 1746173, 1746176, 6G9118080FAB, 6G9118080FAE, 6G9118080FAF, 6G9118080FAG, 6G9118080FDA, 6G9118080FDB, 6G9118080FDC, 6G9118080FDD, 6G9118080FDE, 6G9118080FEB, 6G9118080FEC, 6G9118080FFA, 6G9118080FFE, 6G9118080FFF, 6G9118080FGB, 6G9118080FGC, 6G9118080FLA, 6G9118080FLE, 6G9118080FLF, 6G9118080FNA, 6G9118080FNE, 6G9118080FNF, 30736943, 30736946, 30760971, 31200215, 31200386, 31200754, 31200755, 31262173, 31262177, 31262390, 31317495, 31317496, 31340696, 31340697; Iskarit,Iskunvaimennin<\/p>\n","protected":false},"excerpt":{"rendered":"<p>TRW Iskunvaimentimet JGE295T Iskarit,Iskunvaimennin VOLVO,FORD,V70 III BW,V60,XC70 CROSS COUNTRY,S80 II AS,S60 II,MONDEO IV Turnier BA7,S-MAX WA6<\/p>\n","protected":false},"featured_media":0,"template":"","meta":{"site-sidebar-layout":"default","site-content-layout":"default","ast-global-header-display":"","ast-main-header-display":"","ast-hfb-above-header-display":"","ast-hfb-below-header-display":"","ast-hfb-mobile-header-display":"","site-post-title":"","ast-breadcrumbs-content":"","ast-featured-img":"","footer-sml-layout":"","theme-transparent-header-meta":"","adv-header-id-meta":"","stick-header-meta":"","header-above-stick-meta":"","header-main-stick-meta":"","header-below-stick-meta":""},"pwb-brand":[332],"product_cat":[80],"product_tag":[],"class_list":{"0":"post-47744","1":"product","2":"type-product","3":"status-publish","5":"pwb-brand-trw","6":"product_cat-iskunvaimennin","7":"desktop-align-left","8":"tablet-align-left","9":"mobile-align-left","11":"first","12":"instock","13":"product-type-external"},"brands":[{"id":332,"name":"TRW","slug":"trw"}],"_links":{"self":[{"href":"https:\/\/www.autonvaraosahaku.fi\/index.php?rest_route=\/wp\/v2\/product\/47744","targetHints":{"allow":["GET"]}}],"collection":[{"href":"https:\/\/www.autonvaraosahaku.fi\/index.php?rest_route=\/wp\/v2\/product"}],"about":[{"href":"https:\/\/www.autonvaraosahaku.fi\/index.php?rest_route=\/wp\/v2\/types\/product"}],"wp:attachment":[{"href":"https:\/\/www.autonvaraosahaku.fi\/index.php?rest_route=%2Fwp%2Fv2%2Fmedia&parent=47744"}],"wp:term":[{"taxonomy":"pwb-brand","embeddable":true,"href":"https:\/\/www.autonvaraosahaku.fi\/index.php?rest_route=%2Fwp%2Fv2%2Fpwb-brand&post=47744"},{"taxonomy":"product_cat","embeddable":true,"href":"https:\/\/www.autonvaraosahaku.fi\/index.php?rest_route=%2Fwp%2Fv2%2Fproduct_cat&post=47744"},{"taxonomy":"product_tag","embeddable":true,"href":"https:\/\/www.autonvaraosahaku.fi\/index.php?rest_route=%2Fwp%2Fv2%2Fproduct_tag&post=47744"}],"curies":[{"name":"wp","href":"https:\/\/api.w.org\/{rel}","templated":true}]}}