{"id":47746,"date":"2021-02-21T17:18:20","date_gmt":"2021-02-21T17:18:20","guid":{"rendered":"https:\/\/www.autonvaraosahaku.fi\/?product=trw-df7374-jarrulevyt"},"modified":"2021-02-21T17:18:22","modified_gmt":"2021-02-21T17:18:22","slug":"trw-df7374-jarrulevyt","status":"publish","type":"product","link":"https:\/\/www.autonvaraosahaku.fi\/?product=trw-df7374-jarrulevyt","title":{"rendered":"TRW DF7374 Jarrulevyt"},"content":{"rendered":"<p>Jarrulevytyyppi: Vakiomalli; Ulkol\u00e4pimitta [mm]: 305; Jarrulevyn paksuus (mm): 9; V\u00e4himm\u00e4ispaksuus (mm): 7,5; Reikien m\u00e4\u00e4r\u00e4: 5; Korkeus (mm): 60,7; keskitt\u00e4misl\u00e4pimitta [mm]: 64; Reik\u00e4ympyr\u00e4-\u00d8 [mm]: 114,3; Kierremitta: 12,7; V\u00e4ri: Musta; Pinta: Lakattu; Tarkistuskilpi: E1 90R 02 C0204-0599; Asennuspuoli: Hinterachse; HONDA: CR-V III RE,CR-V II RD_,CR-V IV RE; 42510TX4A01, 42510S9AE50, 42510SA9E50, 42510SCAE50, 42510SWA000, 42510SWAA00, 42510SWAA01, 42510SWWG01, 42510T1GG00, 42510T1GG01; Jarrulevy<\/p>\n","protected":false},"excerpt":{"rendered":"<p>TRW Jarrulevyt DF7374 Jarrulevy HONDA,CR-V III RE,CR-V II RD_,CR-V IV RE<\/p>\n","protected":false},"featured_media":0,"template":"","meta":{"site-sidebar-layout":"default","site-content-layout":"default","ast-global-header-display":"","ast-main-header-display":"","ast-hfb-above-header-display":"","ast-hfb-below-header-display":"","ast-hfb-mobile-header-display":"","site-post-title":"","ast-breadcrumbs-content":"","ast-featured-img":"","footer-sml-layout":"","theme-transparent-header-meta":"","adv-header-id-meta":"","stick-header-meta":"","header-above-stick-meta":"","header-main-stick-meta":"","header-below-stick-meta":""},"pwb-brand":[332],"product_cat":[66],"product_tag":[],"class_list":{"0":"post-47746","1":"product","2":"type-product","3":"status-publish","5":"pwb-brand-trw","6":"product_cat-jarrulevyt","7":"desktop-align-left","8":"tablet-align-left","9":"mobile-align-left","11":"first","12":"instock","13":"product-type-external"},"brands":[{"id":332,"name":"TRW","slug":"trw"}],"_links":{"self":[{"href":"https:\/\/www.autonvaraosahaku.fi\/index.php?rest_route=\/wp\/v2\/product\/47746","targetHints":{"allow":["GET"]}}],"collection":[{"href":"https:\/\/www.autonvaraosahaku.fi\/index.php?rest_route=\/wp\/v2\/product"}],"about":[{"href":"https:\/\/www.autonvaraosahaku.fi\/index.php?rest_route=\/wp\/v2\/types\/product"}],"wp:attachment":[{"href":"https:\/\/www.autonvaraosahaku.fi\/index.php?rest_route=%2Fwp%2Fv2%2Fmedia&parent=47746"}],"wp:term":[{"taxonomy":"pwb-brand","embeddable":true,"href":"https:\/\/www.autonvaraosahaku.fi\/index.php?rest_route=%2Fwp%2Fv2%2Fpwb-brand&post=47746"},{"taxonomy":"product_cat","embeddable":true,"href":"https:\/\/www.autonvaraosahaku.fi\/index.php?rest_route=%2Fwp%2Fv2%2Fproduct_cat&post=47746"},{"taxonomy":"product_tag","embeddable":true,"href":"https:\/\/www.autonvaraosahaku.fi\/index.php?rest_route=%2Fwp%2Fv2%2Fproduct_tag&post=47746"}],"curies":[{"name":"wp","href":"https:\/\/api.w.org\/{rel}","templated":true}]}}