{"id":47751,"date":"2021-02-21T17:18:20","date_gmt":"2021-02-21T17:18:20","guid":{"rendered":"https:\/\/www.autonvaraosahaku.fi\/?product=trw-df4420-jarrulevyt"},"modified":"2021-02-21T17:18:23","modified_gmt":"2021-02-21T17:18:23","slug":"trw-df4420-jarrulevyt","status":"publish","type":"product","link":"https:\/\/www.autonvaraosahaku.fi\/?product=trw-df4420-jarrulevyt","title":{"rendered":"TRW DF4420 Jarrulevyt"},"content":{"rendered":"<p>Kierremitta: 13,7; Jarrulevytyyppi: Vakiomalli; Jarrulevyn paksuus (mm): 11; Ulkol\u00e4pimitta [mm]: 280; Reik\u00e4ympyr\u00e4-\u00d8 [mm]: 110; Reikien m\u00e4\u00e4r\u00e4: 5; V\u00e4himm\u00e4ispaksuus (mm): 9; Korkeus (mm): 40,8; keskitt\u00e4misl\u00e4pimitta [mm]: 72; V\u00e4ri: Musta; Pinta: Lakattu; Asennuspuoli: Hinterachse; MAZDA: 5 CR19,3 BK,3 BL,5 CW,3 Stufenheck BK,3 Stufenheck BL; BP6Y26251A, BP6Y26251B, BP6Y26251C, BP6Y26251D, BP6Y26251E, C25Y26251A, C25Y26251B, C25Y26251C; Jarrulevy<\/p>\n","protected":false},"excerpt":{"rendered":"<p>TRW Jarrulevyt DF4420 Jarrulevy MAZDA,5 CR19,3 BK,3 BL,5 CW,3 Stufenheck BK,3 Stufenheck BL<\/p>\n","protected":false},"featured_media":0,"template":"","meta":{"site-sidebar-layout":"default","site-content-layout":"default","ast-global-header-display":"","ast-main-header-display":"","ast-hfb-above-header-display":"","ast-hfb-below-header-display":"","ast-hfb-mobile-header-display":"","site-post-title":"","ast-breadcrumbs-content":"","ast-featured-img":"","footer-sml-layout":"","theme-transparent-header-meta":"","adv-header-id-meta":"","stick-header-meta":"","header-above-stick-meta":"","header-main-stick-meta":"","header-below-stick-meta":""},"pwb-brand":[332],"product_cat":[66],"product_tag":[],"class_list":{"0":"post-47751","1":"product","2":"type-product","3":"status-publish","5":"pwb-brand-trw","6":"product_cat-jarrulevyt","7":"desktop-align-left","8":"tablet-align-left","9":"mobile-align-left","11":"first","12":"instock","13":"product-type-external"},"brands":[{"id":332,"name":"TRW","slug":"trw"}],"_links":{"self":[{"href":"https:\/\/www.autonvaraosahaku.fi\/index.php?rest_route=\/wp\/v2\/product\/47751","targetHints":{"allow":["GET"]}}],"collection":[{"href":"https:\/\/www.autonvaraosahaku.fi\/index.php?rest_route=\/wp\/v2\/product"}],"about":[{"href":"https:\/\/www.autonvaraosahaku.fi\/index.php?rest_route=\/wp\/v2\/types\/product"}],"wp:attachment":[{"href":"https:\/\/www.autonvaraosahaku.fi\/index.php?rest_route=%2Fwp%2Fv2%2Fmedia&parent=47751"}],"wp:term":[{"taxonomy":"pwb-brand","embeddable":true,"href":"https:\/\/www.autonvaraosahaku.fi\/index.php?rest_route=%2Fwp%2Fv2%2Fpwb-brand&post=47751"},{"taxonomy":"product_cat","embeddable":true,"href":"https:\/\/www.autonvaraosahaku.fi\/index.php?rest_route=%2Fwp%2Fv2%2Fproduct_cat&post=47751"},{"taxonomy":"product_tag","embeddable":true,"href":"https:\/\/www.autonvaraosahaku.fi\/index.php?rest_route=%2Fwp%2Fv2%2Fproduct_tag&post=47751"}],"curies":[{"name":"wp","href":"https:\/\/api.w.org\/{rel}","templated":true}]}}