{"id":47758,"date":"2021-02-21T17:18:20","date_gmt":"2021-02-21T17:18:20","guid":{"rendered":"https:\/\/www.autonvaraosahaku.fi\/?product=vemo-v24-72-0099-anturit-sensorit"},"modified":"2021-02-21T17:18:24","modified_gmt":"2021-02-21T17:18:24","slug":"vemo-v24-72-0099-anturit-sensorit","status":"publish","type":"product","link":"https:\/\/www.autonvaraosahaku.fi\/?product=vemo-v24-72-0099-anturit-sensorit","title":{"rendered":"VEMO V24-72-0099 Anturit (sensorit)"},"content":{"rendered":"<p>Tunnistinmalli: Induktiivi anturi; Napojen m\u00e4\u00e4r\u00e4: 4; OE-numerolle: 55 219 298; Paino [kg]: 0,04523; Pakkausleveys [cm]: 4, 5,6; Pakkauskorkeus [mm]: 6,7, 3,7; Pakkaussyvyys [cm]: 6,8, 4,2; Tuotelinja: Original Quality; Moottorinumero: D13A; MAZDA: BT-50 CD, UN; CHEVROLET: CRUZE J300,CRUZE Station Wagon J308,AVEO Schr\u00e4gheck T300,CRUZE Schr\u00e4gheck J305,AVEO Stufenheck T300,MALIBU V300; JEEP: GRAND CHEROKEE IV WK, WK2,RENEGADE Gel\u00e4ndewagen geschlossen BU,CHEROKEE KL; ABARTH: 500 \/ 595 312_,500C \/ 595C 312_,PUNTO 199_,PUNTO EVO 199_; IVECO: DAILY III Pritsche\/Fahrgestell,DAILY III Kasten\/Kombi,DAILY V Kasten\/Kombi,DAILY V Pritsche\/Fahrgestell,DAILY V Kipper,DAILY VI Kasten\/Kombi,DAILY III Bus,DAILY VI Pritsche\/Fahrgestell,DAILY TOURYS Bus,DAILY CITYS; NISSAN: QASHQAI J11, J11_; HONDA: CIVIC VIII Hatchback FN, FK,CR-V III RE,CR-V II RD_,ACCORD VII CL,FR-V BE,ACCORD VIII CU,ACCORD VII Tourer CM,CIVIC IX FK,ACCORD VIII Kombi; SAAB: 9-3 YS3F,9-5 Kombi YS3E,9-3 Kombi YS3F,9-3 YS3D,9-5 YS3E,9-3 Cabriolet YS3F; SUZUKI: SWIFT IV FZ, NZ,SX4 EY, GY,SX4 S-Cross; OPEL: CORSA D,ZAFIRA B A05,ASTRA H Caravan L35,ZAFIRA A F75_,ASTRA G CC F48_, F08_,ASTRA H L48,ASTRA J Sports Tourer,ASTRA G Caravan F35_,INSIGNIA Caravan,VECTRA C Caravan,ASTRA J,ASTRA H GTC L08,MERIVA B,SIGNUM,VECTRA C,ZAFIRA TOURER C P12,MOKKA,VECTRA C GTS,ASTRA H TwinTop L67,INSIGNIA,ASTRA G Cabriolet F67,INSIGNIA Stufenheck,FRONTERA B 6B_,ASTRA G Coupe F07_,ASTRA G Stufenheck F69_,ASTRA GTC J,ASTRA J Stufenheck,CORSA D Van,CASCADA W13,ASTRA H Stufenheck L69,COMBO Kasten\/Kombi X12,ASTRA H Kasten L70,COMBO Tour X12,ASTRA G Kasten F70,CORSA E,INSIGNIA A Country Tourer G09,CORSA E Van,ASTRA CLASSIC L48; 272880, 504088431, 504245257, 55206797, 552182980, 55219298, 73503657, 77365393, 0000055219298, 0000073503657, 272880, 504088431, 504245257, 504369148, 55206797, 55218298, 552182980, 55219298, 73503657, 735036570, 77365393, 77366685, K04627187AA, K0462718AA, K68093409AA, K68141820AA, K68153918AA, 2R0906051C, 55206797, 55568175, 93171176, 55206797, 55568175, 93171176, 1235029, 1235084, 55206797, 55219298, 55568175, 93171176, 93195416, 045962101F, 45962101F, 4627187AA, 55219298, 68093409AA, 68141820AA, 68153918AA, 1611432480, 163639, 163661, 1920SS, 223650002R, 8200758731, 55206797, 55568175, 93171176, 272880, 504088431, 504245257, 55206797, 552182980, 55219298, 73503657, 77365393, 0000055219298, 0000073503657, 0000077366685, 0000504088431, 0000504369148, 00K04627187AA, 00K68093409AA, 00K68141820AA, 00K68153918AA, 272880, 504088431, 504245257, 504369148, 51792301, 55206797, 55218298, 552182980, 55219298, 552192980, 68141820AA, 73503657, 735036570, 77365393, 77366685, K04627187AA, K6809&#8230;<\/p>\n","protected":false},"excerpt":{"rendered":"<p>VEMO Paineilma-Anturi, Korkeus V24-72-0099  MAZDA,CHEVROLET,JEEP,BT-50 CD, UN,CRUZE J300,CRUZE Station Wagon J308,AVEO Schr\u00e4gheck T300<\/p>\n","protected":false},"featured_media":0,"template":"","meta":{"site-sidebar-layout":"default","site-content-layout":"default","ast-global-header-display":"","ast-main-header-display":"","ast-hfb-above-header-display":"","ast-hfb-below-header-display":"","ast-hfb-mobile-header-display":"","site-post-title":"","ast-breadcrumbs-content":"","ast-featured-img":"","footer-sml-layout":"","theme-transparent-header-meta":"","adv-header-id-meta":"","stick-header-meta":"","header-above-stick-meta":"","header-main-stick-meta":"","header-below-stick-meta":""},"pwb-brand":[168],"product_cat":[98],"product_tag":[],"class_list":{"0":"post-47758","1":"product","2":"type-product","3":"status-publish","5":"pwb-brand-vemo","6":"product_cat-anturit-sensorit","7":"desktop-align-left","8":"tablet-align-left","9":"mobile-align-left","11":"first","12":"instock","13":"product-type-external"},"brands":[{"id":168,"name":"VEMO","slug":"vemo"}],"_links":{"self":[{"href":"https:\/\/www.autonvaraosahaku.fi\/index.php?rest_route=\/wp\/v2\/product\/47758","targetHints":{"allow":["GET"]}}],"collection":[{"href":"https:\/\/www.autonvaraosahaku.fi\/index.php?rest_route=\/wp\/v2\/product"}],"about":[{"href":"https:\/\/www.autonvaraosahaku.fi\/index.php?rest_route=\/wp\/v2\/types\/product"}],"wp:attachment":[{"href":"https:\/\/www.autonvaraosahaku.fi\/index.php?rest_route=%2Fwp%2Fv2%2Fmedia&parent=47758"}],"wp:term":[{"taxonomy":"pwb-brand","embeddable":true,"href":"https:\/\/www.autonvaraosahaku.fi\/index.php?rest_route=%2Fwp%2Fv2%2Fpwb-brand&post=47758"},{"taxonomy":"product_cat","embeddable":true,"href":"https:\/\/www.autonvaraosahaku.fi\/index.php?rest_route=%2Fwp%2Fv2%2Fproduct_cat&post=47758"},{"taxonomy":"product_tag","embeddable":true,"href":"https:\/\/www.autonvaraosahaku.fi\/index.php?rest_route=%2Fwp%2Fv2%2Fproduct_tag&post=47758"}],"curies":[{"name":"wp","href":"https:\/\/api.w.org\/{rel}","templated":true}]}}