{"id":47810,"date":"2021-02-21T17:18:36","date_gmt":"2021-02-21T17:18:36","guid":{"rendered":"https:\/\/www.autonvaraosahaku.fi\/?product=a-b-s-9028-jarrukengat"},"modified":"2021-02-21T17:18:39","modified_gmt":"2021-02-21T17:18:39","slug":"a-b-s-9028-jarrukengat","status":"publish","type":"product","link":"https:\/\/www.autonvaraosahaku.fi\/?product=a-b-s-9028-jarrukengat","title":{"rendered":"A.B.S. 9028 Jarrukeng\u00e4t"},"content":{"rendered":"<p>L\u00e4pimitta [mm]: 228; Leveys (mm): 40; Jarruj\u00e4rjestelm\u00e4: LUCAS\/TRW; Valmistaja rajaus: TRW; Paino [kg]: 1,94; Asennuspuoli: Hinterachse; RENAULT: ESPACE III JE0_; PEUGEOT: PARTNER Tepee,PARTNER Combispace 5F,PARTNER Kasten 5,PARTNER Kasten,405 II 4B,405 II Break 4E,PARTNER Pritsche\/Fahrgestell; CITRO\u00cbN: BERLINGO MF,XSARA PICASSO N68,BERLINGO Kasten M_,BERLINGO Kasten B9; 1610091280, 4141K8, 4241J8, 4241K8, 4241L6, 1610091280, 4241H6, 4241J8, 4241K8, 4241L6, PC351625, 6025370305; Jarrukenk\u00e4sarja<\/p>\n","protected":false},"excerpt":{"rendered":"<p>A.B.S. Jarrukeng\u00e4t 9028 Jarrukenk\u00e4sarja RENAULT,PEUGEOT,CITRO\u00cbN,ESPACE III JE0_,PARTNER Tepee,PARTNER Combispace 5F,PARTNER Kasten 5,PARTNER Kasten<\/p>\n","protected":false},"featured_media":0,"template":"","meta":{"site-sidebar-layout":"default","site-content-layout":"default","ast-global-header-display":"","ast-main-header-display":"","ast-hfb-above-header-display":"","ast-hfb-below-header-display":"","ast-hfb-mobile-header-display":"","site-post-title":"","ast-breadcrumbs-content":"","ast-featured-img":"","footer-sml-layout":"","theme-transparent-header-meta":"","adv-header-id-meta":"","stick-header-meta":"","header-above-stick-meta":"","header-main-stick-meta":"","header-below-stick-meta":""},"pwb-brand":[326],"product_cat":[176],"product_tag":[],"class_list":{"0":"post-47810","1":"product","2":"type-product","3":"status-publish","5":"pwb-brand-a-b-s","6":"product_cat-jarrukengat","7":"desktop-align-left","8":"tablet-align-left","9":"mobile-align-left","11":"first","12":"instock","13":"product-type-external"},"brands":[{"id":326,"name":"A.B.S.","slug":"a-b-s"}],"_links":{"self":[{"href":"https:\/\/www.autonvaraosahaku.fi\/index.php?rest_route=\/wp\/v2\/product\/47810","targetHints":{"allow":["GET"]}}],"collection":[{"href":"https:\/\/www.autonvaraosahaku.fi\/index.php?rest_route=\/wp\/v2\/product"}],"about":[{"href":"https:\/\/www.autonvaraosahaku.fi\/index.php?rest_route=\/wp\/v2\/types\/product"}],"wp:attachment":[{"href":"https:\/\/www.autonvaraosahaku.fi\/index.php?rest_route=%2Fwp%2Fv2%2Fmedia&parent=47810"}],"wp:term":[{"taxonomy":"pwb-brand","embeddable":true,"href":"https:\/\/www.autonvaraosahaku.fi\/index.php?rest_route=%2Fwp%2Fv2%2Fpwb-brand&post=47810"},{"taxonomy":"product_cat","embeddable":true,"href":"https:\/\/www.autonvaraosahaku.fi\/index.php?rest_route=%2Fwp%2Fv2%2Fproduct_cat&post=47810"},{"taxonomy":"product_tag","embeddable":true,"href":"https:\/\/www.autonvaraosahaku.fi\/index.php?rest_route=%2Fwp%2Fv2%2Fproduct_tag&post=47810"}],"curies":[{"name":"wp","href":"https:\/\/api.w.org\/{rel}","templated":true}]}}