{"id":47829,"date":"2021-02-21T17:18:42","date_gmt":"2021-02-21T17:18:42","guid":{"rendered":"https:\/\/www.autonvaraosahaku.fi\/?product=valeo-032000-lamput-hehkulamppu"},"modified":"2021-02-21T17:18:44","modified_gmt":"2021-02-21T17:18:44","slug":"valeo-032000-lamput-hehkulamppu","status":"publish","type":"product","link":"https:\/\/www.autonvaraosahaku.fi\/?product=valeo-032000-lamput-hehkulamppu","title":{"rendered":"VALEO 032000 Lamput (hehkulamppu)"},"content":{"rendered":"<p>Lamppumalli: R2 (Bilux); J\u00e4nnite (V): 12; Nimellisteho (W): 45\/40; Kantamalli: P45t-41; Pakkaustyyppi: Kuplapakkaus; M\u00e4\u00e4r\u00e4: 1; lis\u00e4tieto: ESSENTIAL; Valmistusvuosi alkaen: 03\/1980; VW: GOLF I Cabriolet 155,KAEFER,LT 28-35 I Kasten 281-363,GOLF I 17,CADDY I 14,KAEFER Cabriolet 15,LT 28-35 II Bus 2DB, 2DE, 2DK,TRANSPORTER II Bus,LT 28-35 I Pritsche\/Fahrgestell 281-363,TRANSPORTER III Pritsche\/Fahrgestell,LT 40-55 I Pritsche\/Fahrgestell 293-909,1500,1600 Variant 36,1500,1600 31,PASSAT 32,LT 40-55 I Kasten 291-512,1500,1600 Schr\u00e4gheck 31,TRANSPORTER II Kasten,PASSAT Variant 33,TRANSPORTER II Pritsche\/Fahrgestell; MAZDA: 323 III Hatchback BF,323 III BF,121 I DA; BMW: 3 E21; SEAT: MARBELLA Kasten 028A,PANDA 141A; LADA: NIVA 2121,1200-1600; VOLVO: 340-360 343, 345,340-360 Stufenheck 344; DAIHATSU: CHARADE III G100, G101, G102,CHARMANT A; ROVER: MINI,MINI-MOKE; SUZUKI: SAMURAI SJ,SJ 413,SJ 410 Cabrio,SJ 410,SWIFT I AA,SUPER CARRY Bus ED,ALTO,ALTO SS80,CARRY Kasten SK410,CARRY Pick-up,ALTO CM11, CL11, CP11, CN11, CP21, CN21, CM21, CL21, CS22,,CARRY Kasten,SUPER CARRY Kasten ED; MERCEDES-BENZ: S-CLASS W126,G-CLASS W460,S-CLASS W116,G-CLASS W461,T1 Bus 601,T1 Pritsche\/Fahrgestell 602,T2\/L Kasten\/Kombi,T1 Kasten 602,T1 Pritsche\/Fahrgestell 601,T1 Kasten 601,T2\/L Pritsche\/Fahrgestell,T1\/TN Pritsche\/Fahrgestell,T1\/TN Kasten\/Kombi,T2\/L Kommunalfahrzeug,T2\/L Kipper<\/p>\n","protected":false},"excerpt":{"rendered":"<p>VALEO Polttimo, Kaukovalo 032000  VW,MAZDA,BMW,GOLF I Cabriolet 155,KAEFER,LT 28-35 I Kasten 281-363,GOLF I 17,CADDY I 14,KAEFER Cabriolet 15<\/p>\n","protected":false},"featured_media":0,"template":"","meta":{"site-sidebar-layout":"default","site-content-layout":"default","ast-global-header-display":"","ast-main-header-display":"","ast-hfb-above-header-display":"","ast-hfb-below-header-display":"","ast-hfb-mobile-header-display":"","site-post-title":"","ast-breadcrumbs-content":"","ast-featured-img":"","footer-sml-layout":"","theme-transparent-header-meta":"","adv-header-id-meta":"","stick-header-meta":"","header-above-stick-meta":"","header-main-stick-meta":"","header-below-stick-meta":""},"pwb-brand":[28],"product_cat":[151],"product_tag":[],"class_list":{"0":"post-47829","1":"product","2":"type-product","3":"status-publish","5":"pwb-brand-valeo","6":"product_cat-lamput-hehkulamppu","7":"desktop-align-left","8":"tablet-align-left","9":"mobile-align-left","11":"first","12":"instock","13":"product-type-external"},"brands":[{"id":28,"name":"VALEO","slug":"valeo"}],"_links":{"self":[{"href":"https:\/\/www.autonvaraosahaku.fi\/index.php?rest_route=\/wp\/v2\/product\/47829","targetHints":{"allow":["GET"]}}],"collection":[{"href":"https:\/\/www.autonvaraosahaku.fi\/index.php?rest_route=\/wp\/v2\/product"}],"about":[{"href":"https:\/\/www.autonvaraosahaku.fi\/index.php?rest_route=\/wp\/v2\/types\/product"}],"wp:attachment":[{"href":"https:\/\/www.autonvaraosahaku.fi\/index.php?rest_route=%2Fwp%2Fv2%2Fmedia&parent=47829"}],"wp:term":[{"taxonomy":"pwb-brand","embeddable":true,"href":"https:\/\/www.autonvaraosahaku.fi\/index.php?rest_route=%2Fwp%2Fv2%2Fpwb-brand&post=47829"},{"taxonomy":"product_cat","embeddable":true,"href":"https:\/\/www.autonvaraosahaku.fi\/index.php?rest_route=%2Fwp%2Fv2%2Fproduct_cat&post=47829"},{"taxonomy":"product_tag","embeddable":true,"href":"https:\/\/www.autonvaraosahaku.fi\/index.php?rest_route=%2Fwp%2Fv2%2Fproduct_tag&post=47829"}],"curies":[{"name":"wp","href":"https:\/\/api.w.org\/{rel}","templated":true}]}}