{"id":47836,"date":"2021-02-21T17:18:42","date_gmt":"2021-02-21T17:18:42","guid":{"rendered":"https:\/\/www.autonvaraosahaku.fi\/?product=topran-109-316-sytytyspuola"},"modified":"2021-02-21T17:18:45","modified_gmt":"2021-02-21T17:18:45","slug":"topran-109-316-sytytyspuola","status":"publish","type":"product","link":"https:\/\/www.autonvaraosahaku.fi\/?product=topran-109-316-sytytyspuola","title":{"rendered":"TOPRAN 109 316 Sytytyspuola"},"content":{"rendered":"<p>Puola-sytytysj\u00e4rjestelm\u00e4: Transistorisytytys (TS); Korvaava tuote\/korvaava tiedote 2: Sytytyspuolalla; Napojen m\u00e4\u00e4r\u00e4: 4; Sytytyspuola: Liit\u00e4nt\u00e4 SAE; Pistokkeen kotelon muoto: D-muoto; K\u00e4ytt\u00f6j\u00e4nnite [V]: 12; Moottorinumero: AKK; VW: GOLF IV 1J1,GOLF V 1K1,POLO 9N_,GOLF VI 5K1,GOLF PLUS 5M1, 521,PASSAT Variant 3B6,LUPO 6X1, 6E1,POLO 6R, 6C,GOLF IV Variant 1J5,SHARAN 7M8, 7M9, 7M6,POLO 6N2,POLO 6N1,CADDY III Kombi 2KB, 2KJ, 2CB, 2CJ,PASSAT Variant 3B5,TRANSPORTER V Bus 7HB, 7HJ, 7EB, 7EJ, 7EF,FOX 5Z1, 5Z3,GOLF VI Variant AJ5,CADDY III Kasten 2KA, 2KH, 2CA, 2CH,BORA 1J2,PASSAT 3B2,TRANSPORTER V Kasten 7HA, 7HH, 7EA, 7EH,NEW BEETLE 9C1, 1C1,PASSAT 3B3,BORA Kombi 1J6,NEW BEETLE Cabriolet 1Y7,JETTA III 1K2,POLO CLASSIC 6KV2,JETTA IV 162, 163,TRANSPORTER V Pritsche\/Fahrgestell 7JD, 7JE, 7JL, 7JY, 7JZ,,CADDY II Kombi 9K9B; AUDI: A3 8P1,A3 Sportback 8PA,A4 8D2, B5,A4 Avant 8ED, B7,A4 Avant 8E5, B6,A4 Avant 8D5, B5,A4 8E2, B6,A2 8Z0,A4 8EC, B7; SKODA: OCTAVIA Combi 1Z5,FABIA Combi 6Y5,FABIA 6Y2,OCTAVIA Combi 1U5,OCTAVIA 1Z3,OCTAVIA 1U2,SUPERB 3U4,RAPID Spaceback NH1,FABIA Stufenheck 6Y3,RAPID NH3; SEAT: IBIZA IV 6L1,LEON 1M1,ALTEA 5P1,AROSA 6H,ALHAMBRA 7V8, 7V9,ALTEA XL 5P5, 5P8,EXEO ST 3R5,IBIZA II 6K1,TOLEDO II 1M2,IBIZA V SPORTCOUPE 6J1, 6P1,EXEO 3R2,CORDOBA 6K1, 6K2,CORDOBA 6L2,INCA 6K9; 032905106, 032905106B, 032905106D, 032905106E, JZZ905106, 032905106, 032905106B, 032905106D, 032905106E, JZZ905106, 032905106, 032905106B, 032905106D, 032905106E, JZZ905106, 032905106, 032905106B, 032905106D, 032905106E, JZZ905106<\/p>\n","protected":false},"excerpt":{"rendered":"<p>TOPRAN Sytytyspuola 109 316  VW,AUDI,SKODA,GOLF IV 1J1,GOLF V 1K1,POLO 9N_,GOLF VI 5K1,GOLF PLUS 5M1, 521,PASSAT Variant 3B6,LUPO 6X1, 6E1,POLO 6R, 6C<\/p>\n","protected":false},"featured_media":0,"template":"","meta":{"site-sidebar-layout":"default","site-content-layout":"default","ast-global-header-display":"","ast-main-header-display":"","ast-hfb-above-header-display":"","ast-hfb-below-header-display":"","ast-hfb-mobile-header-display":"","site-post-title":"","ast-breadcrumbs-content":"","ast-featured-img":"","footer-sml-layout":"","theme-transparent-header-meta":"","adv-header-id-meta":"","stick-header-meta":"","header-above-stick-meta":"","header-main-stick-meta":"","header-below-stick-meta":""},"pwb-brand":[18],"product_cat":[25],"product_tag":[],"class_list":{"0":"post-47836","1":"product","2":"type-product","3":"status-publish","5":"pwb-brand-topran","6":"product_cat-sytytyspuola","7":"desktop-align-left","8":"tablet-align-left","9":"mobile-align-left","11":"first","12":"instock","13":"product-type-external"},"brands":[{"id":18,"name":"TOPRAN","slug":"topran"}],"_links":{"self":[{"href":"https:\/\/www.autonvaraosahaku.fi\/index.php?rest_route=\/wp\/v2\/product\/47836","targetHints":{"allow":["GET"]}}],"collection":[{"href":"https:\/\/www.autonvaraosahaku.fi\/index.php?rest_route=\/wp\/v2\/product"}],"about":[{"href":"https:\/\/www.autonvaraosahaku.fi\/index.php?rest_route=\/wp\/v2\/types\/product"}],"wp:attachment":[{"href":"https:\/\/www.autonvaraosahaku.fi\/index.php?rest_route=%2Fwp%2Fv2%2Fmedia&parent=47836"}],"wp:term":[{"taxonomy":"pwb-brand","embeddable":true,"href":"https:\/\/www.autonvaraosahaku.fi\/index.php?rest_route=%2Fwp%2Fv2%2Fpwb-brand&post=47836"},{"taxonomy":"product_cat","embeddable":true,"href":"https:\/\/www.autonvaraosahaku.fi\/index.php?rest_route=%2Fwp%2Fv2%2Fproduct_cat&post=47836"},{"taxonomy":"product_tag","embeddable":true,"href":"https:\/\/www.autonvaraosahaku.fi\/index.php?rest_route=%2Fwp%2Fv2%2Fproduct_tag&post=47836"}],"curies":[{"name":"wp","href":"https:\/\/api.w.org\/{rel}","templated":true}]}}