{"id":47839,"date":"2021-02-21T17:18:47","date_gmt":"2021-02-21T17:18:47","guid":{"rendered":"https:\/\/www.autonvaraosahaku.fi\/?product=topran-700-471-sytytyspuola"},"modified":"2021-02-21T17:18:47","modified_gmt":"2021-02-21T17:18:47","slug":"topran-700-471-sytytyspuola","status":"publish","type":"product","link":"https:\/\/www.autonvaraosahaku.fi\/?product=topran-700-471-sytytyspuola","title":{"rendered":"TOPRAN 700 471 Sytytyspuola"},"content":{"rendered":"<p>Napojen m\u00e4\u00e4r\u00e4: 4; Sytytystulpan kosketin: Sytytystulppakoskettimella; Korvaava tuote\/korvaava tiedote 2: Kaapelilla; Pistokkeen kotelon muoto: Soikea; TECDOC-moottorinumero: 16186; NISSAN: KUBISTAR Kasten X80; RENAULT: TWINGO I C06_,KANGOO KC0\/1_,KANGOO Express FC0\/1_,TWINGO I Kasten S06_,THALIA I LB0\/1\/2_; 2244800QAD, 8200025256, 8200051128, 8200084401<\/p>\n","protected":false},"excerpt":{"rendered":"<p>TOPRAN Sytytyspuola 700 471  NISSAN,RENAULT,KUBISTAR Kasten X80,TWINGO I C06_,KANGOO KC0\/1_,KANGOO Express FC0\/1_,TWINGO I Kasten S06_<\/p>\n","protected":false},"featured_media":0,"template":"","meta":{"site-sidebar-layout":"default","site-content-layout":"default","ast-global-header-display":"","ast-main-header-display":"","ast-hfb-above-header-display":"","ast-hfb-below-header-display":"","ast-hfb-mobile-header-display":"","site-post-title":"","ast-breadcrumbs-content":"","ast-featured-img":"","footer-sml-layout":"","theme-transparent-header-meta":"","adv-header-id-meta":"","stick-header-meta":"","header-above-stick-meta":"","header-main-stick-meta":"","header-below-stick-meta":""},"pwb-brand":[18],"product_cat":[25],"product_tag":[],"class_list":{"0":"post-47839","1":"product","2":"type-product","3":"status-publish","5":"pwb-brand-topran","6":"product_cat-sytytyspuola","7":"desktop-align-left","8":"tablet-align-left","9":"mobile-align-left","11":"first","12":"instock","13":"product-type-external"},"brands":[{"id":18,"name":"TOPRAN","slug":"topran"}],"_links":{"self":[{"href":"https:\/\/www.autonvaraosahaku.fi\/index.php?rest_route=\/wp\/v2\/product\/47839","targetHints":{"allow":["GET"]}}],"collection":[{"href":"https:\/\/www.autonvaraosahaku.fi\/index.php?rest_route=\/wp\/v2\/product"}],"about":[{"href":"https:\/\/www.autonvaraosahaku.fi\/index.php?rest_route=\/wp\/v2\/types\/product"}],"wp:attachment":[{"href":"https:\/\/www.autonvaraosahaku.fi\/index.php?rest_route=%2Fwp%2Fv2%2Fmedia&parent=47839"}],"wp:term":[{"taxonomy":"pwb-brand","embeddable":true,"href":"https:\/\/www.autonvaraosahaku.fi\/index.php?rest_route=%2Fwp%2Fv2%2Fpwb-brand&post=47839"},{"taxonomy":"product_cat","embeddable":true,"href":"https:\/\/www.autonvaraosahaku.fi\/index.php?rest_route=%2Fwp%2Fv2%2Fproduct_cat&post=47839"},{"taxonomy":"product_tag","embeddable":true,"href":"https:\/\/www.autonvaraosahaku.fi\/index.php?rest_route=%2Fwp%2Fv2%2Fproduct_tag&post=47839"}],"curies":[{"name":"wp","href":"https:\/\/api.w.org\/{rel}","templated":true}]}}