{"id":47855,"date":"2021-02-21T17:18:47","date_gmt":"2021-02-21T17:18:47","guid":{"rendered":"https:\/\/www.autonvaraosahaku.fi\/?product=tyc-305-0116-sivupeilit"},"modified":"2021-02-21T17:18:51","modified_gmt":"2021-02-21T17:18:51","slug":"tyc-305-0116-sivupeilit","status":"publish","type":"product","link":"https:\/\/www.autonvaraosahaku.fi\/?product=tyc-305-0116-sivupeilit","title":{"rendered":"TYC 305-0116 Sivupeilit"},"content":{"rendered":"<p>Asennuspuoli: Vasen; Ulko-\/sis\u00e4peili: S\u00e4\u00e4t\u00f6: vaijeri, Kupera; Pinta: Pohjustettu; Rekister\u00f6ity tyyppi: E-hyv\u00e4ksytty; TOYOTA: AYGO WNB1_, KGB1_; CITRO\u00cbN: C1 PM_, PN_; PEUGEOT: 107; 8149XW, 8149YE, 8151HY, 815290, 8153YW, 8149XW, 8149YE, 8151HY, 815290, 8153YW, 8149XW, 8149YE, 879090H010, 879400H010, 879400H011, 879450H901; Ulkopeilit,Ulkopeili<\/p>\n","protected":false},"excerpt":{"rendered":"<p>TYC Sivupeilit 305-0116 Ulkopeilit,Ulkopeili TOYOTA,CITRO\u00cbN,PEUGEOT,AYGO WNB1_, KGB1_,C1 PM_, PN_,107<\/p>\n","protected":false},"featured_media":0,"template":"","meta":{"site-sidebar-layout":"default","site-content-layout":"default","ast-global-header-display":"","ast-main-header-display":"","ast-hfb-above-header-display":"","ast-hfb-below-header-display":"","ast-hfb-mobile-header-display":"","site-post-title":"","ast-breadcrumbs-content":"","ast-featured-img":"","footer-sml-layout":"","theme-transparent-header-meta":"","adv-header-id-meta":"","stick-header-meta":"","header-above-stick-meta":"","header-main-stick-meta":"","header-below-stick-meta":""},"pwb-brand":[124],"product_cat":[220],"product_tag":[],"class_list":{"0":"post-47855","1":"product","2":"type-product","3":"status-publish","5":"pwb-brand-tyc","6":"product_cat-sivupeilit","7":"desktop-align-left","8":"tablet-align-left","9":"mobile-align-left","11":"first","12":"instock","13":"product-type-external"},"brands":[{"id":124,"name":"TYC","slug":"tyc"}],"_links":{"self":[{"href":"https:\/\/www.autonvaraosahaku.fi\/index.php?rest_route=\/wp\/v2\/product\/47855","targetHints":{"allow":["GET"]}}],"collection":[{"href":"https:\/\/www.autonvaraosahaku.fi\/index.php?rest_route=\/wp\/v2\/product"}],"about":[{"href":"https:\/\/www.autonvaraosahaku.fi\/index.php?rest_route=\/wp\/v2\/types\/product"}],"wp:attachment":[{"href":"https:\/\/www.autonvaraosahaku.fi\/index.php?rest_route=%2Fwp%2Fv2%2Fmedia&parent=47855"}],"wp:term":[{"taxonomy":"pwb-brand","embeddable":true,"href":"https:\/\/www.autonvaraosahaku.fi\/index.php?rest_route=%2Fwp%2Fv2%2Fpwb-brand&post=47855"},{"taxonomy":"product_cat","embeddable":true,"href":"https:\/\/www.autonvaraosahaku.fi\/index.php?rest_route=%2Fwp%2Fv2%2Fproduct_cat&post=47855"},{"taxonomy":"product_tag","embeddable":true,"href":"https:\/\/www.autonvaraosahaku.fi\/index.php?rest_route=%2Fwp%2Fv2%2Fproduct_tag&post=47855"}],"curies":[{"name":"wp","href":"https:\/\/api.w.org\/{rel}","templated":true}]}}