{"id":47874,"date":"2021-02-21T17:18:53","date_gmt":"2021-02-21T17:18:53","guid":{"rendered":"https:\/\/www.autonvaraosahaku.fi\/?product=van-wezel-06002205-jaahdytin"},"modified":"2021-02-21T17:18:56","modified_gmt":"2021-02-21T17:18:56","slug":"van-wezel-06002205-jaahdytin","status":"publish","type":"product","link":"https:\/\/www.autonvaraosahaku.fi\/?product=van-wezel-06002205-jaahdytin","title":{"rendered":"VAN WEZEL 06002205 J\u00e4\u00e4hdytin"},"content":{"rendered":"<p>J\u00e4hdytysripamateriaali: Alumiini; J\u00e4\u00e4hdytintyyppi: J\u00e4\u00e4hdytysrivat juotetut; Matriaali j\u00e4\u00e4hdyttimen s\u00e4ili\u00f6: Muovi; Lis\u00e4tarvike\/lis\u00e4tieto: Tarvikkeilla; Mekaanisesti ty\u00f6stetty: Aukko\/aukot \u00f6ljynj\u00e4\u00e4hdyttimelle; L\u00e4pimitta 1 [mm]: 18,5; Verkon pituus [mm]: 580; Verkon leveys [mm]: 450; Verkon syvyys [mm]: 30; Laatu: IR PLUS; Liittimet: QF; Sis\u00e4\u00e4ntulol\u00e4pimitta [mm]: 38,7; Ulostulon l\u00e4pimitta [mm]: 38,7; lis\u00e4tieto: *** IR PLUS ***; Vaihteistomalli: Automatikgetriebe; BMW: 3 E46,3 Touring E46,3 Compact E46,3 Coupe E46,3 Cabriolet E46,Z4 E85; 1611557, 1611565, 1611573, 17111611557, 17111611565, 17119071517, 17119071518, 17119071519, 9071517, 9071517AT, 9071517MT, 9071518, 9071518AT, 9071518MT, 9071519, 9071519AT, 9071519MT; Syyl\u00e4ri,J\u00e4\u00e4hdytin,Moottorin J\u00e4\u00e4hdytys<\/p>\n","protected":false},"excerpt":{"rendered":"<p>VAN WEZEL J\u00e4\u00e4hdytin 06002205 Syyl\u00e4ri,J\u00e4\u00e4hdytin,Moottorin J\u00e4\u00e4hdytys BMW,3 E46,3 Touring E46,3 Compact E46,3 Coupe E46,3 Cabriolet E46,Z4 E85<\/p>\n","protected":false},"featured_media":0,"template":"","meta":{"site-sidebar-layout":"default","site-content-layout":"default","ast-global-header-display":"","ast-main-header-display":"","ast-hfb-above-header-display":"","ast-hfb-below-header-display":"","ast-hfb-mobile-header-display":"","site-post-title":"","ast-breadcrumbs-content":"","ast-featured-img":"","footer-sml-layout":"","theme-transparent-header-meta":"","adv-header-id-meta":"","stick-header-meta":"","header-above-stick-meta":"","header-main-stick-meta":"","header-below-stick-meta":""},"pwb-brand":[54],"product_cat":[421],"product_tag":[],"class_list":{"0":"post-47874","1":"product","2":"type-product","3":"status-publish","5":"pwb-brand-van-wezel","6":"product_cat-jaahdytin","7":"desktop-align-left","8":"tablet-align-left","9":"mobile-align-left","11":"first","12":"instock","13":"product-type-external"},"brands":[{"id":54,"name":"VAN WEZEL","slug":"van-wezel"}],"_links":{"self":[{"href":"https:\/\/www.autonvaraosahaku.fi\/index.php?rest_route=\/wp\/v2\/product\/47874","targetHints":{"allow":["GET"]}}],"collection":[{"href":"https:\/\/www.autonvaraosahaku.fi\/index.php?rest_route=\/wp\/v2\/product"}],"about":[{"href":"https:\/\/www.autonvaraosahaku.fi\/index.php?rest_route=\/wp\/v2\/types\/product"}],"wp:attachment":[{"href":"https:\/\/www.autonvaraosahaku.fi\/index.php?rest_route=%2Fwp%2Fv2%2Fmedia&parent=47874"}],"wp:term":[{"taxonomy":"pwb-brand","embeddable":true,"href":"https:\/\/www.autonvaraosahaku.fi\/index.php?rest_route=%2Fwp%2Fv2%2Fpwb-brand&post=47874"},{"taxonomy":"product_cat","embeddable":true,"href":"https:\/\/www.autonvaraosahaku.fi\/index.php?rest_route=%2Fwp%2Fv2%2Fproduct_cat&post=47874"},{"taxonomy":"product_tag","embeddable":true,"href":"https:\/\/www.autonvaraosahaku.fi\/index.php?rest_route=%2Fwp%2Fv2%2Fproduct_tag&post=47874"}],"curies":[{"name":"wp","href":"https:\/\/api.w.org\/{rel}","templated":true}]}}