{"id":47881,"date":"2021-02-21T17:18:58","date_gmt":"2021-02-21T17:18:58","guid":{"rendered":"https:\/\/www.autonvaraosahaku.fi\/?product=spidan-190968-vetonivelen-suojakumi"},"modified":"2021-02-21T17:18:59","modified_gmt":"2021-02-21T17:18:59","slug":"spidan-190968-vetonivelen-suojakumi","status":"publish","type":"product","link":"https:\/\/www.autonvaraosahaku.fi\/?product=spidan-190968-vetonivelen-suojakumi","title":{"rendered":"SPIDAN 190968 Vetonivelen suojakumi"},"content":{"rendered":"<p>Sis\u00e4l\u00e4pimitta 1 alkaen [mm]: 23; Sis\u00e4l\u00e4pimitta 1 enint\u00e4\u00e4n [mm]: 25; Sis\u00e4l\u00e4pimitta 2 alkaen [mm]: 73; Sis\u00e4l\u00e4pimitta 2 enint\u00e4\u00e4n [mm]: 76; Korkeus (mm): 86; Paljekumin materiaali: Neopreni; Versio: FlexBoot; Uusi osa: ; Valmistusvuosi alkaen: 07\/1985; VW: LUPO 6X1, 6E1,GOLF III 1H1,POLO 6N2,POLO 6N1,GOLF II 19E, 1G1,TOUAREG 7LA, 7L6, 7L7,PASSAT Variant 3A5, 35I,GOLF I Cabriolet 155,GOLF III Cabriolet 1E7,GOLF Mk III Cabriolet 1E7,GOLF III Variant 1H5,POLO 86C, 80,POLO Coupe 86C, 80,PASSAT 3A2, 35I,CADDY II Kasten 9K9A,POLO Variant 6KV5,POLO CLASSIC 6KV2,SCIROCCO 53B,VENTO 1H2,GOLF I 17,CADDY I 14,JETTA II 19E, 1G2, 165,PASSAT Variant 32B,POLO Kasten 6NF,POLO CLASSIC 86C, 80,CADDY II Kombi 9K9B,PASSAT 32B,SCIROCCO 53,JETTA I 16,POLO Kasten 86CF,PASSAT Stufenheck 32B,SANTANA 32B; AUDI: A6 Avant 4B5, C5; MERCEDES-BENZ: A-CLASS W169,A-CLASS W168,B-CLASS W245,M-CLASS W164,VANEO 414,R-CLASS W251, V251,GL-CLASS X164; OPEL: ANTARA,MONTEREY B; FORD: FOCUS II Kombi DA_,FIESTA VI,FOCUS II DA_,FOCUS C-MAX,FIESTA IV JA_, JB_,KUGA I,C-MAX DM2,FOCUS II Stufenheck DA_,B-MAX JK,FOCUS II Cabriolet,FIESTA VI Van,B-MAX Van; RENAULT: TWINGO I C06_,CLIO II BB0\/1\/2_, CB0\/1\/2_,CLIO III BR0\/1, CR0\/1,SC\u00c9NIC II JM0\/1_,KANGOO KC0\/1_,MEGANE III Grandtour KZ0\/1,SC\u00c9NIC I JA0\/1_,SC\u00c9NIC III JZ0\/1_,LAGUNA III Grandtour KT0\/1,CLIO IV,MEGANE III Schr\u00e4gheck BZ0_,MEGANE II BM0\/1_, CM0\/1_,GRAND SC\u00c9NIC III JZ0\/1_,MEGANE I BA0\/1_,MEGANE III Coupe DZ0\/1_,KANGOO \/ GRAND KANGOO KW0\/1_,KANGOO Express FC0\/1_,GRAND SC\u00c9NIC II JM0\/1_,MEGANE I Cabriolet EA0\/1_,CAPTUR,LAGUNA III BT0\/1,KANGOO Express FW0\/1_,MEGANE II Stufenheck LM0\/1_,CLIO Grandtour IV,MEGANE I Classic LA0\/1_,MEGANE I Coach DA0\/1_,KANGOO BE BOP KW0\/1_,MEGANE CC EZ0\/1_,CLIO II Kasten SB0\/1\/2_,LAGUNA Coupe DT0\/1,ZOE,FLUENCE L30_,THALIA I LB0\/1\/2_,DUSTER,CLIO IV Kasten,MEGANE II Kasten\/Kombi KM_,SANDERO\/STEPWAY II,LOGAN II Kombi,LOGAN II,THALIA III; FIAT: BRAVO II 198,SEDICI,CROMA 154,124 Spider 348_; PEUGEOT: 208,106 II 1,205 II 20A\/C,205 I Cabriolet 741B, 20D,205 I 741A\/C; SEAT: AROSA 6H,IBIZA II 6K1,CORDOBA 6K1, 6K2,CORDOBA Vario 6K1,TOLEDO I 1L,INCA 6K9; TOYOTA: YARIS SCP1_, NLP1_, NCP1_,YARIS VERSO _NLP2_, _NCP2_,STARLET EP91,AVENSIS _T22_,COROLLA Liftback _E11_,COROLLA Compact _E11_,AVENSIS Station Wagon _T22_,RAV 4 I SXA1_,AVENSIS Liftback _T22_,PICNIC _XM10,AVENSIS VERSO _CLM2_, _ACM2_,STARLET _P8_,PASEO Coupe EL54,COROLLA Compact _E10_,CARINA E _T19_,COROLLA _E11_,CARINA E Stufenheck _T19_,CELICA Coupe AT18_, ST18_,COROLLA Wagon __E11_,CARINA E Sportswagon _T19_,STARLET _P7_,COROLLA Liftback _E10_,COROLLA Liftback _E9_,MR 2 I AW1_,COROLLA _E10_,CARINA II _T17_,CARINA II Stufenheck _T17_,COROLLA Compact _E9_,CELICA Liftback ST16_, AT16_,COROLLA Wagon _E10_,CAMRY _V2_,COROLLA Station Wagon _E9_,COROLLA _E9_,CELICA Cabriolet AT18_, ST18_,COROLLA Liftback _E8_,CARINA II Station Wagon _T17_,COROLLA FX Compact E8B,CELICA Cabriolet ST16_, AT16_,CARINA II _T15_,COROLLA Station Wagon _E7_,CAMRY Station Wagon _V2_,CARINA II Stufenheck _T15_,COROLLA _E7_,COROLLA _E8_,CELICA AT16_, ST16_,CAMRY Liftback _V1_,MATRIX ZRE14_, AZE14_; Vetoakselin Suojakumi,Paljekumi, Vetoakseli<\/p>\n","protected":false},"excerpt":{"rendered":"<p>SPIDAN Vetonivelen Suojakumi 190968 Vetoakselin Suojakumi,Paljekumi, Vetoakseli VW,AUDI,MERCEDES-BENZ,LUPO 6X1, 6E1,GOLF III 1H1,POLO 6N2,POLO 6N1<\/p>\n","protected":false},"featured_media":0,"template":"","meta":{"site-sidebar-layout":"default","site-content-layout":"default","ast-global-header-display":"","ast-main-header-display":"","ast-hfb-above-header-display":"","ast-hfb-below-header-display":"","ast-hfb-mobile-header-display":"","site-post-title":"","ast-breadcrumbs-content":"","ast-featured-img":"","footer-sml-layout":"","theme-transparent-header-meta":"","adv-header-id-meta":"","stick-header-meta":"","header-above-stick-meta":"","header-main-stick-meta":"","header-below-stick-meta":""},"pwb-brand":[411],"product_cat":[42],"product_tag":[],"class_list":{"0":"post-47881","1":"product","2":"type-product","3":"status-publish","5":"pwb-brand-spidan","6":"product_cat-vetonivelen-suojakumi","7":"desktop-align-left","8":"tablet-align-left","9":"mobile-align-left","11":"first","12":"instock","13":"product-type-external"},"brands":[{"id":411,"name":"SPIDAN","slug":"spidan"}],"_links":{"self":[{"href":"https:\/\/www.autonvaraosahaku.fi\/index.php?rest_route=\/wp\/v2\/product\/47881","targetHints":{"allow":["GET"]}}],"collection":[{"href":"https:\/\/www.autonvaraosahaku.fi\/index.php?rest_route=\/wp\/v2\/product"}],"about":[{"href":"https:\/\/www.autonvaraosahaku.fi\/index.php?rest_route=\/wp\/v2\/types\/product"}],"wp:attachment":[{"href":"https:\/\/www.autonvaraosahaku.fi\/index.php?rest_route=%2Fwp%2Fv2%2Fmedia&parent=47881"}],"wp:term":[{"taxonomy":"pwb-brand","embeddable":true,"href":"https:\/\/www.autonvaraosahaku.fi\/index.php?rest_route=%2Fwp%2Fv2%2Fpwb-brand&post=47881"},{"taxonomy":"product_cat","embeddable":true,"href":"https:\/\/www.autonvaraosahaku.fi\/index.php?rest_route=%2Fwp%2Fv2%2Fproduct_cat&post=47881"},{"taxonomy":"product_tag","embeddable":true,"href":"https:\/\/www.autonvaraosahaku.fi\/index.php?rest_route=%2Fwp%2Fv2%2Fproduct_tag&post=47881"}],"curies":[{"name":"wp","href":"https:\/\/api.w.org\/{rel}","templated":true}]}}