{"id":47882,"date":"2021-02-21T17:18:58","date_gmt":"2021-02-21T17:18:58","guid":{"rendered":"https:\/\/www.autonvaraosahaku.fi\/?product=ridex-70b0160-jarrukengat"},"modified":"2021-02-21T17:18:59","modified_gmt":"2021-02-21T17:18:59","slug":"ridex-70b0160-jarrukengat","status":"publish","type":"product","link":"https:\/\/www.autonvaraosahaku.fi\/?product=ridex-70b0160-jarrukengat","title":{"rendered":"RIDEX 70B0160 Jarrukeng\u00e4t"},"content":{"rendered":"<p>Leveys (mm): 57; Paino [kg]: 3,079; Lis\u00e4tarvike\/lis\u00e4tieto: Tarvikkeilla; Jarruj\u00e4rjestelm\u00e4: LUCAS; Jarrurummun sis\u00e4-\u00d8 [mm]: 254; Valmistusvuoteen: 08\/1998; NISSAN: TERRANO II R20,SERENA C23M,VANETTE CARGO Kasten HC 23,VANETTE CARGO Bus HC 23; FORD: MAVERICK UDS, UNS,MAVERICK VAN; 1203934, 1954496, 1960416, 1L4J2200AA, 440600F026, 440600F027, 440607C325, 440607C326, 440609C025; Jarrukenk\u00e4sarja<\/p>\n","protected":false},"excerpt":{"rendered":"<p>RIDEX Jarrukeng\u00e4t 70B0160 Jarrukenk\u00e4sarja NISSAN,FORD,TERRANO II R20,SERENA C23M,VANETTE CARGO Kasten HC 23,VANETTE CARGO Bus HC 23,MAVERICK UDS, UNS<\/p>\n","protected":false},"featured_media":0,"template":"","meta":{"site-sidebar-layout":"default","site-content-layout":"default","ast-global-header-display":"","ast-main-header-display":"","ast-hfb-above-header-display":"","ast-hfb-below-header-display":"","ast-hfb-mobile-header-display":"","site-post-title":"","ast-breadcrumbs-content":"","ast-featured-img":"","footer-sml-layout":"","theme-transparent-header-meta":"","adv-header-id-meta":"","stick-header-meta":"","header-above-stick-meta":"","header-main-stick-meta":"","header-below-stick-meta":""},"pwb-brand":[157],"product_cat":[176],"product_tag":[],"class_list":{"0":"post-47882","1":"product","2":"type-product","3":"status-publish","5":"pwb-brand-ridex","6":"product_cat-jarrukengat","7":"desktop-align-left","8":"tablet-align-left","9":"mobile-align-left","11":"first","12":"instock","13":"product-type-external"},"brands":[{"id":157,"name":"RIDEX","slug":"ridex"}],"_links":{"self":[{"href":"https:\/\/www.autonvaraosahaku.fi\/index.php?rest_route=\/wp\/v2\/product\/47882","targetHints":{"allow":["GET"]}}],"collection":[{"href":"https:\/\/www.autonvaraosahaku.fi\/index.php?rest_route=\/wp\/v2\/product"}],"about":[{"href":"https:\/\/www.autonvaraosahaku.fi\/index.php?rest_route=\/wp\/v2\/types\/product"}],"wp:attachment":[{"href":"https:\/\/www.autonvaraosahaku.fi\/index.php?rest_route=%2Fwp%2Fv2%2Fmedia&parent=47882"}],"wp:term":[{"taxonomy":"pwb-brand","embeddable":true,"href":"https:\/\/www.autonvaraosahaku.fi\/index.php?rest_route=%2Fwp%2Fv2%2Fpwb-brand&post=47882"},{"taxonomy":"product_cat","embeddable":true,"href":"https:\/\/www.autonvaraosahaku.fi\/index.php?rest_route=%2Fwp%2Fv2%2Fproduct_cat&post=47882"},{"taxonomy":"product_tag","embeddable":true,"href":"https:\/\/www.autonvaraosahaku.fi\/index.php?rest_route=%2Fwp%2Fv2%2Fproduct_tag&post=47882"}],"curies":[{"name":"wp","href":"https:\/\/api.w.org\/{rel}","templated":true}]}}