{"id":47895,"date":"2021-02-21T17:18:58","date_gmt":"2021-02-21T17:18:58","guid":{"rendered":"https:\/\/www.autonvaraosahaku.fi\/?product=eibach-s90-2-10-002-b-muut-luokat"},"modified":"2021-02-21T17:19:02","modified_gmt":"2021-02-21T17:19:02","slug":"eibach-s90-2-10-002-b-muut-luokat","status":"publish","type":"product","link":"https:\/\/www.autonvaraosahaku.fi\/?product=eibach-s90-2-10-002-b-muut-luokat","title":{"rendered":"EIBACH S90-2-10-002-B Muut luokat"},"content":{"rendered":"<p>Paksuus [mm]: 10; Raidev\u00e4lin suurennus per akseli: 20; keskitt\u00e4misl\u00e4pimitta [mm]: 66,45; Reik\u00e4ympyr\u00e4-\u00d8 [mm]: 112; Reikien m\u00e4\u00e4r\u00e4: 5; Pinta: eloksoitu; V\u00e4ri: Musta; Huomioi asennusohje: ; Tuotelinja: Pro-Spacer; Materiaali: Alumiini; Tuning: 1; Huomioi huolto-ohjeet: ; MERCEDES-BENZ: C-CLASS W203,E-CLASS W211,C-CLASS W204,A-CLASS W169,A-CLASS W168,C-CLASS T-Model S204,C-CLASS T-Model S203,C-CLASS W202,E-CLASS T-Model S211,SLK R170,E-CLASS W210,E-CLASS W212,VIANO W639,M-CLASS W164,C-CLASS Coupe CL203,M-CLASS W163,E-CLASS T-Model S212,GLK-CLASS X204,E-CLASS Kombi S210,VITO Bus W639,SLK R171,A-CLASS W176,C-CLASS Kombi S202,S-CLASS W220,VITO \/ MIXTO Kasten W639,CLS C219,VANEO 414,M-CLASS W166,VITO Bus 638,E-CLASS Coupe C207,S-CLASS W140,C-CLASS Coupe C204,E-CLASS Cabriolet A207,CLC-CLASS CL203,GL-CLASS X164,CLS C218,S-CLASS Coupe C215,VITO Kasten 638,CLS Shooting Brake X218,S-CLASS Coupe C140,GL-CLASS X166,V-CLASS W447,GLA-CLASS X156,VITO Tourer W447,VITO Kasten W447,GLE W166,VITO Mixto W447,GLE Coupe C292; CHRYSLER: CROSSFIRE,CROSSFIRE Roadster; Raidev\u00e4lilevennys<\/p>\n","protected":false},"excerpt":{"rendered":"<p>EIBACH Levikepalat S90-2-10-002-B Raidev\u00e4lilevennys MERCEDES-BENZ,CHRYSLER,C-CLASS W203,E-CLASS W211,C-CLASS W204,A-CLASS W169,A-CLASS W168<\/p>\n","protected":false},"featured_media":0,"template":"","meta":{"site-sidebar-layout":"default","site-content-layout":"default","ast-global-header-display":"","ast-main-header-display":"","ast-hfb-above-header-display":"","ast-hfb-below-header-display":"","ast-hfb-mobile-header-display":"","site-post-title":"","ast-breadcrumbs-content":"","ast-featured-img":"","footer-sml-layout":"","theme-transparent-header-meta":"","adv-header-id-meta":"","stick-header-meta":"","header-above-stick-meta":"","header-main-stick-meta":"","header-below-stick-meta":""},"pwb-brand":[328],"product_cat":[37],"product_tag":[],"class_list":{"0":"post-47895","1":"product","2":"type-product","3":"status-publish","5":"pwb-brand-eibach","6":"product_cat-muut-luokat","7":"desktop-align-left","8":"tablet-align-left","9":"mobile-align-left","11":"first","12":"instock","13":"product-type-external"},"brands":[{"id":328,"name":"EIBACH","slug":"eibach"}],"_links":{"self":[{"href":"https:\/\/www.autonvaraosahaku.fi\/index.php?rest_route=\/wp\/v2\/product\/47895","targetHints":{"allow":["GET"]}}],"collection":[{"href":"https:\/\/www.autonvaraosahaku.fi\/index.php?rest_route=\/wp\/v2\/product"}],"about":[{"href":"https:\/\/www.autonvaraosahaku.fi\/index.php?rest_route=\/wp\/v2\/types\/product"}],"wp:attachment":[{"href":"https:\/\/www.autonvaraosahaku.fi\/index.php?rest_route=%2Fwp%2Fv2%2Fmedia&parent=47895"}],"wp:term":[{"taxonomy":"pwb-brand","embeddable":true,"href":"https:\/\/www.autonvaraosahaku.fi\/index.php?rest_route=%2Fwp%2Fv2%2Fpwb-brand&post=47895"},{"taxonomy":"product_cat","embeddable":true,"href":"https:\/\/www.autonvaraosahaku.fi\/index.php?rest_route=%2Fwp%2Fv2%2Fproduct_cat&post=47895"},{"taxonomy":"product_tag","embeddable":true,"href":"https:\/\/www.autonvaraosahaku.fi\/index.php?rest_route=%2Fwp%2Fv2%2Fproduct_tag&post=47895"}],"curies":[{"name":"wp","href":"https:\/\/api.w.org\/{rel}","templated":true}]}}