{"id":47911,"date":"2021-02-21T17:19:04","date_gmt":"2021-02-21T17:19:04","guid":{"rendered":"https:\/\/www.autonvaraosahaku.fi\/?product=ridex-402b0741-jarrupalat"},"modified":"2021-02-21T17:19:08","modified_gmt":"2021-02-21T17:19:08","slug":"ridex-402b0741-jarrupalat","status":"publish","type":"product","link":"https:\/\/www.autonvaraosahaku.fi\/?product=ridex-402b0741-jarrupalat","title":{"rendered":"RIDEX 402B0741 Jarrupalat"},"content":{"rendered":"<p>Leveys 1 (mm): 94,8; Korkeus 1 (mm): 42,9; Paksuus 1 [mm]: 17,6; Jarruj\u00e4rjestelm\u00e4: BOSCH; Varoittimen pituus [mm]: 165; Kulumisenilmaisimen liitos: Sis. kulumisenilmaisimen; Kulumisvaroittimia [pro Achse]: 2; Paino [kg]: 0,92; M\u00e4\u00e4r\u00e4yksikk\u00f6: Akselisarja; Asennuspuoli: Taka-akseli, Hinterachse; IVECO: DAILY V Kasten\/Kombi,DAILY VI Kasten\/Kombi,DAILY VI Pritsche\/Fahrgestell,DAILY VI Bus; LANCIA: DELTA III 844; FIAT: BRAVO II 198; 77365809, 71770114, 77365809, 77365809, 42567447, 42576681, 500055657, 504226945, 77365534, 77365809; Jarrupalasarja,Jarrupala, Levyjarru<\/p>\n","protected":false},"excerpt":{"rendered":"<p>RIDEX Jarrupalat 402B0741 Jarrupalasarja,Jarrupala, Levyjarru IVECO,LANCIA,FIAT,DAILY V Kasten\/Kombi,DAILY VI Kasten\/Kombi<\/p>\n","protected":false},"featured_media":0,"template":"","meta":{"site-sidebar-layout":"default","site-content-layout":"default","ast-global-header-display":"","ast-main-header-display":"","ast-hfb-above-header-display":"","ast-hfb-below-header-display":"","ast-hfb-mobile-header-display":"","site-post-title":"","ast-breadcrumbs-content":"","ast-featured-img":"","footer-sml-layout":"","theme-transparent-header-meta":"","adv-header-id-meta":"","stick-header-meta":"","header-above-stick-meta":"","header-main-stick-meta":"","header-below-stick-meta":""},"pwb-brand":[157],"product_cat":[100],"product_tag":[],"class_list":{"0":"post-47911","1":"product","2":"type-product","3":"status-publish","5":"pwb-brand-ridex","6":"product_cat-jarrupalat","7":"desktop-align-left","8":"tablet-align-left","9":"mobile-align-left","11":"first","12":"instock","13":"product-type-external"},"brands":[{"id":157,"name":"RIDEX","slug":"ridex"}],"_links":{"self":[{"href":"https:\/\/www.autonvaraosahaku.fi\/index.php?rest_route=\/wp\/v2\/product\/47911","targetHints":{"allow":["GET"]}}],"collection":[{"href":"https:\/\/www.autonvaraosahaku.fi\/index.php?rest_route=\/wp\/v2\/product"}],"about":[{"href":"https:\/\/www.autonvaraosahaku.fi\/index.php?rest_route=\/wp\/v2\/types\/product"}],"wp:attachment":[{"href":"https:\/\/www.autonvaraosahaku.fi\/index.php?rest_route=%2Fwp%2Fv2%2Fmedia&parent=47911"}],"wp:term":[{"taxonomy":"pwb-brand","embeddable":true,"href":"https:\/\/www.autonvaraosahaku.fi\/index.php?rest_route=%2Fwp%2Fv2%2Fpwb-brand&post=47911"},{"taxonomy":"product_cat","embeddable":true,"href":"https:\/\/www.autonvaraosahaku.fi\/index.php?rest_route=%2Fwp%2Fv2%2Fproduct_cat&post=47911"},{"taxonomy":"product_tag","embeddable":true,"href":"https:\/\/www.autonvaraosahaku.fi\/index.php?rest_route=%2Fwp%2Fv2%2Fproduct_tag&post=47911"}],"curies":[{"name":"wp","href":"https:\/\/api.w.org\/{rel}","templated":true}]}}