{"id":47943,"date":"2021-02-21T17:19:18","date_gmt":"2021-02-21T17:19:18","guid":{"rendered":"https:\/\/www.autonvaraosahaku.fi\/?product=purflux-a251-ilmansuodatin"},"modified":"2021-02-21T17:19:20","modified_gmt":"2021-02-21T17:19:20","slug":"purflux-a251-ilmansuodatin","status":"publish","type":"product","link":"https:\/\/www.autonvaraosahaku.fi\/?product=purflux-a251-ilmansuodatin","title":{"rendered":"PURFLUX A251 Ilmansuodatin"},"content":{"rendered":"<p>Ulkol\u00e4pimitta [mm]: 164; Sis\u00e4l\u00e4pimitta [mm]: 85; Korkeus (mm): 285; FIAT: DUCATO Pritsche\/Fahrgestell 230,DUCATO Bus 230,DUCATO Kasten 244,DUCATO Pritsche\/Fahrgestell 244,DUCATO Kasten 290,DUCATO Kasten 230L,DUCATO Kasten 280,DUCATO Bus 244, Z_,DUCATO Panorama 280,DUCATO Panorama 290; CITRO\u00cbN: JUMPER Kasten 244,JUMPER Kasten 230L,JUMPER Bus 244, Z_,JUMPER Bus 230P,JUMPER Pritsche\/Fahrgestell 244,JUMPER Pritsche\/Fahrgestell 230; PEUGEOT: BOXER Kasten 230L,BOXER Kasten 244,BOXER Bus 230P,BOXER Bus 244, Z_,BOXER Pritsche\/Fahrgestell ZCT_,BOXER Pritsche\/Fahrgestell 244; PC2105E, 1310636080, 13106360801, 71736124, 71754229, 71772194, 144499, 1444A0, 1444RE, 1444RF, 1444TY, E147012, VAF1025<\/p>\n","protected":false},"excerpt":{"rendered":"<p>PURFLUX Ilmansuodatin A251  FIAT,CITRO\u00cbN,PEUGEOT,DUCATO Pritsche\/Fahrgestell 230,DUCATO Bus 230,DUCATO Kasten 244,DUCATO Pritsche\/Fahrgestell 244<\/p>\n","protected":false},"featured_media":0,"template":"","meta":{"site-sidebar-layout":"default","site-content-layout":"default","ast-global-header-display":"","ast-main-header-display":"","ast-hfb-above-header-display":"","ast-hfb-below-header-display":"","ast-hfb-mobile-header-display":"","site-post-title":"","ast-breadcrumbs-content":"","ast-featured-img":"","footer-sml-layout":"","theme-transparent-header-meta":"","adv-header-id-meta":"","stick-header-meta":"","header-above-stick-meta":"","header-main-stick-meta":"","header-below-stick-meta":""},"pwb-brand":[303],"product_cat":[31],"product_tag":[],"class_list":{"0":"post-47943","1":"product","2":"type-product","3":"status-publish","5":"pwb-brand-purflux","6":"product_cat-ilmansuodatin","7":"desktop-align-left","8":"tablet-align-left","9":"mobile-align-left","11":"first","12":"instock","13":"product-type-external"},"brands":[{"id":303,"name":"PURFLUX","slug":"purflux"}],"_links":{"self":[{"href":"https:\/\/www.autonvaraosahaku.fi\/index.php?rest_route=\/wp\/v2\/product\/47943","targetHints":{"allow":["GET"]}}],"collection":[{"href":"https:\/\/www.autonvaraosahaku.fi\/index.php?rest_route=\/wp\/v2\/product"}],"about":[{"href":"https:\/\/www.autonvaraosahaku.fi\/index.php?rest_route=\/wp\/v2\/types\/product"}],"wp:attachment":[{"href":"https:\/\/www.autonvaraosahaku.fi\/index.php?rest_route=%2Fwp%2Fv2%2Fmedia&parent=47943"}],"wp:term":[{"taxonomy":"pwb-brand","embeddable":true,"href":"https:\/\/www.autonvaraosahaku.fi\/index.php?rest_route=%2Fwp%2Fv2%2Fpwb-brand&post=47943"},{"taxonomy":"product_cat","embeddable":true,"href":"https:\/\/www.autonvaraosahaku.fi\/index.php?rest_route=%2Fwp%2Fv2%2Fproduct_cat&post=47943"},{"taxonomy":"product_tag","embeddable":true,"href":"https:\/\/www.autonvaraosahaku.fi\/index.php?rest_route=%2Fwp%2Fv2%2Fproduct_tag&post=47943"}],"curies":[{"name":"wp","href":"https:\/\/api.w.org\/{rel}","templated":true}]}}