{"id":47952,"date":"2021-02-21T17:19:18","date_gmt":"2021-02-21T17:19:18","guid":{"rendered":"https:\/\/www.autonvaraosahaku.fi\/?product=monroe-l25123-raidetangon-paa"},"modified":"2021-02-21T17:19:21","modified_gmt":"2021-02-21T17:19:21","slug":"monroe-l25123-raidetangon-paa","status":"publish","type":"product","link":"https:\/\/www.autonvaraosahaku.fi\/?product=monroe-l25123-raidetangon-paa","title":{"rendered":"MONROE L25123 Raidetangon p\u00e4\u00e4"},"content":{"rendered":"<p>Valmistaja rajaus: SMI-KOYO; Pituus (mm): 90; Paino [kg]: 0,400; Sis\u00e4kierre (mm): 14&#215;1,5; Kierremalli: Oikealla kierteell\u00e4; Pakkauspituus [cm]: 14,5; Pakkausleveys [cm]: 9,5; Pakkauskorkeus [mm]: 5; Valmistusvuoteen: 06\/2008; NISSAN: MICRA III K12,MICRA C+C K12,KUBISTAR Kasten X80; RENAULT: TWINGO I C06_,CLIO II BB0\/1\/2_, CB0\/1\/2_,CLIO III BR0\/1, CR0\/1,KANGOO KC0\/1_,TWINGO II CN0_,MODUS \/ GRAND MODUS F\/JP0_,SC\u00c9NIC I JA0\/1_,MEGANE Scenic JA0\/1_,MEGANE I BA0\/1_,KANGOO Express FC0\/1_,CLIO Grandtour KR0\/1_,MEGANE I Grandtour KA0\/1_,MEGANE I Cabriolet EA0\/1_,TWINGO I Kasten S06_,MEGANE I Classic LA0\/1_,MEGANE I Coach DA0\/1_,CLIO II Kasten SB0\/1\/2_,WIND E4M_,THALIA I LB0\/1\/2_,CLIO III Kasten SB_, SR_,THALIA II LU1\/2_; 4852000QAF, 4852000QAP, 48520AX602, 485200151R, 7701047416, 7701047813, 7701474493, 7701474642, 7701475843<\/p>\n","protected":false},"excerpt":{"rendered":"<p>MONROE Raidetangon P\u00e4\u00e4 L25123  NISSAN,RENAULT,MICRA III K12,MICRA C+C K12,KUBISTAR Kasten X80,TWINGO I C06_,CLIO II BB0\/1\/2_, CB0\/1\/2_<\/p>\n","protected":false},"featured_media":0,"template":"","meta":{"site-sidebar-layout":"default","site-content-layout":"default","ast-global-header-display":"","ast-main-header-display":"","ast-hfb-above-header-display":"","ast-hfb-below-header-display":"","ast-hfb-mobile-header-display":"","site-post-title":"","ast-breadcrumbs-content":"","ast-featured-img":"","footer-sml-layout":"","theme-transparent-header-meta":"","adv-header-id-meta":"","stick-header-meta":"","header-above-stick-meta":"","header-main-stick-meta":"","header-below-stick-meta":""},"pwb-brand":[79],"product_cat":[96],"product_tag":[],"class_list":{"0":"post-47952","1":"product","2":"type-product","3":"status-publish","5":"pwb-brand-monroe","6":"product_cat-raidetangon-paa","7":"desktop-align-left","8":"tablet-align-left","9":"mobile-align-left","11":"first","12":"instock","13":"product-type-external"},"brands":[{"id":79,"name":"MONROE","slug":"monroe"}],"_links":{"self":[{"href":"https:\/\/www.autonvaraosahaku.fi\/index.php?rest_route=\/wp\/v2\/product\/47952","targetHints":{"allow":["GET"]}}],"collection":[{"href":"https:\/\/www.autonvaraosahaku.fi\/index.php?rest_route=\/wp\/v2\/product"}],"about":[{"href":"https:\/\/www.autonvaraosahaku.fi\/index.php?rest_route=\/wp\/v2\/types\/product"}],"wp:attachment":[{"href":"https:\/\/www.autonvaraosahaku.fi\/index.php?rest_route=%2Fwp%2Fv2%2Fmedia&parent=47952"}],"wp:term":[{"taxonomy":"pwb-brand","embeddable":true,"href":"https:\/\/www.autonvaraosahaku.fi\/index.php?rest_route=%2Fwp%2Fv2%2Fpwb-brand&post=47952"},{"taxonomy":"product_cat","embeddable":true,"href":"https:\/\/www.autonvaraosahaku.fi\/index.php?rest_route=%2Fwp%2Fv2%2Fproduct_cat&post=47952"},{"taxonomy":"product_tag","embeddable":true,"href":"https:\/\/www.autonvaraosahaku.fi\/index.php?rest_route=%2Fwp%2Fv2%2Fproduct_tag&post=47952"}],"curies":[{"name":"wp","href":"https:\/\/api.w.org\/{rel}","templated":true}]}}