{"id":47959,"date":"2021-02-21T17:19:24","date_gmt":"2021-02-21T17:19:24","guid":{"rendered":"https:\/\/www.autonvaraosahaku.fi\/?product=ridex-470r0372-jaahdytin"},"modified":"2021-02-21T17:19:24","modified_gmt":"2021-02-21T17:19:24","slug":"ridex-470r0372-jaahdytin","status":"publish","type":"product","link":"https:\/\/www.autonvaraosahaku.fi\/?product=ridex-470r0372-jaahdytin","title":{"rendered":"RIDEX 470R0372 J\u00e4\u00e4hdytin"},"content":{"rendered":"<p>Materiaali: Alumiini; Leveys (mm): 285; Korkeus (mm): 430; Paksuus [mm]: 34; J\u00e4\u00e4hdytintyyppi: J\u00e4\u00e4hdytysrivat mekaan. kiinnitetyt; Korvaava tuote\/korvaava tiedote 2: ilman kantta; Sis\u00e4\u00e4ntulol\u00e4pimitta [mm]: 32; Ulostulon l\u00e4pimitta [mm]: 32; Vaihteistomalli: Schaltgetriebe; RENAULT: 4 112_,4 Kasten R21_, R23_; 7700656047, 7700669799, 7700702701, 7701348798; Syyl\u00e4ri,J\u00e4\u00e4hdytin,Moottorin J\u00e4\u00e4hdytys<\/p>\n","protected":false},"excerpt":{"rendered":"<p>RIDEX J\u00e4\u00e4hdytin 470R0372 Syyl\u00e4ri,J\u00e4\u00e4hdytin,Moottorin J\u00e4\u00e4hdytys RENAULT,4 112_,4 Kasten R21_, R23_<\/p>\n","protected":false},"featured_media":0,"template":"","meta":{"site-sidebar-layout":"default","site-content-layout":"default","ast-global-header-display":"","ast-main-header-display":"","ast-hfb-above-header-display":"","ast-hfb-below-header-display":"","ast-hfb-mobile-header-display":"","site-post-title":"","ast-breadcrumbs-content":"","ast-featured-img":"","footer-sml-layout":"","theme-transparent-header-meta":"","adv-header-id-meta":"","stick-header-meta":"","header-above-stick-meta":"","header-main-stick-meta":"","header-below-stick-meta":""},"pwb-brand":[157],"product_cat":[421],"product_tag":[],"class_list":{"0":"post-47959","1":"product","2":"type-product","3":"status-publish","5":"pwb-brand-ridex","6":"product_cat-jaahdytin","7":"desktop-align-left","8":"tablet-align-left","9":"mobile-align-left","11":"first","12":"instock","13":"product-type-external"},"brands":[{"id":157,"name":"RIDEX","slug":"ridex"}],"_links":{"self":[{"href":"https:\/\/www.autonvaraosahaku.fi\/index.php?rest_route=\/wp\/v2\/product\/47959","targetHints":{"allow":["GET"]}}],"collection":[{"href":"https:\/\/www.autonvaraosahaku.fi\/index.php?rest_route=\/wp\/v2\/product"}],"about":[{"href":"https:\/\/www.autonvaraosahaku.fi\/index.php?rest_route=\/wp\/v2\/types\/product"}],"wp:attachment":[{"href":"https:\/\/www.autonvaraosahaku.fi\/index.php?rest_route=%2Fwp%2Fv2%2Fmedia&parent=47959"}],"wp:term":[{"taxonomy":"pwb-brand","embeddable":true,"href":"https:\/\/www.autonvaraosahaku.fi\/index.php?rest_route=%2Fwp%2Fv2%2Fpwb-brand&post=47959"},{"taxonomy":"product_cat","embeddable":true,"href":"https:\/\/www.autonvaraosahaku.fi\/index.php?rest_route=%2Fwp%2Fv2%2Fproduct_cat&post=47959"},{"taxonomy":"product_tag","embeddable":true,"href":"https:\/\/www.autonvaraosahaku.fi\/index.php?rest_route=%2Fwp%2Fv2%2Fproduct_tag&post=47959"}],"curies":[{"name":"wp","href":"https:\/\/api.w.org\/{rel}","templated":true}]}}