{"id":47975,"date":"2021-02-21T17:19:24","date_gmt":"2021-02-21T17:19:24","guid":{"rendered":"https:\/\/www.autonvaraosahaku.fi\/?product=ridex-70b0096-jarrukengat"},"modified":"2021-02-21T17:19:28","modified_gmt":"2021-02-21T17:19:28","slug":"ridex-70b0096-jarrukengat","status":"publish","type":"product","link":"https:\/\/www.autonvaraosahaku.fi\/?product=ridex-70b0096-jarrukengat","title":{"rendered":"RIDEX 70B0096 Jarrukeng\u00e4t"},"content":{"rendered":"<p>Asennuspuoli: Taka-akseli, Hinterachse; L\u00e4pimitta [mm]: 180; Leveys (mm): 30; M\u00e4\u00e4r\u00e4tty kiertosuunta: ; ei sidoksissa kulkusuuntaan: ; Rumpul\u00e4pimitta: 180; Jarruj\u00e4rjestelm\u00e4: AP LOCKHEED; Paksuus [mm]: 4,5; FIAT: PUNTO 176,BRAVO I 182,BRAVA 182,PUNTO Cabriolet 176C,MAREA Weekend 185,MAREA 185,PUNTO Van 176L,PALIO 178BX; LANCIA: Y 840A,DELTA II 836,DEDRA 835,Y10 156,DEDRA SW 835; 71732685, 71738378, 77362297, 9945975, 9947773, 5890500, 9945975, 9947773; Jarrukenk\u00e4sarja<\/p>\n","protected":false},"excerpt":{"rendered":"<p>RIDEX Jarrukeng\u00e4t 70B0096 Jarrukenk\u00e4sarja FIAT,LANCIA,PUNTO 176,BRAVO I 182,BRAVA 182,PUNTO Cabriolet 176C,MAREA Weekend 185,MAREA 185,PUNTO Van 176L<\/p>\n","protected":false},"featured_media":0,"template":"","meta":{"site-sidebar-layout":"default","site-content-layout":"default","ast-global-header-display":"","ast-main-header-display":"","ast-hfb-above-header-display":"","ast-hfb-below-header-display":"","ast-hfb-mobile-header-display":"","site-post-title":"","ast-breadcrumbs-content":"","ast-featured-img":"","footer-sml-layout":"","theme-transparent-header-meta":"","adv-header-id-meta":"","stick-header-meta":"","header-above-stick-meta":"","header-main-stick-meta":"","header-below-stick-meta":""},"pwb-brand":[157],"product_cat":[176],"product_tag":[],"class_list":{"0":"post-47975","1":"product","2":"type-product","3":"status-publish","5":"pwb-brand-ridex","6":"product_cat-jarrukengat","7":"desktop-align-left","8":"tablet-align-left","9":"mobile-align-left","11":"first","12":"instock","13":"product-type-external"},"brands":[{"id":157,"name":"RIDEX","slug":"ridex"}],"_links":{"self":[{"href":"https:\/\/www.autonvaraosahaku.fi\/index.php?rest_route=\/wp\/v2\/product\/47975","targetHints":{"allow":["GET"]}}],"collection":[{"href":"https:\/\/www.autonvaraosahaku.fi\/index.php?rest_route=\/wp\/v2\/product"}],"about":[{"href":"https:\/\/www.autonvaraosahaku.fi\/index.php?rest_route=\/wp\/v2\/types\/product"}],"wp:attachment":[{"href":"https:\/\/www.autonvaraosahaku.fi\/index.php?rest_route=%2Fwp%2Fv2%2Fmedia&parent=47975"}],"wp:term":[{"taxonomy":"pwb-brand","embeddable":true,"href":"https:\/\/www.autonvaraosahaku.fi\/index.php?rest_route=%2Fwp%2Fv2%2Fpwb-brand&post=47975"},{"taxonomy":"product_cat","embeddable":true,"href":"https:\/\/www.autonvaraosahaku.fi\/index.php?rest_route=%2Fwp%2Fv2%2Fproduct_cat&post=47975"},{"taxonomy":"product_tag","embeddable":true,"href":"https:\/\/www.autonvaraosahaku.fi\/index.php?rest_route=%2Fwp%2Fv2%2Fproduct_tag&post=47975"}],"curies":[{"name":"wp","href":"https:\/\/api.w.org\/{rel}","templated":true}]}}