{"id":48006,"date":"2021-02-21T17:19:35","date_gmt":"2021-02-21T17:19:35","guid":{"rendered":"https:\/\/www.autonvaraosahaku.fi\/?product=kyb-243037-iskunvaimennin"},"modified":"2021-02-21T17:19:37","modified_gmt":"2021-02-21T17:19:37","slug":"kyb-243037-iskunvaimennin","status":"publish","type":"product","link":"https:\/\/www.autonvaraosahaku.fi\/?product=kyb-243037-iskunvaimennin","title":{"rendered":"KYB 243037 Iskunvaimennin"},"content":{"rendered":"<p>Asennuspuoli: Taka-akseli; Iskunvaimennusj\u00e4rjestelm\u00e4: Yksiputki; Iskunvaimennin tyyppi: Kaasupaine; Iskunvaimennin asennustapa: Tappi ylh\u00e4\u00e4ll\u00e4, Silmukka alhaalla; Tuotelinja: Ultra SR; Tuning: 1; Valmistusvuoteen: 04\/2003; VW: GOLF IV 1J1,GOLF IV Variant 1J5,BORA 1J2,NEW BEETLE 9C1, 1C1,BORA Kombi 1J6,NEW BEETLE Cabriolet 1Y7; AUDI: A3 8L1; SKODA: OCTAVIA 1U2; SEAT: LEON 1M1,TOLEDO II 1M2; 1J0512011AA, 1J0512011AC, 1J0513025AA, 1J0513025AJ, 1J0513025AK, 1J0513025AQ, 1J0513025AR, 1J0513025BB, 1J0513025BF, 1J0513025BG, 1J0513025BL, 1J0513025BM, 1J0513025BP, 1J0513025BR, 1J0513025BS, 1J0513025C, 1J0513025CD, 1J0513025CE, 1J0513025DA, 1J0513025DC, 1J0513025E, 1J0513025F, 1J0513025H, 1J0513025P, 1J0513025Q, 1J0513031AK, 37031, 37064, 67032, 67033, 67034, 67067, 67068, 67069, 67078, 67087, 67113, 67129, 67160, 804900556227, 81401556226, 8N0513025, 8N0513025A, 8N0513025C, 8N0513025H, 8N0513025J, 8N0513025K, 1J0513025AL, 1J0513025BH, 1J0513025PG, 1J0513025BH, 1J0512011AC, 1J0513025AJ, 1J0513025BB, 1J0513025BH, 1J0513025DA, 1J0513031AK, 37031, 37064, 67032, 67033, 67034, 67067, 67068, 67069, 67078, 67087, 67113, 67129, 67160, 804900556227, 81401556226; Iskarit,Iskunvaimennin<\/p>\n","protected":false},"excerpt":{"rendered":"<p>KYB Iskunvaimentimet 243037 Iskarit,Iskunvaimennin VW,AUDI,SKODA,GOLF IV 1J1,GOLF IV Variant 1J5,BORA 1J2,NEW BEETLE 9C1, 1C1,BORA Kombi 1J6<\/p>\n","protected":false},"featured_media":0,"template":"","meta":{"site-sidebar-layout":"default","site-content-layout":"default","ast-global-header-display":"","ast-main-header-display":"","ast-hfb-above-header-display":"","ast-hfb-below-header-display":"","ast-hfb-mobile-header-display":"","site-post-title":"","ast-breadcrumbs-content":"","ast-featured-img":"","footer-sml-layout":"","theme-transparent-header-meta":"","adv-header-id-meta":"","stick-header-meta":"","header-above-stick-meta":"","header-main-stick-meta":"","header-below-stick-meta":""},"pwb-brand":[226],"product_cat":[80],"product_tag":[],"class_list":{"0":"post-48006","1":"product","2":"type-product","3":"status-publish","5":"pwb-brand-kyb","6":"product_cat-iskunvaimennin","7":"desktop-align-left","8":"tablet-align-left","9":"mobile-align-left","11":"first","12":"instock","13":"product-type-external"},"brands":[{"id":226,"name":"KYB","slug":"kyb"}],"_links":{"self":[{"href":"https:\/\/www.autonvaraosahaku.fi\/index.php?rest_route=\/wp\/v2\/product\/48006","targetHints":{"allow":["GET"]}}],"collection":[{"href":"https:\/\/www.autonvaraosahaku.fi\/index.php?rest_route=\/wp\/v2\/product"}],"about":[{"href":"https:\/\/www.autonvaraosahaku.fi\/index.php?rest_route=\/wp\/v2\/types\/product"}],"wp:attachment":[{"href":"https:\/\/www.autonvaraosahaku.fi\/index.php?rest_route=%2Fwp%2Fv2%2Fmedia&parent=48006"}],"wp:term":[{"taxonomy":"pwb-brand","embeddable":true,"href":"https:\/\/www.autonvaraosahaku.fi\/index.php?rest_route=%2Fwp%2Fv2%2Fpwb-brand&post=48006"},{"taxonomy":"product_cat","embeddable":true,"href":"https:\/\/www.autonvaraosahaku.fi\/index.php?rest_route=%2Fwp%2Fv2%2Fproduct_cat&post=48006"},{"taxonomy":"product_tag","embeddable":true,"href":"https:\/\/www.autonvaraosahaku.fi\/index.php?rest_route=%2Fwp%2Fv2%2Fproduct_tag&post=48006"}],"curies":[{"name":"wp","href":"https:\/\/api.w.org\/{rel}","templated":true}]}}