{"id":48009,"date":"2021-02-21T17:19:35","date_gmt":"2021-02-21T17:19:35","guid":{"rendered":"https:\/\/www.autonvaraosahaku.fi\/?product=hella-9el-964-949-001-takavalot"},"modified":"2021-02-21T17:19:38","modified_gmt":"2021-02-21T17:19:38","slug":"hella-9el-964-949-001-takavalot","status":"publish","type":"product","link":"https:\/\/www.autonvaraosahaku.fi\/?product=hella-9el-964-949-001-takavalot","title":{"rendered":"HELLA 9EL 964 949-001 Takavalot"},"content":{"rendered":"<p>Asennuspuoli: Vasen; Korvaava tuote\/korvaava tiedote 2: ilman polttimoita; Lis\u00e4tarvike\/lis\u00e4tieto: Ilman lampun kantaa; Lyhdyn muoto: Hehkulankatekniikka; Tarkistuskilpi: E1 1353, ECE; Lyhtytoimintojen m\u00e4\u00e4r\u00e4: 3; Lamppumalli: P21\/5W, W16W; Valotoiminto: vilkkuvalolla, jarruvalolla, Takavalolla; parilliset tuotenumerot: 9EL 964 950-001; Osa: Uloin osa; Lis\u00e4ksi tarvittavat tuotteet (tuotenumero): 9EL 964 951-001; SEAT: CORDOBA 6L2; 6L5945111; Takavalo<\/p>\n","protected":false},"excerpt":{"rendered":"<p>HELLA Takavalot 9EL 964 949-001 Takavalo SEAT,CORDOBA 6L2<\/p>\n","protected":false},"featured_media":0,"template":"","meta":{"site-sidebar-layout":"default","site-content-layout":"default","ast-global-header-display":"","ast-main-header-display":"","ast-hfb-above-header-display":"","ast-hfb-below-header-display":"","ast-hfb-mobile-header-display":"","site-post-title":"","ast-breadcrumbs-content":"","ast-featured-img":"","footer-sml-layout":"","theme-transparent-header-meta":"","adv-header-id-meta":"","stick-header-meta":"","header-above-stick-meta":"","header-main-stick-meta":"","header-below-stick-meta":""},"pwb-brand":[24],"product_cat":[159],"product_tag":[],"class_list":{"0":"post-48009","1":"product","2":"type-product","3":"status-publish","5":"pwb-brand-hella","6":"product_cat-takavalot","7":"desktop-align-left","8":"tablet-align-left","9":"mobile-align-left","11":"first","12":"instock","13":"product-type-external"},"brands":[{"id":24,"name":"HELLA","slug":"hella"}],"_links":{"self":[{"href":"https:\/\/www.autonvaraosahaku.fi\/index.php?rest_route=\/wp\/v2\/product\/48009","targetHints":{"allow":["GET"]}}],"collection":[{"href":"https:\/\/www.autonvaraosahaku.fi\/index.php?rest_route=\/wp\/v2\/product"}],"about":[{"href":"https:\/\/www.autonvaraosahaku.fi\/index.php?rest_route=\/wp\/v2\/types\/product"}],"wp:attachment":[{"href":"https:\/\/www.autonvaraosahaku.fi\/index.php?rest_route=%2Fwp%2Fv2%2Fmedia&parent=48009"}],"wp:term":[{"taxonomy":"pwb-brand","embeddable":true,"href":"https:\/\/www.autonvaraosahaku.fi\/index.php?rest_route=%2Fwp%2Fv2%2Fpwb-brand&post=48009"},{"taxonomy":"product_cat","embeddable":true,"href":"https:\/\/www.autonvaraosahaku.fi\/index.php?rest_route=%2Fwp%2Fv2%2Fproduct_cat&post=48009"},{"taxonomy":"product_tag","embeddable":true,"href":"https:\/\/www.autonvaraosahaku.fi\/index.php?rest_route=%2Fwp%2Fv2%2Fproduct_tag&post=48009"}],"curies":[{"name":"wp","href":"https:\/\/api.w.org\/{rel}","templated":true}]}}