{"id":48012,"date":"2021-02-21T17:19:35","date_gmt":"2021-02-21T17:19:35","guid":{"rendered":"https:\/\/www.autonvaraosahaku.fi\/?product=vaico-v24-80017-jarrulevyt"},"modified":"2021-02-21T17:19:38","modified_gmt":"2021-02-21T17:19:38","slug":"vaico-v24-80017-jarrulevyt","status":"publish","type":"product","link":"https:\/\/www.autonvaraosahaku.fi\/?product=vaico-v24-80017-jarrulevyt","title":{"rendered":"VAICO V24-80017 Jarrulevyt"},"content":{"rendered":"<p>Jarrulevyn navan korkeus [mm]: 11,7; Asennuspuoli: Etuakseli, Etuakseli, Vorderachse; Vanne, aukkoja: 5; Korkeus (mm): 39,7; Jarrulevytyyppi: Tuuletettu; Jarrulevyn paksuus (mm): 28; V\u00e4himm\u00e4ispaksuus (mm): 26; Ulkol\u00e4pimitta [mm]: 330; keskitt\u00e4misl\u00e4pimitta [mm]: 70; Reik\u00e4ympyr\u00e4-\u00d8 [mm]: 110; Pakkausleveys [cm]: 34, 34; Pakkauskorkeus [mm]: 8, 8; Pakkaussyvyys [cm]: 34, 34; lis\u00e4tieto: CST99; JEEP: CHEROKEE KL; ALFA ROMEO: 159 Sportwagon 939,GIULIETTA 940,159 939,BRERA,SPIDER 939; 51731346, 51760622, 51767383, 51767384, 51806278, 51731346, 51760622, 51767384, 51937306; Jarrulevy<\/p>\n","protected":false},"excerpt":{"rendered":"<p>VAICO Jarrulevyt V24-80017 Jarrulevy JEEP,ALFA ROMEO,CHEROKEE KL,159 Sportwagon 939,GIULIETTA 940,159 939,BRERA,SPIDER 939<\/p>\n","protected":false},"featured_media":0,"template":"","meta":{"site-sidebar-layout":"default","site-content-layout":"default","ast-global-header-display":"","ast-main-header-display":"","ast-hfb-above-header-display":"","ast-hfb-below-header-display":"","ast-hfb-mobile-header-display":"","site-post-title":"","ast-breadcrumbs-content":"","ast-featured-img":"","footer-sml-layout":"","theme-transparent-header-meta":"","adv-header-id-meta":"","stick-header-meta":"","header-above-stick-meta":"","header-main-stick-meta":"","header-below-stick-meta":""},"pwb-brand":[330],"product_cat":[66],"product_tag":[],"class_list":{"0":"post-48012","1":"product","2":"type-product","3":"status-publish","5":"pwb-brand-vaico","6":"product_cat-jarrulevyt","7":"desktop-align-left","8":"tablet-align-left","9":"mobile-align-left","11":"first","12":"instock","13":"product-type-external"},"brands":[{"id":330,"name":"VAICO","slug":"vaico"}],"_links":{"self":[{"href":"https:\/\/www.autonvaraosahaku.fi\/index.php?rest_route=\/wp\/v2\/product\/48012","targetHints":{"allow":["GET"]}}],"collection":[{"href":"https:\/\/www.autonvaraosahaku.fi\/index.php?rest_route=\/wp\/v2\/product"}],"about":[{"href":"https:\/\/www.autonvaraosahaku.fi\/index.php?rest_route=\/wp\/v2\/types\/product"}],"wp:attachment":[{"href":"https:\/\/www.autonvaraosahaku.fi\/index.php?rest_route=%2Fwp%2Fv2%2Fmedia&parent=48012"}],"wp:term":[{"taxonomy":"pwb-brand","embeddable":true,"href":"https:\/\/www.autonvaraosahaku.fi\/index.php?rest_route=%2Fwp%2Fv2%2Fpwb-brand&post=48012"},{"taxonomy":"product_cat","embeddable":true,"href":"https:\/\/www.autonvaraosahaku.fi\/index.php?rest_route=%2Fwp%2Fv2%2Fproduct_cat&post=48012"},{"taxonomy":"product_tag","embeddable":true,"href":"https:\/\/www.autonvaraosahaku.fi\/index.php?rest_route=%2Fwp%2Fv2%2Fproduct_tag&post=48012"}],"curies":[{"name":"wp","href":"https:\/\/api.w.org\/{rel}","templated":true}]}}