{"id":48014,"date":"2021-02-21T17:19:35","date_gmt":"2021-02-21T17:19:35","guid":{"rendered":"https:\/\/www.autonvaraosahaku.fi\/?product=hella-8gp-002-067-241-lamput-hehkulamppu"},"modified":"2021-02-21T17:19:39","modified_gmt":"2021-02-21T17:19:39","slug":"hella-8gp-002-067-241-lamput-hehkulamppu","status":"publish","type":"product","link":"https:\/\/www.autonvaraosahaku.fi\/?product=hella-8gp-002-067-241-lamput-hehkulamppu","title":{"rendered":"HELLA 8GP 002 067-241 Lamput (hehkulamppu)"},"content":{"rendered":"<p>Lamppumalli: T4W; J\u00e4nnite (V): 24; Nimellisteho (W): 4; M\u00e4\u00e4r\u00e4: 10; Kantamalli: BA9s; Asennuspuoli: Edess\u00e4 ja takana; Pakkaustyyppi: Laatikko; Valmistusvuoteen: 10\/1995; VW: L 80; MERCEDES-BENZ: T1 Pritsche\/Fahrgestell 602,T2\/L Kasten\/Kombi,T2\/LN1 Kasten\/Kombi,VARIO Kasten\/Kombi,VARIO Pritsche\/Fahrgestell,T2\/L Pritsche\/Fahrgestell,T1\/TN Pritsche\/Fahrgestell,VARIO Kipper,T2\/LN1 Pritsche\/Fahrgestell,T1\/TN Kasten\/Kombi,T2\/L Kommunalfahrzeug,VARIO Bus,T2\/LN1 Kipper,T2\/L Kipper,T2\/LN1 Bus,VARIO Triebkopf,T2\/LN1 Triebkopf,ACTROS,ATEGO,CITARO (O 530),CITO (O 520),ECONIC,ECONIC 2,INTOURO,LK\/LN2,LP,MK,NG,O 302,O 303,O 309,O 340,O 407,O 408,SK,T2\/L,TRAVEGO (O 580),UNIMOG; VOLVO: 9700,FLC; IVECO: EUROCARGO I-III,EUROSTAR,EUROTECH MH,EUROTECH MP,EUROTECH MT,EUROTRAKKER,P\/PA-Haubenfahrzeuge,STRATOR,TECTOR,TURBOTECH; SCANIA: P,G,R,T &#8211; series; RENAULT TRUCKS: AGORA,MAGNUM,MANAGER,MAXTER,MIDLINER; NEOPLAN: Transliner; MULTICAR: M26; MAN: E2000,EL,EM,F2000,F9,F90,F90 Unterflur,G,G90,HOCL,L2000,LION\u00b4S CITY,LION\u00b4S COACH,LION\u00b4S COMFORT,LION\u00b4S STAR,M 2000 L,M 2000 M,M90,NG,NL,NM,SG,SL II,SM,TGA,TGL,\u00dcL; MAGIRUS-DEUTZ: D-Series; 1354877, 1528528, Y05700308, 3C4613D141AA, 0190250900, 28311004, 503134848, 81259010008, ZF259010063, 0050188, 14210320, 182025, 20007050631, 7050631, 967711, N0177173, N0177175<\/p>\n","protected":false},"excerpt":{"rendered":"<p>HELLA Polttimo, Vilkkuvalo HEAVY DUTY 8GP 002 067-241  VW,MERCEDES-BENZ,VOLVO,L 80,T1 Pritsche\/Fahrgestell 602,T2\/L Kasten\/Kombi,T2\/LN1 Kasten\/Kombi<\/p>\n","protected":false},"featured_media":0,"template":"","meta":{"site-sidebar-layout":"default","site-content-layout":"default","ast-global-header-display":"","ast-main-header-display":"","ast-hfb-above-header-display":"","ast-hfb-below-header-display":"","ast-hfb-mobile-header-display":"","site-post-title":"","ast-breadcrumbs-content":"","ast-featured-img":"","footer-sml-layout":"","theme-transparent-header-meta":"","adv-header-id-meta":"","stick-header-meta":"","header-above-stick-meta":"","header-main-stick-meta":"","header-below-stick-meta":""},"pwb-brand":[24],"product_cat":[151],"product_tag":[],"class_list":{"0":"post-48014","1":"product","2":"type-product","3":"status-publish","5":"pwb-brand-hella","6":"product_cat-lamput-hehkulamppu","7":"desktop-align-left","8":"tablet-align-left","9":"mobile-align-left","11":"first","12":"instock","13":"product-type-external"},"brands":[{"id":24,"name":"HELLA","slug":"hella"}],"_links":{"self":[{"href":"https:\/\/www.autonvaraosahaku.fi\/index.php?rest_route=\/wp\/v2\/product\/48014","targetHints":{"allow":["GET"]}}],"collection":[{"href":"https:\/\/www.autonvaraosahaku.fi\/index.php?rest_route=\/wp\/v2\/product"}],"about":[{"href":"https:\/\/www.autonvaraosahaku.fi\/index.php?rest_route=\/wp\/v2\/types\/product"}],"wp:attachment":[{"href":"https:\/\/www.autonvaraosahaku.fi\/index.php?rest_route=%2Fwp%2Fv2%2Fmedia&parent=48014"}],"wp:term":[{"taxonomy":"pwb-brand","embeddable":true,"href":"https:\/\/www.autonvaraosahaku.fi\/index.php?rest_route=%2Fwp%2Fv2%2Fpwb-brand&post=48014"},{"taxonomy":"product_cat","embeddable":true,"href":"https:\/\/www.autonvaraosahaku.fi\/index.php?rest_route=%2Fwp%2Fv2%2Fproduct_cat&post=48014"},{"taxonomy":"product_tag","embeddable":true,"href":"https:\/\/www.autonvaraosahaku.fi\/index.php?rest_route=%2Fwp%2Fv2%2Fproduct_tag&post=48014"}],"curies":[{"name":"wp","href":"https:\/\/api.w.org\/{rel}","templated":true}]}}