{"id":48022,"date":"2021-02-21T17:19:41","date_gmt":"2021-02-21T17:19:41","guid":{"rendered":"https:\/\/www.autonvaraosahaku.fi\/?product=ate-13-0470-4064-2-jarrupalat"},"modified":"2021-02-21T17:19:42","modified_gmt":"2021-02-21T17:19:42","slug":"ate-13-0470-4064-2-jarrupalat","status":"publish","type":"product","link":"https:\/\/www.autonvaraosahaku.fi\/?product=ate-13-0470-4064-2-jarrupalat","title":{"rendered":"ATE 13.0470-4064.2 Jarrupalat"},"content":{"rendered":"<p>Leveys (mm): 63,8; Korkeus (mm): 72,8; Paksuus [mm]: 15,3; Kulumisenilmaisimen liitos: Ei kulumisenilmaisimelle, Ilman kulumisenilmaisinta; Lis\u00e4tarvike\/lis\u00e4tieto: Tarvikkeilla; Jarruj\u00e4rjestelm\u00e4: ATE; Tarkistuskilpi: E1 90R-02A0258\/0367; MAPP-koodi saatavilla: ; Suositellun tarvikkeen tuotenumero: 13.0460-0229.2; Huomioi mitat: ; M\u00e4\u00e4r\u00e4yksikk\u00f6: Akselisarja; Tuotelinja: Ceramic; Tuning: 1; Valmistusvuoteen: 06\/1998; MERCEDES-BENZ: C-CLASS W203,C-CLASS W202,SLK R170,E-CLASS W210,C-CLASS Coupe CL203,SLK R171,CLK C208,CLK C209,C-CLASS Kombi S202,CLK Cabriolet A208,CLK Cabriolet A209,CLC-CLASS CL203; CHRYSLER: CROSSFIRE,CROSSFIRE Roadster; 05126300AA, 05139902AA, 5126300AA, 5139902AA, 0024207120, 0024207420, 0034202720, 0044201720, 0044209120, A0024207120, A0024207420, A0034202720, A0044201720, A0044209120; Jarrupalasarja,Jarrupala, Levyjarru<\/p>\n","protected":false},"excerpt":{"rendered":"<p>ATE Jarrupalat 13.0470-4064.2 Jarrupalasarja,Jarrupala, Levyjarru MERCEDES-BENZ,CHRYSLER,C-CLASS W203,C-CLASS W202,SLK R170,E-CLASS W210<\/p>\n","protected":false},"featured_media":0,"template":"","meta":{"site-sidebar-layout":"default","site-content-layout":"default","ast-global-header-display":"","ast-main-header-display":"","ast-hfb-above-header-display":"","ast-hfb-below-header-display":"","ast-hfb-mobile-header-display":"","site-post-title":"","ast-breadcrumbs-content":"","ast-featured-img":"","footer-sml-layout":"","theme-transparent-header-meta":"","adv-header-id-meta":"","stick-header-meta":"","header-above-stick-meta":"","header-main-stick-meta":"","header-below-stick-meta":""},"pwb-brand":[108],"product_cat":[100],"product_tag":[],"class_list":{"0":"post-48022","1":"product","2":"type-product","3":"status-publish","5":"pwb-brand-ate","6":"product_cat-jarrupalat","7":"desktop-align-left","8":"tablet-align-left","9":"mobile-align-left","11":"first","12":"instock","13":"product-type-external"},"brands":[{"id":108,"name":"ATE","slug":"ate"}],"_links":{"self":[{"href":"https:\/\/www.autonvaraosahaku.fi\/index.php?rest_route=\/wp\/v2\/product\/48022","targetHints":{"allow":["GET"]}}],"collection":[{"href":"https:\/\/www.autonvaraosahaku.fi\/index.php?rest_route=\/wp\/v2\/product"}],"about":[{"href":"https:\/\/www.autonvaraosahaku.fi\/index.php?rest_route=\/wp\/v2\/types\/product"}],"wp:attachment":[{"href":"https:\/\/www.autonvaraosahaku.fi\/index.php?rest_route=%2Fwp%2Fv2%2Fmedia&parent=48022"}],"wp:term":[{"taxonomy":"pwb-brand","embeddable":true,"href":"https:\/\/www.autonvaraosahaku.fi\/index.php?rest_route=%2Fwp%2Fv2%2Fpwb-brand&post=48022"},{"taxonomy":"product_cat","embeddable":true,"href":"https:\/\/www.autonvaraosahaku.fi\/index.php?rest_route=%2Fwp%2Fv2%2Fproduct_cat&post=48022"},{"taxonomy":"product_tag","embeddable":true,"href":"https:\/\/www.autonvaraosahaku.fi\/index.php?rest_route=%2Fwp%2Fv2%2Fproduct_tag&post=48022"}],"curies":[{"name":"wp","href":"https:\/\/api.w.org\/{rel}","templated":true}]}}