{"id":48027,"date":"2021-02-21T17:19:41","date_gmt":"2021-02-21T17:19:41","guid":{"rendered":"https:\/\/www.autonvaraosahaku.fi\/?product=elring-763-918-kampiakselin-tiiviste"},"modified":"2021-02-21T17:19:43","modified_gmt":"2021-02-21T17:19:43","slug":"elring-763-918-kampiakselin-tiiviste","status":"publish","type":"product","link":"https:\/\/www.autonvaraosahaku.fi\/?product=elring-763-918-kampiakselin-tiiviste","title":{"rendered":"ELRING 763.918 Kampiakselin tiiviste"},"content":{"rendered":"<p>Sis\u00e4l\u00e4pimitta [mm]: 38; Ulkol\u00e4pimitta [mm]: 50; Korkeus (mm): 8; Akselitiivisteen malli: AW\/BS; Rihlamalli: Oikea kierre; Materiaali: FPM (fluori-kumi); Suojavaippa: Suojakumilla; Asennuspuoli: stirnseitig; CHEVROLET: CRUZE J300,CRUZE Station Wagon J308,CRUZE Schr\u00e4gheck J305,TRAX; HONDA: JAZZ II GD,CIVIC VII Hatchback EU, EP, EV,FR-V BE,STREAM RN,CIVIC VII Coupe EM2,CIVIC VI Stufenheck EJ, EK,CIVIC VII Stufenheck ES; DAIHATSU: TERIOS J1,HIJET Kasten S85,FEROZA Soft Top F300,SPORTRAK F300,GRAN MOVE G3,FOURTRAK F7, F8,CHARADE IV G200, G202,CHARADE III G100, G101, G102,APPLAUSE II A101,APPLAUSE I A101, A111,HIJET Bus S85,CHARADE IV Stufenheck G203,HIJET Pick-up,CHARADE III Stufenheck G102; SAAB: 9-5 Kombi YS3E,9-5 YS3E,9000 Schr\u00e4gheck,900 II Cabriolet,900 II,9000,900 II Coupe; OPEL: CORSA D,CORSA C F08, F68,ZAFIRA B A05,ASTRA H Caravan L35,MERIVA,ASTRA G CC F48_, F08_,ASTRA H L48,ASTRA J Sports Tourer,ASTRA G Caravan F35_,VECTRA C Caravan,ASTRA J,ASTRA H GTC L08,MERIVA B,SIGNUM,VECTRA C,VECTRA B 36_,ASTRA F CC 53_, 54_, 58_, 59_,OMEGA B Caravan 21_, 22_, 23_,MOKKA,OMEGA B 25_, 26_, 27_,VECTRA C GTS,VECTRA B Caravan 31_,ASTRA F Caravan 51_, 52_,COMBO Kasten\/Kombi,ASTRA G Stufenheck F69_,ZAFIRA B Van,CALIBRA A 85_,ASTRA GTC J,VECTRA B CC 38_,COMBO Tour,VECTRA A 86_, 87_,ASTRA J Stufenheck,KADETT E CC 33_, 34_, 43_, 44_,SINTRA,CORSA D Van,CORSA C Kasten F08, W5L,ASTRA H Stufenheck L69,VECTRA A CC 88_, 89_,KADETT E Cabriolet 43B_,ASTRA H Kasten L70,CORSA C Utility Pick-up,ASTRA G Kasten F70,CORSA B Utility Pick-up,ASTRA G CLASSIC Caravan F35,ASTRA CLASSIC Caravan,ASTRA G CLASSIC T98,ASTRA CLASSIC L48,ASTRA CLASSIC Stufenheck; CATERHAM: SEVEN CF; CADILLAC: CTS GMX320; PIAGGIO: PORTER Pritsche\/Fahrgestell,PORTER Kasten; VAUXHALL: CORSA Mk III D L_8,CALIBRA,ZAFIRA Mk II B M75,ASTRA Mk V H CC,VECTRA Mk II C CC,CORSA Mk II C W5L, F08,ASTRA Mk V H Estate,VECTRA Mk II C Estate,ASTRA Mk IV G CC,ASTRA Mk VI J CC,VECTRA Mk II C,ASTRA Mk VI J,ASTRA Mk III F CC,CORSAVAN Mk II C,ASTRA Mk IV G Sedan,MERIVA Mk I A,SIGNUM,OMEGA B,ASTRA Mk II CC,MERIVA Mk II B,VECTRA B CC,CAVALIER Mk III 87,ASTRA Mk VI J Sedan,ASTRA Mk VI J Estate,VECTRA B Estate,VECTRA B,MOKKA,ASTRAVAN Mk IV G,ASTRAVAN Mk V H,CAVALIER Mk III CC,OMEGA B Estate,COMBO TOUR Mk II C F25,COMBO Mk II C Kasten\/Kombi F25,ASTRA Mk IV G Estate; 9004311210000, 9004311229000, 91214PLZD00, 646269, 646271, 90298205, 90322669, 90322669, 9004311230; Akselitiiviste, Kampiakseli<\/p>\n","protected":false},"excerpt":{"rendered":"<p>ELRING Kampiakselin Tiiviste 763.918 Akselitiiviste, Kampiakseli CHEVROLET,HONDA,DAIHATSU,CRUZE J300,CRUZE Station Wagon J308,CRUZE Schr\u00e4gheck J305<\/p>\n","protected":false},"featured_media":0,"template":"","meta":{"site-sidebar-layout":"default","site-content-layout":"default","ast-global-header-display":"","ast-main-header-display":"","ast-hfb-above-header-display":"","ast-hfb-below-header-display":"","ast-hfb-mobile-header-display":"","site-post-title":"","ast-breadcrumbs-content":"","ast-featured-img":"","footer-sml-layout":"","theme-transparent-header-meta":"","adv-header-id-meta":"","stick-header-meta":"","header-above-stick-meta":"","header-main-stick-meta":"","header-below-stick-meta":""},"pwb-brand":[26],"product_cat":[88],"product_tag":[],"class_list":{"0":"post-48027","1":"product","2":"type-product","3":"status-publish","5":"pwb-brand-elring","6":"product_cat-kampiakselin-tiiviste","7":"desktop-align-left","8":"tablet-align-left","9":"mobile-align-left","11":"first","12":"instock","13":"product-type-external"},"brands":[{"id":26,"name":"ELRING","slug":"elring"}],"_links":{"self":[{"href":"https:\/\/www.autonvaraosahaku.fi\/index.php?rest_route=\/wp\/v2\/product\/48027","targetHints":{"allow":["GET"]}}],"collection":[{"href":"https:\/\/www.autonvaraosahaku.fi\/index.php?rest_route=\/wp\/v2\/product"}],"about":[{"href":"https:\/\/www.autonvaraosahaku.fi\/index.php?rest_route=\/wp\/v2\/types\/product"}],"wp:attachment":[{"href":"https:\/\/www.autonvaraosahaku.fi\/index.php?rest_route=%2Fwp%2Fv2%2Fmedia&parent=48027"}],"wp:term":[{"taxonomy":"pwb-brand","embeddable":true,"href":"https:\/\/www.autonvaraosahaku.fi\/index.php?rest_route=%2Fwp%2Fv2%2Fpwb-brand&post=48027"},{"taxonomy":"product_cat","embeddable":true,"href":"https:\/\/www.autonvaraosahaku.fi\/index.php?rest_route=%2Fwp%2Fv2%2Fproduct_cat&post=48027"},{"taxonomy":"product_tag","embeddable":true,"href":"https:\/\/www.autonvaraosahaku.fi\/index.php?rest_route=%2Fwp%2Fv2%2Fproduct_tag&post=48027"}],"curies":[{"name":"wp","href":"https:\/\/api.w.org\/{rel}","templated":true}]}}