{"id":48030,"date":"2021-02-21T17:19:41","date_gmt":"2021-02-21T17:19:41","guid":{"rendered":"https:\/\/www.autonvaraosahaku.fi\/?product=abe-c4w000abe-jarrulevyt"},"modified":"2021-02-21T17:19:44","modified_gmt":"2021-02-21T17:19:44","slug":"abe-c4w000abe-jarrulevyt","status":"publish","type":"product","link":"https:\/\/www.autonvaraosahaku.fi\/?product=abe-c4w000abe-jarrulevyt","title":{"rendered":"ABE C4W000ABE Jarrulevyt"},"content":{"rendered":"<p>Vanne, aukkoja: 5; Paksuus [mm]: 9; L\u00e4pimitta [mm]: 232; Korkeus (mm): 39,3; Jarrulevytyyppi: Vakiomalli; Jarrulevyn paksuus (mm): 9; V\u00e4himm\u00e4ispaksuus (mm): 7; Reikien m\u00e4\u00e4r\u00e4: 5; keskitt\u00e4misl\u00e4pimitta [mm]: 65; Kulumisenilmaisimen liitos: Sis. kulumisenilmaisimen, kulumisvaroitinkoskettimella; Korvaava tuote\/korvaava tiedote 2: Ruuveilla; Asennuspuoli: Taka-akseli; Ulkol\u00e4pimitta [mm]: 232; Jarru- \/ ajo-ominaisuus: f\u00fcr ABS; VW: GOLF IV 1J1,GOLF V 1K1,POLO 9N_,POLO 6R, 6C,GOLF IV Variant 1J5,BORA 1J2,NEW BEETLE 9C1, 1C1,BORA Kombi 1J6,NEW BEETLE Cabriolet 1Y7,JETTA III 1K2,POLO Stufenheck 9A4,POLO Van 6R,POLO AW1, BZ1; AUDI: A3 8L1,A2 8Z0,TT 8N3,A1 8X1, 8XF,TT Roadster 8N9,A1 Sportback 8XA, 8XK; SKODA: FABIA Combi 6Y5,FABIA,FABIA 6Y2,OCTAVIA Combi 1U5,FABIA Combi,ROOMSTER 5J,OCTAVIA 1U2,RAPID Spaceback NH1,FABIA Stufenheck 6Y3,ROOMSTER Praktik 5J,RAPID NH3,FABIA NJ3,FABIA Kombi NJ5; SEAT: IBIZA IV 6L1,IBIZA V 6J5, 6P5,LEON 1M1,IBIZA V ST 6J8, 6P8,TOLEDO II 1M2,IBIZA V SPORTCOUPE 6J1, 6P1,CORDOBA 6L2,TOLEDO IV KG3,IBIZA V KJ1,ARONA KJ7; JAGUAR: S-TYPE CCX; 08716514, 1J0615301, 1J0615601, 1J0615601C, 1J0615301, 1J0615601, 1J0615601C, 1J0615301, 1J0615601, 1J0615601C, 1J0615301, 1J0615601, 1J0615601C; Jarrulevy<\/p>\n","protected":false},"excerpt":{"rendered":"<p>ABE Jarrulevyt C4W000ABE Jarrulevy VW,AUDI,SKODA,GOLF IV 1J1,GOLF V 1K1,POLO 9N_,POLO 6R, 6C,GOLF IV Variant 1J5,BORA 1J2,NEW BEETLE 9C1, 1C1<\/p>\n","protected":false},"featured_media":0,"template":"","meta":{"site-sidebar-layout":"default","site-content-layout":"default","ast-global-header-display":"","ast-main-header-display":"","ast-hfb-above-header-display":"","ast-hfb-below-header-display":"","ast-hfb-mobile-header-display":"","site-post-title":"","ast-breadcrumbs-content":"","ast-featured-img":"","footer-sml-layout":"","theme-transparent-header-meta":"","adv-header-id-meta":"","stick-header-meta":"","header-above-stick-meta":"","header-main-stick-meta":"","header-below-stick-meta":""},"pwb-brand":[432],"product_cat":[66],"product_tag":[],"class_list":{"0":"post-48030","1":"product","2":"type-product","3":"status-publish","5":"pwb-brand-abe","6":"product_cat-jarrulevyt","7":"desktop-align-left","8":"tablet-align-left","9":"mobile-align-left","11":"first","12":"instock","13":"product-type-external"},"brands":[{"id":432,"name":"ABE","slug":"abe"}],"_links":{"self":[{"href":"https:\/\/www.autonvaraosahaku.fi\/index.php?rest_route=\/wp\/v2\/product\/48030","targetHints":{"allow":["GET"]}}],"collection":[{"href":"https:\/\/www.autonvaraosahaku.fi\/index.php?rest_route=\/wp\/v2\/product"}],"about":[{"href":"https:\/\/www.autonvaraosahaku.fi\/index.php?rest_route=\/wp\/v2\/types\/product"}],"wp:attachment":[{"href":"https:\/\/www.autonvaraosahaku.fi\/index.php?rest_route=%2Fwp%2Fv2%2Fmedia&parent=48030"}],"wp:term":[{"taxonomy":"pwb-brand","embeddable":true,"href":"https:\/\/www.autonvaraosahaku.fi\/index.php?rest_route=%2Fwp%2Fv2%2Fpwb-brand&post=48030"},{"taxonomy":"product_cat","embeddable":true,"href":"https:\/\/www.autonvaraosahaku.fi\/index.php?rest_route=%2Fwp%2Fv2%2Fproduct_cat&post=48030"},{"taxonomy":"product_tag","embeddable":true,"href":"https:\/\/www.autonvaraosahaku.fi\/index.php?rest_route=%2Fwp%2Fv2%2Fproduct_tag&post=48030"}],"curies":[{"name":"wp","href":"https:\/\/api.w.org\/{rel}","templated":true}]}}