{"id":48066,"date":"2021-02-21T17:19:52","date_gmt":"2021-02-21T17:19:52","guid":{"rendered":"https:\/\/www.autonvaraosahaku.fi\/?product=febi-bilstein-03964-pyoranpultit"},"modified":"2021-02-21T17:19:54","modified_gmt":"2021-02-21T17:19:54","slug":"febi-bilstein-03964-pyoranpultit","status":"publish","type":"product","link":"https:\/\/www.autonvaraosahaku.fi\/?product=febi-bilstein-03964-pyoranpultit","title":{"rendered":"FEBI BILSTEIN 03964 Py\u00f6r\u00e4npultit"},"content":{"rendered":"<p>Paksuus [mm]: 21,0; Ulkol\u00e4pimitta [mm]: 33,0; Sis\u00e4kierre (mm): M20 x 1,5; Laatu \/ luokka: 10; Avainv\u00e4li: 27; Ruuvikanta\/mutteriprofiili: Kuusioruuvi \/-mutteri; Pultti\/mutteri malli: Uppokanta; Py\u00f6r\u00e4n kiinnitys: Sile\u00e4 istukka; DIN \/ ISO: 74361; Materiaali: Ter\u00e4s; Pinta: Fosfatoitu; Asennuspuoli: Etuakseli, Taka-akseli; Paino [kg]: 0,064; Huomioi huolto-ohjeet: , ; MAN: EL,EM,F2000,F90,F90 Unterflur,G,G90,L2000,LION\u00b4S COACH,LION\u00b4S COMFORT,LION\u00b4S STAR,M 2000 L,M 2000 M,M90,NG,NL,NM,N\u00dc,R,SD,SG,SL,SL II,SM,SR,S\u00dc,TGA,\u00dcL; 0001121798, 001121798, 01121798, 1121798, 06112220215, 81455030000, 074361020204, 074361020205, A074361020204, A074361020205; Py\u00f6r\u00e4n Mutteri<\/p>\n","protected":false},"excerpt":{"rendered":"<p>FEBI BILSTEIN Py\u00f6r\u00e4nmutterit 03964 Py\u00f6r\u00e4n Mutteri MAN,EL,EM,F2000,F90,F90 Unterflur,G,G90,L2000,LION\u00b4S COACH,LION\u00b4S COMFORT,LION\u00b4S STAR,M 2000 L<\/p>\n","protected":false},"featured_media":0,"template":"","meta":{"site-sidebar-layout":"default","site-content-layout":"default","ast-global-header-display":"","ast-main-header-display":"","ast-hfb-above-header-display":"","ast-hfb-below-header-display":"","ast-hfb-mobile-header-display":"","site-post-title":"","ast-breadcrumbs-content":"","ast-featured-img":"","footer-sml-layout":"","theme-transparent-header-meta":"","adv-header-id-meta":"","stick-header-meta":"","header-above-stick-meta":"","header-main-stick-meta":"","header-below-stick-meta":""},"pwb-brand":[50],"product_cat":[51],"product_tag":[],"class_list":{"0":"post-48066","1":"product","2":"type-product","3":"status-publish","5":"pwb-brand-febi-bilstein","6":"product_cat-pyoranpultit","7":"desktop-align-left","8":"tablet-align-left","9":"mobile-align-left","11":"first","12":"instock","13":"product-type-external"},"brands":[{"id":50,"name":"FEBI BILSTEIN","slug":"febi-bilstein"}],"_links":{"self":[{"href":"https:\/\/www.autonvaraosahaku.fi\/index.php?rest_route=\/wp\/v2\/product\/48066","targetHints":{"allow":["GET"]}}],"collection":[{"href":"https:\/\/www.autonvaraosahaku.fi\/index.php?rest_route=\/wp\/v2\/product"}],"about":[{"href":"https:\/\/www.autonvaraosahaku.fi\/index.php?rest_route=\/wp\/v2\/types\/product"}],"wp:attachment":[{"href":"https:\/\/www.autonvaraosahaku.fi\/index.php?rest_route=%2Fwp%2Fv2%2Fmedia&parent=48066"}],"wp:term":[{"taxonomy":"pwb-brand","embeddable":true,"href":"https:\/\/www.autonvaraosahaku.fi\/index.php?rest_route=%2Fwp%2Fv2%2Fpwb-brand&post=48066"},{"taxonomy":"product_cat","embeddable":true,"href":"https:\/\/www.autonvaraosahaku.fi\/index.php?rest_route=%2Fwp%2Fv2%2Fproduct_cat&post=48066"},{"taxonomy":"product_tag","embeddable":true,"href":"https:\/\/www.autonvaraosahaku.fi\/index.php?rest_route=%2Fwp%2Fv2%2Fproduct_tag&post=48066"}],"curies":[{"name":"wp","href":"https:\/\/api.w.org\/{rel}","templated":true}]}}