{"id":48083,"date":"2021-02-21T17:19:57","date_gmt":"2021-02-21T17:19:57","guid":{"rendered":"https:\/\/www.autonvaraosahaku.fi\/?product=febi-bilstein-26828-pyoranpultit"},"modified":"2021-02-21T17:19:58","modified_gmt":"2021-02-21T17:19:58","slug":"febi-bilstein-26828-pyoranpultit","status":"publish","type":"product","link":"https:\/\/www.autonvaraosahaku.fi\/?product=febi-bilstein-26828-pyoranpultit","title":{"rendered":"FEBI BILSTEIN 26828 Py\u00f6r\u00e4npultit"},"content":{"rendered":"<p>Paksuus [mm]: 24,25; Ulkol\u00e4pimitta [mm]: 39,75; Sis\u00e4kierre (mm): M18 x 1,5; Laatu \/ luokka: 10; Avainv\u00e4li: 27; Ruuvikanta\/mutteriprofiili: Kuusioruuvi \/-mutteri; Py\u00f6r\u00e4n kiinnitys: Sile\u00e4 istukka; DIN \/ ISO: 74361; Materiaali: Ter\u00e4s; Pinta: Geomet\u00aerisoitu; Asennuspuoli: etuakseli molemminpuoleinen, Taka-akseli, molemminpuolinen; Paino [kg]: 0,09; Huomioi huolto-ohjeet: , ; Moottorinumero: DXI; MERCEDES-BENZ: ACTROS MP2 \/ MP3,ATEGO,ATEGO 2,AXOR,AXOR 2; RENAULT TRUCKS: MASCOTT Pritsche\/Fahrgestell,MASCOTT Kasten\/Kombi,MIDLINER; MAN: TGL,TGS,TGX; 81455030047, 81455030062, 0009905053, A0009905053, 5010262936, 5010262936; Py\u00f6r\u00e4n Mutteri<\/p>\n","protected":false},"excerpt":{"rendered":"<p>FEBI BILSTEIN Py\u00f6r\u00e4nmutterit 26828 Py\u00f6r\u00e4n Mutteri MERCEDES-BENZ,RENAULT TRUCKS,MAN,ACTROS MP2 \/ MP3,ATEGO,ATEGO 2,AXOR,AXOR 2<\/p>\n","protected":false},"featured_media":0,"template":"","meta":{"site-sidebar-layout":"default","site-content-layout":"default","ast-global-header-display":"","ast-main-header-display":"","ast-hfb-above-header-display":"","ast-hfb-below-header-display":"","ast-hfb-mobile-header-display":"","site-post-title":"","ast-breadcrumbs-content":"","ast-featured-img":"","footer-sml-layout":"","theme-transparent-header-meta":"","adv-header-id-meta":"","stick-header-meta":"","header-above-stick-meta":"","header-main-stick-meta":"","header-below-stick-meta":""},"pwb-brand":[50],"product_cat":[51],"product_tag":[],"class_list":{"0":"post-48083","1":"product","2":"type-product","3":"status-publish","5":"pwb-brand-febi-bilstein","6":"product_cat-pyoranpultit","7":"desktop-align-left","8":"tablet-align-left","9":"mobile-align-left","11":"first","12":"instock","13":"product-type-external"},"brands":[{"id":50,"name":"FEBI BILSTEIN","slug":"febi-bilstein"}],"_links":{"self":[{"href":"https:\/\/www.autonvaraosahaku.fi\/index.php?rest_route=\/wp\/v2\/product\/48083","targetHints":{"allow":["GET"]}}],"collection":[{"href":"https:\/\/www.autonvaraosahaku.fi\/index.php?rest_route=\/wp\/v2\/product"}],"about":[{"href":"https:\/\/www.autonvaraosahaku.fi\/index.php?rest_route=\/wp\/v2\/types\/product"}],"wp:attachment":[{"href":"https:\/\/www.autonvaraosahaku.fi\/index.php?rest_route=%2Fwp%2Fv2%2Fmedia&parent=48083"}],"wp:term":[{"taxonomy":"pwb-brand","embeddable":true,"href":"https:\/\/www.autonvaraosahaku.fi\/index.php?rest_route=%2Fwp%2Fv2%2Fpwb-brand&post=48083"},{"taxonomy":"product_cat","embeddable":true,"href":"https:\/\/www.autonvaraosahaku.fi\/index.php?rest_route=%2Fwp%2Fv2%2Fproduct_cat&post=48083"},{"taxonomy":"product_tag","embeddable":true,"href":"https:\/\/www.autonvaraosahaku.fi\/index.php?rest_route=%2Fwp%2Fv2%2Fproduct_tag&post=48083"}],"curies":[{"name":"wp","href":"https:\/\/api.w.org\/{rel}","templated":true}]}}